{"id":740,"date":"2022-11-07T11:23:04","date_gmt":"2022-11-07T10:23:04","guid":{"rendered":"https:\/\/b2b.travall.com\/de-eu\/travall-sillguards\/"},"modified":"2023-01-25T15:12:28","modified_gmt":"2023-01-25T14:12:28","slug":"travall-sillguards","status":"publish","type":"page","link":"https:\/\/b2b.travall.com\/de-eu\/travall-sillguards\/","title":{"rendered":"Travall Sillguards"},"content":{"rendered":"<div id=\"cs-content\" class=\"cs-content\"><div class=\"x-section e740-1 mkk-0 mkk-1 mkk-2\"><div class=\"x-bg\" aria-hidden=\"true\" style=\"border-radius: 0px 0px 0px 0px;\"><div class=\"x-bg-layer-lower-image\" style=\" background-image: url(https:\/\/b2b.travall.com\/de-eu\/wp-content\/uploads\/2020\/01\/TravallSillguardsBanner.jpg); background-repeat: no-repeat; background-position: center; background-size: cover;\"><\/div><div class=\"x-bg-layer-upper-color\" style=\" background-color: rgba(0, 0, 0, 0.4);\"><\/div><\/div><div class=\"x-row x-container max width e740-2 mkk-b mkk-c mkk-d\"><div class=\"x-row-inner\"><div class=\"x-col e740-3 mkk-i mkk-j\"><div class=\"x-text x-text-headline e740-4 mkk-m mkk-n\"><div class=\"x-text-content\"><div class=\"x-text-content-text\"><h1 class=\"x-text-content-text-primary\">PRODUKTE<\/h1><\/div><\/div><\/div><\/div><\/div><\/div><\/div><div class=\"x-section e740-5 mkk-0 mkk-2 mkk-3 mkk-4\"><div class=\"x-row x-container max width e740-6 mkk-b mkk-c mkk-d\"><div class=\"x-row-inner\"><div class=\"x-col e740-7 mkk-i mkk-j mkk-k\"><div class=\"x-text x-text-headline has-graphic e740-8 mkk-n mkk-o\"><div class=\"x-text-content\"><span class=\"x-graphic\" aria-hidden=\"true\"><span class=\"x-image x-graphic-child x-graphic-image x-graphic-primary\"><img src=\"https:\/\/b2b.travall.com\/de-eu\/wp-content\/uploads\/2020\/01\/Tick_clear-2.png\" width=\"101\" height=\"100\" alt=\"Image\" loading=\"lazy\"><\/span><\/span><div class=\"x-text-content-text\"><h3 class=\"x-text-content-text-primary\">Travall SillGuards<\/h3><\/div><\/div><\/div><div class=\"x-text e740-9 mkk-p mkk-q\">Da Ihr Fahrzeug Sie als Fahrer (und bei Flottenfahrzeugen Ihr Unternehmen) widerspiegelt, ist es wichtig, den guten Zustand jedes Autos so lange wie m\u00f6glich zu bewahren. Ausfallzeiten f\u00fcr Lack- oder Karosseriereparaturen k\u00f6nnen \u00e4rgerlich und kostspielig sein. Hier kommen die Travall SillGuards Einstiegsleisten ins Spiel: Die Edelstahlleisten lassen sich in wenigen Minuten nachr\u00fcsten und bieten verl\u00e4sslichen Schutz f\u00fcr den Lack in den T\u00fcrbereichen. Und weil die SillGuards aus etwas st\u00e4rkerem Material gefertigt werden als herk\u00f6mmliche Einstiegsleisten, bewahren sie die Einstiegsbereich auch vor Dellen, damit Ihre Firmenwagen langfristig gut ausschauen.<\/div><a class=\"x-anchor x-anchor-button has-particle e740-10 mkk-s\" tabindex=\"0\" href=\"mailto:info@travall.com\"><div class=\"x-anchor-content\"><div class=\"x-anchor-text\"><span class=\"x-anchor-text-primary\">Haben Sie Fragen?<\/span><\/div><\/div><span class=\"x-particle is-primary\" data-x-particle=\"scale-x inside-c_l\" aria-hidden=\"true\"><span style=\"transform: skew(-30deg, 0) scale(1.3);\n\"><\/span><\/span><\/a><\/div><\/div><\/div><\/div><div class=\"x-section e740-11 mkk-0 mkk-5\"><div class=\"x-row x-container max width e740-12 mkk-b mkk-e mkk-f\"><div class=\"x-row-inner\"><div class=\"x-col e740-13 mkk-j mkk-l\"><div class=\"x-row e740-14 mkk-b mkk-e mkk-g\"><div class=\"x-row-inner\"><div class=\"x-col e740-15 mkk-j mkk-l\"><div class=\"x-div e740-16 mkk-t\"><div class=\"x-div e740-17 mkk-t\"><div class=\"x-slide-container-viewport is-loading e740-18 mkk-u\" data-x-slide-container=\"{&quot;snap&quot;:true,&quot;scrollBySlide&quot;:true,&quot;wrapAround&quot;:true,&quot;autoplay&quot;:&quot;interval&quot;}\"><div class=\"x-slide-container-content x-container max width\"><div class=\"x-slide-container is-inline is-paged\"><div class=\"x-slide e740-19 mkk-v\" data-x-slide=\"\"><span class=\"x-image e740-20 mkk-w\"><img src=\"https:\/\/b2b.travall.com\/de-eu\/wp-content\/uploads\/2020\/01\/TravallSillguards.jpeg\" alt=\"Image\" loading=\"lazy\"><\/span><\/div><div class=\"x-slide e740-21 mkk-v\" data-x-slide=\"\"><span class=\"x-image e740-22 mkk-w\"><img src=\"https:\/\/b2b.travall.com\/de-eu\/wp-content\/uploads\/2020\/01\/TSG-01.jpg\" alt=\"Image\" loading=\"lazy\"><\/span><\/div><div class=\"x-slide e740-23 mkk-v\" data-x-slide=\"\"><span class=\"x-image e740-24 mkk-w\"><img src=\"https:\/\/b2b.travall.com\/de-eu\/wp-content\/uploads\/2020\/01\/TSG1025M.jpg\" alt=\"Image\" loading=\"lazy\"><\/span><\/div><div class=\"x-slide e740-25 mkk-v\" data-x-slide=\"\"><span class=\"x-image e740-26 mkk-w\"><img src=\"https:\/\/b2b.travall.com\/de-eu\/wp-content\/uploads\/2020\/01\/TSG1046M.jpg\" alt=\"Image\" loading=\"lazy\"><\/span><\/div><div class=\"x-slide e740-27 mkk-v\" data-x-slide=\"\"><span class=\"x-image e740-28 mkk-w\"><img src=\"https:\/\/b2b.travall.com\/de-eu\/wp-content\/uploads\/2020\/01\/TSG-STUDIO-02.jpg\" alt=\"Image\" loading=\"lazy\"><\/span><\/div><div class=\"x-slide e740-29 mkk-v\" data-x-slide=\"\"><span class=\"x-image e740-30 mkk-w\"><img src=\"https:\/\/b2b.travall.com\/de-eu\/wp-content\/uploads\/2020\/01\/TSG-STUDIO.jpg\" alt=\"Image\" loading=\"lazy\"><\/span><\/div><\/div><\/div><\/div><\/div><\/div><\/div><div class=\"x-col e740-31 mkk-j mkk-l\"><div class=\"x-row e740-32 mkk-b mkk-c mkk-h mkk-8 mkk-9\" data-x-effect-provider=\"colors particles effects\" data-x-effect=\"{&quot;durationBase&quot;:&quot;300ms&quot;}\"><div class=\"x-row-inner\"><div class=\"x-col e740-33 mkk-j mkk-l\"><i class=\"x-icon e740-34 mkk-x mkk-8 mkk-a\" aria-hidden=\"true\" data-x-icon-o=\"&#xf00c;\" data-x-effect=\"{&quot;durationBase&quot;:&quot;300ms&quot;}\"><\/i><\/div><div class=\"x-col e740-35 mkk-j mkk-l\"><div class=\"x-text e740-36 mkk-q mkk-r\">ganz einfach nachzur\u00fcsten<\/div><\/div><\/div><\/div><div class=\"x-row e740-37 mkk-b mkk-c mkk-h mkk-8 mkk-9\" data-x-effect-provider=\"colors particles effects\" data-x-effect=\"{&quot;durationBase&quot;:&quot;300ms&quot;}\"><div class=\"x-row-inner\"><div class=\"x-col e740-38 mkk-j mkk-l\"><i class=\"x-icon e740-39 mkk-x mkk-8 mkk-a\" aria-hidden=\"true\" data-x-icon-o=\"&#xf00c;\" data-x-effect=\"{&quot;durationBase&quot;:&quot;300ms&quot;}\"><\/i><\/div><div class=\"x-col e740-40 mkk-j mkk-l\"><div class=\"x-text e740-41 mkk-q mkk-r\">nach Ma\u00df f\u00fcr verschiedenste Fahrzeugmodelle gefertigt<\/div><\/div><\/div><\/div><div class=\"x-row e740-42 mkk-b mkk-c mkk-h mkk-8 mkk-9\" data-x-effect-provider=\"colors particles effects\" data-x-effect=\"{&quot;durationBase&quot;:&quot;300ms&quot;}\"><div class=\"x-row-inner\"><div class=\"x-col e740-43 mkk-j mkk-l\"><i class=\"x-icon e740-44 mkk-x mkk-8 mkk-a\" aria-hidden=\"true\" data-x-icon-o=\"&#xf00c;\" data-x-effect=\"{&quot;durationBase&quot;:&quot;300ms&quot;}\"><\/i><\/div><div class=\"x-col e740-45 mkk-j mkk-l\"><div class=\"x-text e740-46 mkk-q mkk-r\">robuster Edelstahl, der auch vor Dellen sch\u00fctzt<\/div><\/div><\/div><\/div><div class=\"x-row e740-47 mkk-b mkk-c mkk-h mkk-8 mkk-9\" data-x-effect-provider=\"colors particles effects\" data-x-effect=\"{&quot;durationBase&quot;:&quot;300ms&quot;}\"><div class=\"x-row-inner\"><div class=\"x-col e740-48 mkk-j mkk-l\"><i class=\"x-icon e740-49 mkk-x mkk-8 mkk-a\" aria-hidden=\"true\" data-x-icon-o=\"&#xf00c;\" data-x-effect=\"{&quot;durationBase&quot;:&quot;300ms&quot;}\"><\/i><\/div><div class=\"x-col e740-50 mkk-j mkk-l\"><div class=\"x-text e740-51 mkk-q mkk-r\">reduzieren Abnutzungsspuren in Firmenwagen<\/div><\/div><\/div><\/div><div class=\"x-row e740-52 mkk-b mkk-c mkk-h mkk-8 mkk-9\" data-x-effect-provider=\"colors particles effects\" data-x-effect=\"{&quot;durationBase&quot;:&quot;300ms&quot;}\"><div class=\"x-row-inner\"><div class=\"x-col e740-53 mkk-j mkk-l\"><i class=\"x-icon e740-54 mkk-x mkk-8 mkk-a\" aria-hidden=\"true\" data-x-icon-o=\"&#xf00c;\" data-x-effect=\"{&quot;durationBase&quot;:&quot;300ms&quot;}\"><\/i><\/div><div class=\"x-col e740-55 mkk-j mkk-l\"><div class=\"x-text e740-56 mkk-q mkk-r\">sprechen ein breites Kundenspektrum an<\/div><\/div><\/div><\/div><div class=\"x-row e740-57 mkk-b mkk-c mkk-h mkk-8 mkk-9\" data-x-effect-provider=\"colors particles effects\" data-x-effect=\"{&quot;durationBase&quot;:&quot;300ms&quot;}\"><div class=\"x-row-inner\"><div class=\"x-col e740-58 mkk-j mkk-l\"><i class=\"x-icon e740-59 mkk-x mkk-8 mkk-a\" aria-hidden=\"true\" data-x-icon-o=\"&#xf00c;\" data-x-effect=\"{&quot;durationBase&quot;:&quot;300ms&quot;}\"><\/i><\/div><div class=\"x-col e740-60 mkk-j mkk-l\"><div class=\"x-text e740-61 mkk-q mkk-r\">verdecken bereits bestehende Makel in den T\u00fcrbereichen<\/div><\/div><\/div><\/div><div class=\"x-row e740-62 mkk-b mkk-c mkk-h mkk-8 mkk-9\" data-x-effect-provider=\"colors particles effects\" data-x-effect=\"{&quot;durationBase&quot;:&quot;300ms&quot;}\"><div class=\"x-row-inner\"><div class=\"x-col e740-63 mkk-j mkk-l\"><i class=\"x-icon e740-64 mkk-x mkk-8 mkk-a\" aria-hidden=\"true\" data-x-icon-o=\"&#xf00c;\" data-x-effect=\"{&quot;durationBase&quot;:&quot;300ms&quot;}\"><\/i><\/div><div class=\"x-col e740-65 mkk-j mkk-l\"><div class=\"x-text e740-66 mkk-q mkk-r\">sch\u00fctzen Fahrzeuge vor Sch\u00e4den durch Schuhe und Ladung.<\/div><\/div><\/div><\/div><div class=\"x-text e740-67 mkk-p mkk-q\">Sprechen Sie mit uns, um mehr \u00fcber die Travall SillGuards zu erfahren.<\/div><\/div><\/div><\/div><\/div><\/div><\/div><\/div><div class=\"x-section e740-68 mkk-0 mkk-2 mkk-6 mkk-7\"><div class=\"cs-content x-global-block x-global-block-716 e740-69\"><div class=\"x-section e716-1 mjw-0\"><div class=\"x-row x-container max width e716-2 mjw-1\"><div class=\"x-row-inner\"><div class=\"x-col e716-3 mjw-2\"><a class=\"x-anchor x-anchor-button has-graphic e716-4 mjw-3 mjw-4\" tabindex=\"0\" href=\"tel:+49%20(0)%202821%20748%203080\"><div class=\"x-anchor-content\"><span class=\"x-graphic\" aria-hidden=\"true\"><i class=\"x-icon x-graphic-child x-graphic-icon x-graphic-primary\" aria-hidden=\"true\" data-x-icon-s=\"&#xf879;\"><\/i><\/span><div class=\"x-anchor-text\"><span class=\"x-anchor-text-primary\">Kontakt<\/span><span class=\"x-anchor-text-secondary\">+49 (0) 2821 748 3080<\/span><\/div><\/div><\/a><\/div><div class=\"x-col e716-5 mjw-2\"><a class=\"x-anchor x-anchor-button has-graphic e716-6 mjw-3 mjw-5\" tabindex=\"0\" href=\"mailto:info@travall.com\"><div class=\"x-anchor-content\"><span class=\"x-graphic\" aria-hidden=\"true\"><i class=\"x-icon x-graphic-child x-graphic-icon x-graphic-primary\" aria-hidden=\"true\" data-x-icon-s=\"&#xf406;\"><\/i><\/span><div class=\"x-anchor-text\"><span class=\"x-anchor-text-primary\">H\u00e4ndleranfragen<\/span><span class=\"x-anchor-text-secondary\">info@travall.com<\/span><\/div><\/div><\/a><\/div><\/div><\/div><\/div><\/div><\/div><div class=\"x-section e740-70 mkk-0 mkk-2 mkk-4 mkk-6\"><div class=\"cs-content x-global-block x-global-block-717 e740-71\"><div class=\"x-section e717-1 mjx-0\"><div class=\"x-row x-container max width e717-2 mjx-1\"><div class=\"x-row-inner\"><div class=\"x-col e717-3 mjx-2 mjx-3\"><div class=\"x-text x-text-headline e717-4 mjx-4\"><div class=\"x-text-content\"><div class=\"x-text-content-text\"><h3 class=\"x-text-content-text-primary\">Senden Sie uns eine E-Mail<\/h3><\/div><\/div><\/div><div class=\"x-text e717-5 mjx-5\"><p>Das Travall-Vertriebspartnerprogramm f\u00fcr EU-Kunden* wurde f\u00fcr Sie und Ihr Unternehmen entwickelt. Unser Zubeh\u00f6r, das zum besten seiner Klasse geh\u00f6rt, ist ganz einfach zu vertreiben. Die Produkte sind in Deutschland auf Lager und werden von dort aus direkt an Ihre Kunden versandt. Und unseren Flottenkunden machen wir es besonders leicht, den kompletten Fuhrpark mit perfekt passendem Zubeh\u00f6r auszustatten - egal, um wie viele Fahrzeuge es sich handelt.<\/p>\n<p>*F\u00fcr gewerbliche Kunden aus den <a href=\"https:\/\/b2b.travall.com\" target=\"_blank\" rel=\"noopener\"><span style=\"color: #ec821b;\">USA<\/span><\/a> oder aus dem <a href=\"https:\/\/b2b.travall.com\/en-uk\" target=\"_blank\" rel=\"noopener\"><span style=\"color: #ec821b;\">Vereinigten K\u00f6nigreich &amp; Drittstaaten<\/span><\/a> bieten wir separate Vertriebspartnerprogramme an. Klicken Sie auf einen der Links, um zur B2B-Webseite f\u00fcr Ihre Region zu gelangen.<\/p><\/div><\/div><div class=\"x-col e717-6 mjx-3\"><div class=\"wpcf7 no-js\" id=\"wpcf7-f69-o1\" lang=\"en-GB\" dir=\"ltr\">\n<div class=\"screen-reader-response\"><p role=\"status\" aria-live=\"polite\" aria-atomic=\"true\"><\/p> <ul><\/ul><\/div>\n<form action=\"\/de-eu\/wp-json\/wp\/v2\/pages\/740#wpcf7-f69-o1\" method=\"post\" class=\"wpcf7-form init\" aria-label=\"Contact form\" novalidate=\"novalidate\" data-status=\"init\">\n<div style=\"display: none;\">\n<input type=\"hidden\" name=\"_wpcf7\" value=\"69\" \/>\n<input type=\"hidden\" name=\"_wpcf7_version\" value=\"5.7.1\" \/>\n<input type=\"hidden\" name=\"_wpcf7_locale\" value=\"en_GB\" \/>\n<input type=\"hidden\" name=\"_wpcf7_unit_tag\" value=\"wpcf7-f69-o1\" \/>\n<input type=\"hidden\" name=\"_wpcf7_container_post\" value=\"0\" \/>\n<input type=\"hidden\" name=\"_wpcf7_posted_data_hash\" value=\"\" \/>\n<\/div>\n<p><label>Name<br \/>\n<span class=\"wpcf7-form-control-wrap\" data-name=\"your-name\"><input size=\"40\" class=\"wpcf7-form-control wpcf7-text wpcf7-validates-as-required\" aria-required=\"true\" aria-invalid=\"false\" value=\"\" type=\"text\" name=\"your-name\" \/><\/span> <\/label>\n<\/p>\n<p><label>Email-Adresse<br \/>\n<span class=\"wpcf7-form-control-wrap\" data-name=\"your-email\"><input size=\"40\" class=\"wpcf7-form-control wpcf7-text wpcf7-email wpcf7-validates-as-required wpcf7-validates-as-email\" aria-required=\"true\" aria-invalid=\"false\" value=\"\" type=\"email\" name=\"your-email\" \/><\/span><\/label>\n<\/p>\n<p><label>Telefonnummer<br \/>\n<span class=\"wpcf7-form-control-wrap\" data-name=\"your-tel\"><input size=\"40\" class=\"wpcf7-form-control wpcf7-text wpcf7-tel wpcf7-validates-as-tel\" aria-invalid=\"false\" value=\"\" type=\"tel\" name=\"your-tel\" \/><\/span> <\/label>\n<\/p>\n<p><label>Nachricht<br \/>\n<span class=\"wpcf7-form-control-wrap\" data-name=\"your-message\"><textarea cols=\"40\" rows=\"10\" class=\"wpcf7-form-control wpcf7-textarea wpcf7-validates-as-required\" aria-required=\"true\" aria-invalid=\"false\" name=\"your-message\"><\/textarea><\/span> <\/label>\n<\/p>\n<p><input class=\"wpcf7-form-control has-spinner wpcf7-submit\" type=\"submit\" value=\"Nachricht senden\" \/>\n<\/p><div class=\"wpcf7-response-output\" aria-hidden=\"true\"><\/div><\/form><\/div><\/div><\/div><\/div><\/div><\/div><\/div><div class=\"x-section e740-72 mkk-0 mkk-2 mkk-6\"><div class=\"cs-content x-global-block x-global-block-718 e740-73\"><div class=\"x-section e718-1 mjy-0\"><div class=\"x-row x-container max width e718-2 mjy-1 mjy-2\"><div class=\"x-row-inner\"><div class=\"x-col e718-3 mjy-4 mjy-5\"><span class=\"x-image e718-4 mjy-6\"><img src=\"https:\/\/b2b.travall.com\/de-eu\/wp-content\/uploads\/2020\/03\/logistic-map.png\" width=\"969\" height=\"468\" alt=\"Image\" loading=\"lazy\"><\/span><div class=\"x-row e718-5 mjy-1 mjy-3\"><div class=\"x-row-inner\"><div class=\"x-col e718-6 mjy-4\"><div class=\"x-text x-text-headline e718-7 mjy-7\"><div class=\"x-text-content\"><div class=\"x-text-content-text\"><h4 class=\"x-text-content-text-primary\">UK<\/h4><\/div><\/div><\/div><div class=\"x-text e718-8 mjy-8\"><p>Travall United Kingdom<br>Gosforth Road<br>Derby<br>DE24 8HU<br>United Kingdom<\/p><\/div><\/div><div class=\"x-col e718-9 mjy-4\"><div class=\"x-text x-text-headline e718-10 mjy-7\"><div class=\"x-text-content\"><div class=\"x-text-content-text\"><h4 class=\"x-text-content-text-primary\">USA<\/h4><\/div><\/div><\/div><div class=\"x-text e718-11 mjy-8\"><p>Travall<br \/>1230 Peachtree St NE<br \/>Suite 1900<br \/>Atlanta, GA 30309<br \/>USA<\/p><\/div><\/div><div class=\"x-col e718-12 mjy-4\"><div class=\"x-text x-text-headline e718-13 mjy-7\"><div class=\"x-text-content\"><div class=\"x-text-content-text\"><h4 class=\"x-text-content-text-primary\">Germany<\/h4><\/div><\/div><\/div><div class=\"x-text e718-14 mjy-8\"><p style=\"text-align: left;\">Travall<br \/>\nWestendstra\u00dfe 28<br \/>\n60325 Frankfurt<br \/>\nDeutschland<\/p><\/div><\/div><\/div><\/div><\/div><\/div><\/div><\/div><\/div><\/div><\/div>\n","protected":false},"excerpt":{"rendered":"<p>PRODUKTETravall SillGuardsDa Ihr Fahrzeug Sie als Fahrer (und bei Flottenfahrzeugen Ihr Unternehmen) widerspiegelt, ist es wichtig, den guten Zustand jedes Autos so lange wie m\u00f6glich zu bewahren. Ausfallzeiten f\u00fcr Lack- oder Karosseriereparaturen k\u00f6nnen \u00e4rgerlich und kostspielig sein. Hier kommen die Travall SillGuards Einstiegsleisten ins Spiel: Die Edelstahlleisten lassen sich in wenigen Minuten nachr\u00fcsten und bieten verl\u00e4sslichen Schutz f\u00fcr den Lack &#8230; <a href=\"https:\/\/b2b.travall.com\/de-eu\/travall-sillguards\/\" class=\"more-link\">Read More<\/a><\/p>\n","protected":false},"author":1,"featured_media":0,"parent":0,"menu_order":0,"comment_status":"closed","ping_status":"closed","template":"template-blank-4.php","meta":[],"yoast_head":"<!-- This site is optimized with the Yoast SEO plugin v19.12 - https:\/\/yoast.com\/wordpress\/plugins\/seo\/ -->\n<title>Travall Sillguards - Travall B2B DE Site<\/title>\n<meta name=\"robots\" content=\"index, follow, max-snippet:-1, max-image-preview:large, max-video-preview:-1\" \/>\n<link rel=\"canonical\" href=\"https:\/\/b2b.travall.com\/de-eu\/travall-sillguards\/\" \/>\n<meta property=\"og:locale\" content=\"de_DE\" \/>\n<meta property=\"og:type\" content=\"article\" \/>\n<meta property=\"og:title\" content=\"Travall Sillguards - Travall B2B DE Site\" \/>\n<meta property=\"og:description\" content=\"PRODUKTETravall SillGuardsDa Ihr Fahrzeug Sie als Fahrer (und bei Flottenfahrzeugen Ihr Unternehmen) widerspiegelt, ist es wichtig, den guten Zustand jedes Autos so lange wie m\u00f6glich zu bewahren. Ausfallzeiten f\u00fcr Lack- oder Karosseriereparaturen k\u00f6nnen \u00e4rgerlich und kostspielig sein. Hier kommen die Travall SillGuards Einstiegsleisten ins Spiel: Die Edelstahlleisten lassen sich in wenigen Minuten nachr\u00fcsten und bieten verl\u00e4sslichen Schutz f\u00fcr den Lack ... Read More\" \/>\n<meta property=\"og:url\" content=\"https:\/\/b2b.travall.com\/de-eu\/travall-sillguards\/\" \/>\n<meta property=\"og:site_name\" content=\"Travall B2B DE Site\" \/>\n<meta property=\"article:modified_time\" content=\"2023-01-25T14:12:28+00:00\" \/>\n<meta name=\"twitter:card\" content=\"summary_large_image\" \/>\n<meta name=\"twitter:label1\" content=\"Gesch\u00e4tzte Lesezeit\" \/>\n\t<meta name=\"twitter:data1\" content=\"4\u00a0Minuten\" \/>\n<script type=\"application\/ld+json\" class=\"yoast-schema-graph\">{\"@context\":\"https:\/\/schema.org\",\"@graph\":[{\"@type\":\"WebPage\",\"@id\":\"https:\/\/b2b.travall.com\/de-eu\/travall-sillguards\/\",\"url\":\"https:\/\/b2b.travall.com\/de-eu\/travall-sillguards\/\",\"name\":\"Travall Sillguards - Travall B2B DE Site\",\"isPartOf\":{\"@id\":\"https:\/\/b2b.travall.com\/de-eu\/#website\"},\"datePublished\":\"2022-11-07T10:23:04+00:00\",\"dateModified\":\"2023-01-25T14:12:28+00:00\",\"breadcrumb\":{\"@id\":\"https:\/\/b2b.travall.com\/de-eu\/travall-sillguards\/#breadcrumb\"},\"inLanguage\":\"de\",\"potentialAction\":[{\"@type\":\"ReadAction\",\"target\":[\"https:\/\/b2b.travall.com\/de-eu\/travall-sillguards\/\"]}]},{\"@type\":\"BreadcrumbList\",\"@id\":\"https:\/\/b2b.travall.com\/de-eu\/travall-sillguards\/#breadcrumb\",\"itemListElement\":[{\"@type\":\"ListItem\",\"position\":1,\"name\":\"Home\",\"item\":\"https:\/\/b2b.travall.com\/de-eu\/\"},{\"@type\":\"ListItem\",\"position\":2,\"name\":\"Travall Sillguards\"}]},{\"@type\":\"WebSite\",\"@id\":\"https:\/\/b2b.travall.com\/de-eu\/#website\",\"url\":\"https:\/\/b2b.travall.com\/de-eu\/\",\"name\":\"Travall B2B DE Site\",\"description\":\"Now you can really have it all\",\"potentialAction\":[{\"@type\":\"SearchAction\",\"target\":{\"@type\":\"EntryPoint\",\"urlTemplate\":\"https:\/\/b2b.travall.com\/de-eu\/?s={search_term_string}\"},\"query-input\":\"required name=search_term_string\"}],\"inLanguage\":\"de\"}]}<\/script>\n<!-- \/ Yoast SEO plugin. -->","yoast_head_json":{"title":"Travall Sillguards - Travall B2B DE Site","robots":{"index":"index","follow":"follow","max-snippet":"max-snippet:-1","max-image-preview":"max-image-preview:large","max-video-preview":"max-video-preview:-1"},"canonical":"https:\/\/b2b.travall.com\/de-eu\/travall-sillguards\/","og_locale":"de_DE","og_type":"article","og_title":"Travall Sillguards - Travall B2B DE Site","og_description":"PRODUKTETravall SillGuardsDa Ihr Fahrzeug Sie als Fahrer (und bei Flottenfahrzeugen Ihr Unternehmen) widerspiegelt, ist es wichtig, den guten Zustand jedes Autos so lange wie m\u00f6glich zu bewahren. Ausfallzeiten f\u00fcr Lack- oder Karosseriereparaturen k\u00f6nnen \u00e4rgerlich und kostspielig sein. Hier kommen die Travall SillGuards Einstiegsleisten ins Spiel: Die Edelstahlleisten lassen sich in wenigen Minuten nachr\u00fcsten und bieten verl\u00e4sslichen Schutz f\u00fcr den Lack ... Read More","og_url":"https:\/\/b2b.travall.com\/de-eu\/travall-sillguards\/","og_site_name":"Travall B2B DE Site","article_modified_time":"2023-01-25T14:12:28+00:00","twitter_card":"summary_large_image","twitter_misc":{"Gesch\u00e4tzte Lesezeit":"4\u00a0Minuten"},"schema":{"@context":"https:\/\/schema.org","@graph":[{"@type":"WebPage","@id":"https:\/\/b2b.travall.com\/de-eu\/travall-sillguards\/","url":"https:\/\/b2b.travall.com\/de-eu\/travall-sillguards\/","name":"Travall Sillguards - Travall B2B DE Site","isPartOf":{"@id":"https:\/\/b2b.travall.com\/de-eu\/#website"},"datePublished":"2022-11-07T10:23:04+00:00","dateModified":"2023-01-25T14:12:28+00:00","breadcrumb":{"@id":"https:\/\/b2b.travall.com\/de-eu\/travall-sillguards\/#breadcrumb"},"inLanguage":"de","potentialAction":[{"@type":"ReadAction","target":["https:\/\/b2b.travall.com\/de-eu\/travall-sillguards\/"]}]},{"@type":"BreadcrumbList","@id":"https:\/\/b2b.travall.com\/de-eu\/travall-sillguards\/#breadcrumb","itemListElement":[{"@type":"ListItem","position":1,"name":"Home","item":"https:\/\/b2b.travall.com\/de-eu\/"},{"@type":"ListItem","position":2,"name":"Travall Sillguards"}]},{"@type":"WebSite","@id":"https:\/\/b2b.travall.com\/de-eu\/#website","url":"https:\/\/b2b.travall.com\/de-eu\/","name":"Travall B2B DE Site","description":"Now you can really have it all","potentialAction":[{"@type":"SearchAction","target":{"@type":"EntryPoint","urlTemplate":"https:\/\/b2b.travall.com\/de-eu\/?s={search_term_string}"},"query-input":"required name=search_term_string"}],"inLanguage":"de"}]}},"_links":{"self":[{"href":"https:\/\/b2b.travall.com\/de-eu\/wp-json\/wp\/v2\/pages\/740"}],"collection":[{"href":"https:\/\/b2b.travall.com\/de-eu\/wp-json\/wp\/v2\/pages"}],"about":[{"href":"https:\/\/b2b.travall.com\/de-eu\/wp-json\/wp\/v2\/types\/page"}],"author":[{"embeddable":true,"href":"https:\/\/b2b.travall.com\/de-eu\/wp-json\/wp\/v2\/users\/1"}],"replies":[{"embeddable":true,"href":"https:\/\/b2b.travall.com\/de-eu\/wp-json\/wp\/v2\/comments?post=740"}],"version-history":[{"count":6,"href":"https:\/\/b2b.travall.com\/de-eu\/wp-json\/wp\/v2\/pages\/740\/revisions"}],"predecessor-version":[{"id":926,"href":"https:\/\/b2b.travall.com\/de-eu\/wp-json\/wp\/v2\/pages\/740\/revisions\/926"}],"wp:attachment":[{"href":"https:\/\/b2b.travall.com\/de-eu\/wp-json\/wp\/v2\/media?parent=740"}],"curies":[{"name":"wp","href":"https:\/\/api.w.org\/{rel}","templated":true}]}}