{"id":737,"date":"2022-11-07T11:22:13","date_gmt":"2022-11-07T10:22:13","guid":{"rendered":"https:\/\/b2b.travall.com\/de-eu\/travall-protector\/"},"modified":"2023-01-25T15:11:54","modified_gmt":"2023-01-25T14:11:54","slug":"travall-protector","status":"publish","type":"page","link":"https:\/\/b2b.travall.com\/de-eu\/travall-protector\/","title":{"rendered":"Travall Protector"},"content":{"rendered":"<div id=\"cs-content\" class=\"cs-content\"><div class=\"x-section e737-1 mkh-0 mkh-1 mkh-2\"><div class=\"x-bg\" aria-hidden=\"true\" style=\"border-radius: 0px 0px 0px 0px;\"><div class=\"x-bg-layer-lower-image\" style=\" background-image: url(https:\/\/b2b.travall.com\/de-eu\/wp-content\/uploads\/2020\/01\/TravallProtector.jpg); background-repeat: no-repeat; background-position: center; background-size: cover;\"><\/div><div class=\"x-bg-layer-upper-color\" style=\" background-color: rgba(0, 0, 0, 0.4);\"><\/div><\/div><div class=\"x-row x-container max width e737-2 mkh-b mkh-c mkh-d\"><div class=\"x-row-inner\"><div class=\"x-col e737-3 mkh-i mkh-j\"><div class=\"x-text x-text-headline e737-4 mkh-m mkh-n\"><div class=\"x-text-content\"><div class=\"x-text-content-text\"><h1 class=\"x-text-content-text-primary\">PRODUKTE<\/h1><\/div><\/div><\/div><\/div><\/div><\/div><\/div><div class=\"x-section e737-5 mkh-0 mkh-2 mkh-3 mkh-4\"><div class=\"x-row x-container max width e737-6 mkh-b mkh-c mkh-d\"><div class=\"x-row-inner\"><div class=\"x-col e737-7 mkh-i mkh-j mkh-k\"><div class=\"x-text x-text-headline has-graphic e737-8 mkh-n mkh-o\"><div class=\"x-text-content\"><span class=\"x-graphic\" aria-hidden=\"true\"><span class=\"x-image x-graphic-child x-graphic-image x-graphic-primary\"><img src=\"https:\/\/b2b.travall.com\/de-eu\/wp-content\/uploads\/2020\/01\/Tick_clear-2.png\" width=\"101\" height=\"100\" alt=\"Image\" loading=\"lazy\"><\/span><\/span><div class=\"x-text-content-text\"><h3 class=\"x-text-content-text-primary\">Travall Protector<\/h3><\/div><\/div><\/div><div class=\"x-text e737-9 mkh-p mkh-q\">T\u00e4gliches Ein- und Ausladen von Gegenst\u00e4nden f\u00fchrt bei vielen Firmenwagen zu Sch\u00e4den an der Ladekante. Der Travall Protector Ladekantenschutz bewahrt den Lack genau in diesem Bereich des Fahrzeugs. Die robuste ABS-Kunststoffleiste, die sich perfekt in das Design des Fahrzeugs einf\u00fcgt, ist in wenigen Minuten installiert, verdeckt vorhandene Sch\u00e4den und l\u00e4sst neue gar nicht erst entstehen.<\/div><a class=\"x-anchor x-anchor-button has-particle e737-10 mkh-s\" tabindex=\"0\" href=\"mailto:info@travall.com\"><div class=\"x-anchor-content\"><div class=\"x-anchor-text\"><span class=\"x-anchor-text-primary\">Haben Sie Fragen?<\/span><\/div><\/div><span class=\"x-particle is-primary\" data-x-particle=\"scale-x inside-c_l\" aria-hidden=\"true\"><span style=\"transform: skew(-30deg, 0) scale(1.3);\n\"><\/span><\/span><\/a><\/div><\/div><\/div><\/div><div class=\"x-section e737-11 mkh-0 mkh-5\"><div class=\"x-row x-container max width e737-12 mkh-b mkh-e mkh-f\"><div class=\"x-row-inner\"><div class=\"x-col e737-13 mkh-j mkh-l\"><div class=\"x-row e737-14 mkh-b mkh-e mkh-g\"><div class=\"x-row-inner\"><div class=\"x-col e737-15 mkh-j mkh-l\"><div class=\"x-div e737-16 mkh-t\"><div class=\"x-div e737-17 mkh-t\"><div class=\"x-slide-container-viewport is-loading e737-18 mkh-u\" data-x-slide-container=\"{&quot;snap&quot;:true,&quot;scrollBySlide&quot;:true,&quot;wrapAround&quot;:true,&quot;autoplay&quot;:&quot;interval&quot;}\"><div class=\"x-slide-container-content x-container max width\"><div class=\"x-slide-container is-inline is-paged\"><div class=\"x-slide e737-19 mkh-v\" data-x-slide=\"\"><span class=\"x-image e737-20 mkh-w\"><img src=\"https:\/\/b2b.travall.com\/de-eu\/wp-content\/uploads\/2020\/01\/TravallProtector.jpeg\" alt=\"Image\" loading=\"lazy\"><\/span><\/div><div class=\"x-slide e737-21 mkh-v\" data-x-slide=\"\"><span class=\"x-image e737-22 mkh-w\"><img src=\"https:\/\/b2b.travall.com\/de-eu\/wp-content\/uploads\/2020\/01\/TBP1040P-PLASTIC.jpg\" alt=\"Image\" loading=\"lazy\"><\/span><\/div><div class=\"x-slide e737-23 mkh-v\" data-x-slide=\"\"><span class=\"x-image e737-24 mkh-w\"><img src=\"https:\/\/b2b.travall.com\/de-eu\/wp-content\/uploads\/2020\/01\/TBP-METAL-02.jpg\" alt=\"Image\" loading=\"lazy\"><\/span><\/div><div class=\"x-slide e737-25 mkh-v\" data-x-slide=\"\"><span class=\"x-image e737-26 mkh-w\"><img src=\"https:\/\/b2b.travall.com\/de-eu\/wp-content\/uploads\/2020\/01\/TBP1075P-PLASTIC.jpg\" alt=\"Image\" loading=\"lazy\"><\/span><\/div><div class=\"x-slide e737-27 mkh-v\" data-x-slide=\"\"><span class=\"x-image e737-28 mkh-w\"><img src=\"https:\/\/b2b.travall.com\/de-eu\/wp-content\/uploads\/2020\/01\/TBP1011P-PLASTIC.jpg\" alt=\"Image\" loading=\"lazy\"><\/span><\/div><div class=\"x-slide e737-29 mkh-v\" data-x-slide=\"\"><span class=\"x-image e737-30 mkh-w\"><img src=\"https:\/\/b2b.travall.com\/de-eu\/wp-content\/uploads\/2020\/01\/TBP-METAL-01.jpg\" alt=\"Image\" loading=\"lazy\"><\/span><\/div><\/div><\/div><\/div><\/div><\/div><\/div><div class=\"x-col e737-31 mkh-j mkh-l\"><div class=\"x-row e737-32 mkh-b mkh-c mkh-h mkh-8 mkh-9\" data-x-effect-provider=\"colors particles effects\" data-x-effect=\"{&quot;durationBase&quot;:&quot;300ms&quot;}\"><div class=\"x-row-inner\"><div class=\"x-col e737-33 mkh-j mkh-l\"><i class=\"x-icon e737-34 mkh-x mkh-8 mkh-a\" aria-hidden=\"true\" data-x-icon-o=\"&#xf00c;\" data-x-effect=\"{&quot;durationBase&quot;:&quot;300ms&quot;}\"><\/i><\/div><div class=\"x-col e737-35 mkh-j mkh-l\"><div class=\"x-text e737-36 mkh-q mkh-r\">3M-Klebeband zur Nachr\u00fcstung im Lieferumfang enthalten<\/div><\/div><\/div><\/div><div class=\"x-row e737-37 mkh-b mkh-c mkh-h mkh-8 mkh-9\" data-x-effect-provider=\"colors particles effects\" data-x-effect=\"{&quot;durationBase&quot;:&quot;300ms&quot;}\"><div class=\"x-row-inner\"><div class=\"x-col e737-38 mkh-j mkh-l\"><i class=\"x-icon e737-39 mkh-x mkh-8 mkh-a\" aria-hidden=\"true\" data-x-icon-o=\"&#xf00c;\" data-x-effect=\"{&quot;durationBase&quot;:&quot;300ms&quot;}\"><\/i><\/div><div class=\"x-col e737-40 mkh-j mkh-l\"><div class=\"x-text e737-41 mkh-q mkh-r\">zuverl\u00e4ssiger Schutz vor Kratzern und Dellen<\/div><\/div><\/div><\/div><div class=\"x-row e737-42 mkh-b mkh-c mkh-h mkh-8 mkh-9\" data-x-effect-provider=\"colors particles effects\" data-x-effect=\"{&quot;durationBase&quot;:&quot;300ms&quot;}\"><div class=\"x-row-inner\"><div class=\"x-col e737-43 mkh-j mkh-l\"><i class=\"x-icon e737-44 mkh-x mkh-8 mkh-a\" aria-hidden=\"true\" data-x-icon-o=\"&#xf00c;\" data-x-effect=\"{&quot;durationBase&quot;:&quot;300ms&quot;}\"><\/i><\/div><div class=\"x-col e737-45 mkh-j mkh-l\"><div class=\"x-text e737-46 mkh-q mkh-r\">reduziert Abnutzungsspuren in Firmenwagen<\/div><\/div><\/div><\/div><div class=\"x-row e737-47 mkh-b mkh-c mkh-h mkh-8 mkh-9\" data-x-effect-provider=\"colors particles effects\" data-x-effect=\"{&quot;durationBase&quot;:&quot;300ms&quot;}\"><div class=\"x-row-inner\"><div class=\"x-col e737-48 mkh-j mkh-l\"><i class=\"x-icon e737-49 mkh-x mkh-8 mkh-a\" aria-hidden=\"true\" data-x-icon-o=\"&#xf00c;\" data-x-effect=\"{&quot;durationBase&quot;:&quot;300ms&quot;}\"><\/i><\/div><div class=\"x-col e737-50 mkh-j mkh-l\"><div class=\"x-text e737-51 mkh-q mkh-r\">spricht ein breites Kundenspektrum an<\/div><\/div><\/div><\/div><div class=\"x-row e737-52 mkh-b mkh-c mkh-h mkh-8 mkh-9\" data-x-effect-provider=\"colors particles effects\" data-x-effect=\"{&quot;durationBase&quot;:&quot;300ms&quot;}\"><div class=\"x-row-inner\"><div class=\"x-col e737-53 mkh-j mkh-l\"><i class=\"x-icon e737-54 mkh-x mkh-8 mkh-a\" aria-hidden=\"true\" data-x-icon-o=\"&#xf00c;\" data-x-effect=\"{&quot;durationBase&quot;:&quot;300ms&quot;}\"><\/i><\/div><div class=\"x-col e737-55 mkh-j mkh-l\"><div class=\"x-text e737-56 mkh-q mkh-r\">verdeckt bestehende Sch\u00e4den<\/div><\/div><\/div><\/div><div class=\"x-row e737-57 mkh-b mkh-c mkh-h mkh-8 mkh-9\" data-x-effect-provider=\"colors particles effects\" data-x-effect=\"{&quot;durationBase&quot;:&quot;300ms&quot;}\"><div class=\"x-row-inner\"><div class=\"x-col e737-58 mkh-j mkh-l\"><i class=\"x-icon e737-59 mkh-x mkh-8 mkh-a\" aria-hidden=\"true\" data-x-icon-o=\"&#xf00c;\" data-x-effect=\"{&quot;durationBase&quot;:&quot;300ms&quot;}\"><\/i><\/div><div class=\"x-col e737-60 mkh-j mkh-l\"><div class=\"x-text e737-61 mkh-q mkh-r\">aus strapazierf\u00e4higem ABS-Kunststoff<\/div><\/div><\/div><\/div><div class=\"x-row e737-62 mkh-b mkh-c mkh-h mkh-8 mkh-9\" data-x-effect-provider=\"colors particles effects\" data-x-effect=\"{&quot;durationBase&quot;:&quot;300ms&quot;}\"><div class=\"x-row-inner\"><div class=\"x-col e737-63 mkh-j mkh-l\"><i class=\"x-icon e737-64 mkh-x mkh-8 mkh-a\" aria-hidden=\"true\" data-x-icon-o=\"&#xf00c;\" data-x-effect=\"{&quot;durationBase&quot;:&quot;300ms&quot;}\"><\/i><\/div><div class=\"x-col e737-65 mkh-j mkh-l\"><div class=\"x-text e737-66 mkh-q mkh-r\">nach Ma\u00df f\u00fcr verschiedenste Fahrzeugmodelle gefertigt<\/div><\/div><\/div><\/div><div class=\"x-row e737-67 mkh-b mkh-c mkh-h mkh-8 mkh-9\" data-x-effect-provider=\"colors particles effects\" data-x-effect=\"{&quot;durationBase&quot;:&quot;300ms&quot;}\"><div class=\"x-row-inner\"><div class=\"x-col e737-68 mkh-j mkh-l\"><i class=\"x-icon e737-69 mkh-x mkh-8 mkh-a\" aria-hidden=\"true\" data-x-icon-o=\"&#xf00c;\" data-x-effect=\"{&quot;durationBase&quot;:&quot;300ms&quot;}\"><\/i><\/div><div class=\"x-col e737-70 mkh-j mkh-l\"><div class=\"x-text e737-71 mkh-q mkh-r\">kann Fahrzeugausfallzeiten wegen Reparaturen an der Ladekante verhindern.<\/div><\/div><\/div><\/div><div class=\"x-text e737-72 mkh-p mkh-q\">Kontaktieren Sie unser B2B-Team, um mehr \u00fcber dieses und weitere Travall-Produkte zu erfahren.<\/div><\/div><\/div><\/div><\/div><\/div><\/div><\/div><div class=\"x-section e737-73 mkh-0 mkh-2 mkh-6 mkh-7\"><div class=\"cs-content x-global-block x-global-block-716 e737-74\"><div class=\"x-section e716-1 mjw-0\"><div class=\"x-row x-container max width e716-2 mjw-1\"><div class=\"x-row-inner\"><div class=\"x-col e716-3 mjw-2\"><a class=\"x-anchor x-anchor-button has-graphic e716-4 mjw-3 mjw-4\" tabindex=\"0\" href=\"tel:+49%20(0)%202821%20748%203080\"><div class=\"x-anchor-content\"><span class=\"x-graphic\" aria-hidden=\"true\"><i class=\"x-icon x-graphic-child x-graphic-icon x-graphic-primary\" aria-hidden=\"true\" data-x-icon-s=\"&#xf879;\"><\/i><\/span><div class=\"x-anchor-text\"><span class=\"x-anchor-text-primary\">Kontakt<\/span><span class=\"x-anchor-text-secondary\">+49 (0) 2821 748 3080<\/span><\/div><\/div><\/a><\/div><div class=\"x-col e716-5 mjw-2\"><a class=\"x-anchor x-anchor-button has-graphic e716-6 mjw-3 mjw-5\" tabindex=\"0\" href=\"mailto:info@travall.com\"><div class=\"x-anchor-content\"><span class=\"x-graphic\" aria-hidden=\"true\"><i class=\"x-icon x-graphic-child x-graphic-icon x-graphic-primary\" aria-hidden=\"true\" data-x-icon-s=\"&#xf406;\"><\/i><\/span><div class=\"x-anchor-text\"><span class=\"x-anchor-text-primary\">H\u00e4ndleranfragen<\/span><span class=\"x-anchor-text-secondary\">info@travall.com<\/span><\/div><\/div><\/a><\/div><\/div><\/div><\/div><\/div><\/div><div class=\"x-section e737-75 mkh-0 mkh-2 mkh-4 mkh-6\"><div class=\"cs-content x-global-block x-global-block-717 e737-76\"><div class=\"x-section e717-1 mjx-0\"><div class=\"x-row x-container max width e717-2 mjx-1\"><div class=\"x-row-inner\"><div class=\"x-col e717-3 mjx-2 mjx-3\"><div class=\"x-text x-text-headline e717-4 mjx-4\"><div class=\"x-text-content\"><div class=\"x-text-content-text\"><h3 class=\"x-text-content-text-primary\">Senden Sie uns eine E-Mail<\/h3><\/div><\/div><\/div><div class=\"x-text e717-5 mjx-5\"><p>Das Travall-Vertriebspartnerprogramm f\u00fcr EU-Kunden* wurde f\u00fcr Sie und Ihr Unternehmen entwickelt. Unser Zubeh\u00f6r, das zum besten seiner Klasse geh\u00f6rt, ist ganz einfach zu vertreiben. Die Produkte sind in Deutschland auf Lager und werden von dort aus direkt an Ihre Kunden versandt. Und unseren Flottenkunden machen wir es besonders leicht, den kompletten Fuhrpark mit perfekt passendem Zubeh\u00f6r auszustatten - egal, um wie viele Fahrzeuge es sich handelt.<\/p>\n<p>*F\u00fcr gewerbliche Kunden aus den <a href=\"https:\/\/b2b.travall.com\" target=\"_blank\" rel=\"noopener\"><span style=\"color: #ec821b;\">USA<\/span><\/a> oder aus dem <a href=\"https:\/\/b2b.travall.com\/en-uk\" target=\"_blank\" rel=\"noopener\"><span style=\"color: #ec821b;\">Vereinigten K\u00f6nigreich &amp; Drittstaaten<\/span><\/a> bieten wir separate Vertriebspartnerprogramme an. Klicken Sie auf einen der Links, um zur B2B-Webseite f\u00fcr Ihre Region zu gelangen.<\/p><\/div><\/div><div class=\"x-col e717-6 mjx-3\"><div class=\"wpcf7 no-js\" id=\"wpcf7-f69-o1\" lang=\"en-GB\" dir=\"ltr\">\n<div class=\"screen-reader-response\"><p role=\"status\" aria-live=\"polite\" aria-atomic=\"true\"><\/p> <ul><\/ul><\/div>\n<form action=\"\/de-eu\/wp-json\/wp\/v2\/pages\/737#wpcf7-f69-o1\" method=\"post\" class=\"wpcf7-form init\" aria-label=\"Contact form\" novalidate=\"novalidate\" data-status=\"init\">\n<div style=\"display: none;\">\n<input type=\"hidden\" name=\"_wpcf7\" value=\"69\" \/>\n<input type=\"hidden\" name=\"_wpcf7_version\" value=\"5.7.1\" \/>\n<input type=\"hidden\" name=\"_wpcf7_locale\" value=\"en_GB\" \/>\n<input type=\"hidden\" name=\"_wpcf7_unit_tag\" value=\"wpcf7-f69-o1\" \/>\n<input type=\"hidden\" name=\"_wpcf7_container_post\" value=\"0\" \/>\n<input type=\"hidden\" name=\"_wpcf7_posted_data_hash\" value=\"\" \/>\n<\/div>\n<p><label>Name<br \/>\n<span class=\"wpcf7-form-control-wrap\" data-name=\"your-name\"><input size=\"40\" class=\"wpcf7-form-control wpcf7-text wpcf7-validates-as-required\" aria-required=\"true\" aria-invalid=\"false\" value=\"\" type=\"text\" name=\"your-name\" \/><\/span> <\/label>\n<\/p>\n<p><label>Email-Adresse<br \/>\n<span class=\"wpcf7-form-control-wrap\" data-name=\"your-email\"><input size=\"40\" class=\"wpcf7-form-control wpcf7-text wpcf7-email wpcf7-validates-as-required wpcf7-validates-as-email\" aria-required=\"true\" aria-invalid=\"false\" value=\"\" type=\"email\" name=\"your-email\" \/><\/span><\/label>\n<\/p>\n<p><label>Telefonnummer<br \/>\n<span class=\"wpcf7-form-control-wrap\" data-name=\"your-tel\"><input size=\"40\" class=\"wpcf7-form-control wpcf7-text wpcf7-tel wpcf7-validates-as-tel\" aria-invalid=\"false\" value=\"\" type=\"tel\" name=\"your-tel\" \/><\/span> <\/label>\n<\/p>\n<p><label>Nachricht<br \/>\n<span class=\"wpcf7-form-control-wrap\" data-name=\"your-message\"><textarea cols=\"40\" rows=\"10\" class=\"wpcf7-form-control wpcf7-textarea wpcf7-validates-as-required\" aria-required=\"true\" aria-invalid=\"false\" name=\"your-message\"><\/textarea><\/span> <\/label>\n<\/p>\n<p><input class=\"wpcf7-form-control has-spinner wpcf7-submit\" type=\"submit\" value=\"Nachricht senden\" \/>\n<\/p><div class=\"wpcf7-response-output\" aria-hidden=\"true\"><\/div><\/form><\/div><\/div><\/div><\/div><\/div><\/div><\/div><div class=\"x-section e737-77 mkh-0 mkh-2 mkh-6\"><div class=\"cs-content x-global-block x-global-block-718 e737-78\"><div class=\"x-section e718-1 mjy-0\"><div class=\"x-row x-container max width e718-2 mjy-1 mjy-2\"><div class=\"x-row-inner\"><div class=\"x-col e718-3 mjy-4 mjy-5\"><span class=\"x-image e718-4 mjy-6\"><img src=\"https:\/\/b2b.travall.com\/de-eu\/wp-content\/uploads\/2020\/03\/logistic-map.png\" width=\"969\" height=\"468\" alt=\"Image\" loading=\"lazy\"><\/span><div class=\"x-row e718-5 mjy-1 mjy-3\"><div class=\"x-row-inner\"><div class=\"x-col e718-6 mjy-4\"><div class=\"x-text x-text-headline e718-7 mjy-7\"><div class=\"x-text-content\"><div class=\"x-text-content-text\"><h4 class=\"x-text-content-text-primary\">UK<\/h4><\/div><\/div><\/div><div class=\"x-text e718-8 mjy-8\"><p>Travall United Kingdom<br>Gosforth Road<br>Derby<br>DE24 8HU<br>United Kingdom<\/p><\/div><\/div><div class=\"x-col e718-9 mjy-4\"><div class=\"x-text x-text-headline e718-10 mjy-7\"><div class=\"x-text-content\"><div class=\"x-text-content-text\"><h4 class=\"x-text-content-text-primary\">USA<\/h4><\/div><\/div><\/div><div class=\"x-text e718-11 mjy-8\"><p>Travall<br \/>1230 Peachtree St NE<br \/>Suite 1900<br \/>Atlanta, GA 30309<br \/>USA<\/p><\/div><\/div><div class=\"x-col e718-12 mjy-4\"><div class=\"x-text x-text-headline e718-13 mjy-7\"><div class=\"x-text-content\"><div class=\"x-text-content-text\"><h4 class=\"x-text-content-text-primary\">Germany<\/h4><\/div><\/div><\/div><div class=\"x-text e718-14 mjy-8\"><p style=\"text-align: left;\">Travall<br \/>\nWestendstra\u00dfe 28<br \/>\n60325 Frankfurt<br \/>\nDeutschland<\/p><\/div><\/div><\/div><\/div><\/div><\/div><\/div><\/div><\/div><\/div><\/div>\n","protected":false},"excerpt":{"rendered":"<p>PRODUKTETravall ProtectorT\u00e4gliches Ein- und Ausladen von Gegenst\u00e4nden f\u00fchrt bei vielen Firmenwagen zu Sch\u00e4den an der Ladekante. Der Travall Protector Ladekantenschutz bewahrt den Lack genau in diesem Bereich des Fahrzeugs. Die robuste ABS-Kunststoffleiste, die sich perfekt in das Design des Fahrzeugs einf\u00fcgt, ist in wenigen Minuten installiert, verdeckt vorhandene Sch\u00e4den und l\u00e4sst neue gar nicht erst entstehen.Haben Sie Fragen?3M-Klebeband zur Nachr\u00fcstung &#8230; <a href=\"https:\/\/b2b.travall.com\/de-eu\/travall-protector\/\" class=\"more-link\">Read More<\/a><\/p>\n","protected":false},"author":1,"featured_media":0,"parent":0,"menu_order":0,"comment_status":"closed","ping_status":"closed","template":"template-blank-4.php","meta":[],"yoast_head":"<!-- This site is optimized with the Yoast SEO plugin v19.12 - https:\/\/yoast.com\/wordpress\/plugins\/seo\/ -->\n<title>Travall Protector - Travall B2B DE Site<\/title>\n<meta name=\"robots\" content=\"index, follow, max-snippet:-1, max-image-preview:large, max-video-preview:-1\" \/>\n<link rel=\"canonical\" href=\"https:\/\/b2b.travall.com\/de-eu\/travall-protector\/\" \/>\n<meta property=\"og:locale\" content=\"de_DE\" \/>\n<meta property=\"og:type\" content=\"article\" \/>\n<meta property=\"og:title\" content=\"Travall Protector - Travall B2B DE Site\" \/>\n<meta property=\"og:description\" content=\"PRODUKTETravall ProtectorT\u00e4gliches Ein- und Ausladen von Gegenst\u00e4nden f\u00fchrt bei vielen Firmenwagen zu Sch\u00e4den an der Ladekante. Der Travall Protector Ladekantenschutz bewahrt den Lack genau in diesem Bereich des Fahrzeugs. Die robuste ABS-Kunststoffleiste, die sich perfekt in das Design des Fahrzeugs einf\u00fcgt, ist in wenigen Minuten installiert, verdeckt vorhandene Sch\u00e4den und l\u00e4sst neue gar nicht erst entstehen.Haben Sie Fragen?3M-Klebeband zur Nachr\u00fcstung ... Read More\" \/>\n<meta property=\"og:url\" content=\"https:\/\/b2b.travall.com\/de-eu\/travall-protector\/\" \/>\n<meta property=\"og:site_name\" content=\"Travall B2B DE Site\" \/>\n<meta property=\"article:modified_time\" content=\"2023-01-25T14:11:54+00:00\" \/>\n<meta name=\"twitter:card\" content=\"summary_large_image\" \/>\n<meta name=\"twitter:label1\" content=\"Gesch\u00e4tzte Lesezeit\" \/>\n\t<meta name=\"twitter:data1\" content=\"4\u00a0Minuten\" \/>\n<script type=\"application\/ld+json\" class=\"yoast-schema-graph\">{\"@context\":\"https:\/\/schema.org\",\"@graph\":[{\"@type\":\"WebPage\",\"@id\":\"https:\/\/b2b.travall.com\/de-eu\/travall-protector\/\",\"url\":\"https:\/\/b2b.travall.com\/de-eu\/travall-protector\/\",\"name\":\"Travall Protector - Travall B2B DE Site\",\"isPartOf\":{\"@id\":\"https:\/\/b2b.travall.com\/de-eu\/#website\"},\"datePublished\":\"2022-11-07T10:22:13+00:00\",\"dateModified\":\"2023-01-25T14:11:54+00:00\",\"breadcrumb\":{\"@id\":\"https:\/\/b2b.travall.com\/de-eu\/travall-protector\/#breadcrumb\"},\"inLanguage\":\"de\",\"potentialAction\":[{\"@type\":\"ReadAction\",\"target\":[\"https:\/\/b2b.travall.com\/de-eu\/travall-protector\/\"]}]},{\"@type\":\"BreadcrumbList\",\"@id\":\"https:\/\/b2b.travall.com\/de-eu\/travall-protector\/#breadcrumb\",\"itemListElement\":[{\"@type\":\"ListItem\",\"position\":1,\"name\":\"Home\",\"item\":\"https:\/\/b2b.travall.com\/de-eu\/\"},{\"@type\":\"ListItem\",\"position\":2,\"name\":\"Travall Protector\"}]},{\"@type\":\"WebSite\",\"@id\":\"https:\/\/b2b.travall.com\/de-eu\/#website\",\"url\":\"https:\/\/b2b.travall.com\/de-eu\/\",\"name\":\"Travall B2B DE Site\",\"description\":\"Now you can really have it all\",\"potentialAction\":[{\"@type\":\"SearchAction\",\"target\":{\"@type\":\"EntryPoint\",\"urlTemplate\":\"https:\/\/b2b.travall.com\/de-eu\/?s={search_term_string}\"},\"query-input\":\"required name=search_term_string\"}],\"inLanguage\":\"de\"}]}<\/script>\n<!-- \/ Yoast SEO plugin. -->","yoast_head_json":{"title":"Travall Protector - Travall B2B DE Site","robots":{"index":"index","follow":"follow","max-snippet":"max-snippet:-1","max-image-preview":"max-image-preview:large","max-video-preview":"max-video-preview:-1"},"canonical":"https:\/\/b2b.travall.com\/de-eu\/travall-protector\/","og_locale":"de_DE","og_type":"article","og_title":"Travall Protector - Travall B2B DE Site","og_description":"PRODUKTETravall ProtectorT\u00e4gliches Ein- und Ausladen von Gegenst\u00e4nden f\u00fchrt bei vielen Firmenwagen zu Sch\u00e4den an der Ladekante. Der Travall Protector Ladekantenschutz bewahrt den Lack genau in diesem Bereich des Fahrzeugs. Die robuste ABS-Kunststoffleiste, die sich perfekt in das Design des Fahrzeugs einf\u00fcgt, ist in wenigen Minuten installiert, verdeckt vorhandene Sch\u00e4den und l\u00e4sst neue gar nicht erst entstehen.Haben Sie Fragen?3M-Klebeband zur Nachr\u00fcstung ... Read More","og_url":"https:\/\/b2b.travall.com\/de-eu\/travall-protector\/","og_site_name":"Travall B2B DE Site","article_modified_time":"2023-01-25T14:11:54+00:00","twitter_card":"summary_large_image","twitter_misc":{"Gesch\u00e4tzte Lesezeit":"4\u00a0Minuten"},"schema":{"@context":"https:\/\/schema.org","@graph":[{"@type":"WebPage","@id":"https:\/\/b2b.travall.com\/de-eu\/travall-protector\/","url":"https:\/\/b2b.travall.com\/de-eu\/travall-protector\/","name":"Travall Protector - Travall B2B DE Site","isPartOf":{"@id":"https:\/\/b2b.travall.com\/de-eu\/#website"},"datePublished":"2022-11-07T10:22:13+00:00","dateModified":"2023-01-25T14:11:54+00:00","breadcrumb":{"@id":"https:\/\/b2b.travall.com\/de-eu\/travall-protector\/#breadcrumb"},"inLanguage":"de","potentialAction":[{"@type":"ReadAction","target":["https:\/\/b2b.travall.com\/de-eu\/travall-protector\/"]}]},{"@type":"BreadcrumbList","@id":"https:\/\/b2b.travall.com\/de-eu\/travall-protector\/#breadcrumb","itemListElement":[{"@type":"ListItem","position":1,"name":"Home","item":"https:\/\/b2b.travall.com\/de-eu\/"},{"@type":"ListItem","position":2,"name":"Travall Protector"}]},{"@type":"WebSite","@id":"https:\/\/b2b.travall.com\/de-eu\/#website","url":"https:\/\/b2b.travall.com\/de-eu\/","name":"Travall B2B DE Site","description":"Now you can really have it all","potentialAction":[{"@type":"SearchAction","target":{"@type":"EntryPoint","urlTemplate":"https:\/\/b2b.travall.com\/de-eu\/?s={search_term_string}"},"query-input":"required name=search_term_string"}],"inLanguage":"de"}]}},"_links":{"self":[{"href":"https:\/\/b2b.travall.com\/de-eu\/wp-json\/wp\/v2\/pages\/737"}],"collection":[{"href":"https:\/\/b2b.travall.com\/de-eu\/wp-json\/wp\/v2\/pages"}],"about":[{"href":"https:\/\/b2b.travall.com\/de-eu\/wp-json\/wp\/v2\/types\/page"}],"author":[{"embeddable":true,"href":"https:\/\/b2b.travall.com\/de-eu\/wp-json\/wp\/v2\/users\/1"}],"replies":[{"embeddable":true,"href":"https:\/\/b2b.travall.com\/de-eu\/wp-json\/wp\/v2\/comments?post=737"}],"version-history":[{"count":6,"href":"https:\/\/b2b.travall.com\/de-eu\/wp-json\/wp\/v2\/pages\/737\/revisions"}],"predecessor-version":[{"id":925,"href":"https:\/\/b2b.travall.com\/de-eu\/wp-json\/wp\/v2\/pages\/737\/revisions\/925"}],"wp:attachment":[{"href":"https:\/\/b2b.travall.com\/de-eu\/wp-json\/wp\/v2\/media?parent=737"}],"curies":[{"name":"wp","href":"https:\/\/api.w.org\/{rel}","templated":true}]}}