{"id":728,"date":"2022-11-07T11:20:09","date_gmt":"2022-11-07T10:20:09","guid":{"rendered":"https:\/\/b2b.travall.com\/de-eu\/travall-cargomat\/"},"modified":"2023-01-25T15:10:19","modified_gmt":"2023-01-25T14:10:19","slug":"travall-cargomat","status":"publish","type":"page","link":"https:\/\/b2b.travall.com\/de-eu\/travall-cargomat\/","title":{"rendered":"Travall Cargomat"},"content":{"rendered":"<div id=\"cs-content\" class=\"cs-content\"><div class=\"x-section e728-1 mk8-0 mk8-1 mk8-2\"><div class=\"x-bg\" aria-hidden=\"true\" style=\"border-radius: 0px 0px 0px 0px;\"><div class=\"x-bg-layer-lower-image\" style=\" background-image: url(https:\/\/b2b.travall.com\/de-eu\/wp-content\/uploads\/2020\/01\/TravallCargomatBanner.jpg); background-repeat: no-repeat; background-position: center; background-size: cover;\"><\/div><div class=\"x-bg-layer-upper-color\" style=\" background-color: rgba(0, 0, 0, 0.4);\"><\/div><\/div><div class=\"x-row x-container max width e728-2 mk8-b mk8-c mk8-d\"><div class=\"x-row-inner\"><div class=\"x-col e728-3 mk8-i mk8-j\"><div class=\"x-text x-text-headline e728-4 mk8-m mk8-n\"><div class=\"x-text-content\"><div class=\"x-text-content-text\"><h1 class=\"x-text-content-text-primary\">PRODUKTE<\/h1><\/div><\/div><\/div><\/div><\/div><\/div><\/div><div class=\"x-section e728-5 mk8-0 mk8-2 mk8-3 mk8-4\"><div class=\"x-row x-container max width e728-6 mk8-b mk8-c mk8-d\"><div class=\"x-row-inner\"><div class=\"x-col e728-7 mk8-i mk8-j mk8-k\"><div class=\"x-text x-text-headline has-graphic e728-8 mk8-n mk8-o\"><div class=\"x-text-content\"><span class=\"x-graphic\" aria-hidden=\"true\"><span class=\"x-image x-graphic-child x-graphic-image x-graphic-primary\"><img src=\"https:\/\/b2b.travall.com\/de-eu\/wp-content\/uploads\/2020\/01\/Tick_clear-2.png\" width=\"101\" height=\"100\" alt=\"Image\" loading=\"lazy\"><\/span><\/span><div class=\"x-text-content-text\"><h3 class=\"x-text-content-text-primary\">Travall CargoMat<\/h3><\/div><\/div><\/div><div class=\"x-text e728-9 mk8-p mk8-q\">Der regelm\u00e4\u00dfige Transport von Gegenst\u00e4nden im Kofferraum kann \u00e4rgerliche Spuren am Interieur hinterlassen. Travalls flexible und gleichzeitig strapazierf\u00e4hige Kofferraumwanne ist ein simples und erschwingliches Produkt, das den Bodenbelag im Heck vor Flecken und Abnutzung bewahrt. Die Travall CargoMat kann ganz einfach eingelegt werden und passt sich perfekt an die Konturen des Kofferraums an. Der leicht erh\u00f6hte Rand sorgt daf\u00fcr, dass zum Beispiel Tropfen von nassen Gegenst\u00e4nden auf der Kofferraummatte bleiben, statt in den Bodenbelag zu sickern. Dank der rutschfesten Oberfl\u00e4che bleibt Ladung sicher an Ort und Stelle, sodass sich der Fahrer besser auf den Verkehr konzentrieren kann.<\/div><a class=\"x-anchor x-anchor-button has-particle e728-10 mk8-s\" tabindex=\"0\" href=\"mailto:info@travall.com\"><div class=\"x-anchor-content\"><div class=\"x-anchor-text\"><span class=\"x-anchor-text-primary\">Haben Sie Fragen?<\/span><\/div><\/div><span class=\"x-particle is-primary\" data-x-particle=\"scale-x inside-c_l\" aria-hidden=\"true\"><span style=\"transform: skew(-30deg, 0) scale(1.3);\n\"><\/span><\/span><\/a><\/div><\/div><\/div><\/div><div class=\"x-section e728-11 mk8-0 mk8-5\"><div class=\"x-row x-container max width e728-12 mk8-b mk8-e mk8-f\"><div class=\"x-row-inner\"><div class=\"x-col e728-13 mk8-j mk8-l\"><div class=\"x-row e728-14 mk8-b mk8-e mk8-g\"><div class=\"x-row-inner\"><div class=\"x-col e728-15 mk8-j mk8-l\"><div class=\"x-div e728-16 mk8-t\"><div class=\"x-div e728-17 mk8-t\"><div class=\"x-slide-container-viewport is-loading e728-18 mk8-u\" data-x-slide-container=\"{&quot;snap&quot;:true,&quot;scrollBySlide&quot;:true,&quot;wrapAround&quot;:true,&quot;autoplay&quot;:&quot;interval&quot;}\"><div class=\"x-slide-container-content x-container max width\"><div class=\"x-slide-container is-inline is-paged\"><div class=\"x-slide e728-19 mk8-v\" data-x-slide=\"\"><span class=\"x-image e728-20 mk8-w\"><img src=\"https:\/\/b2b.travall.com\/de-eu\/wp-content\/uploads\/2020\/01\/TravallGuard-and-mat-new-02.jpg\" alt=\"Image\" loading=\"lazy\"><\/span><\/div><div class=\"x-slide e728-21 mk8-v\" data-x-slide=\"\"><span class=\"x-image e728-22 mk8-w\"><img src=\"https:\/\/b2b.travall.com\/de-eu\/wp-content\/uploads\/2020\/01\/TBM1189-FITTED-02.jpg\" alt=\"Image\" loading=\"lazy\"><\/span><\/div><div class=\"x-slide e728-23 mk8-v\" data-x-slide=\"\"><span class=\"x-image e728-24 mk8-w\"><img src=\"https:\/\/b2b.travall.com\/de-eu\/wp-content\/uploads\/2020\/01\/TBM1189-FITTED-01.jpg\" alt=\"Image\" loading=\"lazy\"><\/span><\/div><div class=\"x-slide e728-25 mk8-v\" data-x-slide=\"\"><span class=\"x-image e728-26 mk8-w\"><img src=\"https:\/\/b2b.travall.com\/de-eu\/wp-content\/uploads\/2020\/01\/TBM1189-STUDIO-02.jpg\" alt=\"Image\" loading=\"lazy\"><\/span><\/div><div class=\"x-slide e728-27 mk8-v\" data-x-slide=\"\"><span class=\"x-image e728-28 mk8-w\"><img src=\"https:\/\/b2b.travall.com\/de-eu\/wp-content\/uploads\/2020\/01\/TBM1189-STUDIO-01.jpg\" alt=\"Image\" loading=\"lazy\"><\/span><\/div><\/div><\/div><\/div><\/div><\/div><\/div><div class=\"x-col e728-29 mk8-j mk8-l\"><div class=\"x-row e728-30 mk8-b mk8-c mk8-h mk8-8 mk8-9\" data-x-effect-provider=\"colors particles effects\" data-x-effect=\"{&quot;durationBase&quot;:&quot;300ms&quot;}\"><div class=\"x-row-inner\"><div class=\"x-col e728-31 mk8-j mk8-l\"><i class=\"x-icon e728-32 mk8-x mk8-8 mk8-a\" aria-hidden=\"true\" data-x-icon-o=\"&#xf00c;\" data-x-effect=\"{&quot;durationBase&quot;:&quot;300ms&quot;}\"><\/i><\/div><div class=\"x-col e728-33 mk8-j mk8-l\"><div class=\"x-text e728-34 mk8-q mk8-r\">langlebige Gummimischung<\/div><\/div><\/div><\/div><div class=\"x-row e728-35 mk8-b mk8-c mk8-h mk8-8 mk8-9\" data-x-effect-provider=\"colors particles effects\" data-x-effect=\"{&quot;durationBase&quot;:&quot;300ms&quot;}\"><div class=\"x-row-inner\"><div class=\"x-col e728-36 mk8-j mk8-l\"><i class=\"x-icon e728-37 mk8-x mk8-8 mk8-a\" aria-hidden=\"true\" data-x-icon-o=\"&#xf00c;\" data-x-effect=\"{&quot;durationBase&quot;:&quot;300ms&quot;}\"><\/i><\/div><div class=\"x-col e728-38 mk8-j mk8-l\"><div class=\"x-text e728-39 mk8-q mk8-r\">einfach einzulegen und herauszunehmen<\/div><\/div><\/div><\/div><div class=\"x-row e728-40 mk8-b mk8-c mk8-h mk8-8 mk8-9\" data-x-effect-provider=\"colors particles effects\" data-x-effect=\"{&quot;durationBase&quot;:&quot;300ms&quot;}\"><div class=\"x-row-inner\"><div class=\"x-col e728-41 mk8-j mk8-l\"><i class=\"x-icon e728-42 mk8-x mk8-8 mk8-a\" aria-hidden=\"true\" data-x-icon-o=\"&#xf00c;\" data-x-effect=\"{&quot;durationBase&quot;:&quot;300ms&quot;}\"><\/i><\/div><div class=\"x-col e728-43 mk8-j mk8-l\"><div class=\"x-text e728-44 mk8-q mk8-r\">Anti-Rutsch-Oberfl\u00e4che<\/div><\/div><\/div><\/div><div class=\"x-row e728-45 mk8-b mk8-c mk8-h mk8-8 mk8-9\" data-x-effect-provider=\"colors particles effects\" data-x-effect=\"{&quot;durationBase&quot;:&quot;300ms&quot;}\"><div class=\"x-row-inner\"><div class=\"x-col e728-46 mk8-j mk8-l\"><i class=\"x-icon e728-47 mk8-x mk8-8 mk8-a\" aria-hidden=\"true\" data-x-icon-o=\"&#xf00c;\" data-x-effect=\"{&quot;durationBase&quot;:&quot;300ms&quot;}\"><\/i><\/div><div class=\"x-col e728-48 mk8-j mk8-l\"><div class=\"x-text e728-49 mk8-q mk8-r\">begrenzt Verschlei\u00df und Flecken in Firmenwagen<\/div><\/div><\/div><\/div><div class=\"x-row e728-50 mk8-b mk8-c mk8-h mk8-8 mk8-9\" data-x-effect-provider=\"colors particles effects\" data-x-effect=\"{&quot;durationBase&quot;:&quot;300ms&quot;}\"><div class=\"x-row-inner\"><div class=\"x-col e728-51 mk8-j mk8-l\"><i class=\"x-icon e728-52 mk8-x mk8-8 mk8-a\" aria-hidden=\"true\" data-x-icon-o=\"&#xf00c;\" data-x-effect=\"{&quot;durationBase&quot;:&quot;300ms&quot;}\"><\/i><\/div><div class=\"x-col e728-53 mk8-j mk8-l\"><div class=\"x-text e728-54 mk8-q mk8-r\">spricht ein breites Kundenspektrum an<\/div><\/div><\/div><\/div><div class=\"x-row e728-55 mk8-b mk8-c mk8-h mk8-8 mk8-9\" data-x-effect-provider=\"colors particles effects\" data-x-effect=\"{&quot;durationBase&quot;:&quot;300ms&quot;}\"><div class=\"x-row-inner\"><div class=\"x-col e728-56 mk8-j mk8-l\"><i class=\"x-icon e728-57 mk8-x mk8-8 mk8-a\" aria-hidden=\"true\" data-x-icon-o=\"&#xf00c;\" data-x-effect=\"{&quot;durationBase&quot;:&quot;300ms&quot;}\"><\/i><\/div><div class=\"x-col e728-58 mk8-j mk8-l\"><div class=\"x-text e728-59 mk8-q mk8-r\">Lippe an der Au\u00dfenkante f\u00e4ngt Fl\u00fcssigkeiten auf<\/div><\/div><\/div><\/div><div class=\"x-row e728-60 mk8-b mk8-c mk8-h mk8-8 mk8-9\" data-x-effect-provider=\"colors particles effects\" data-x-effect=\"{&quot;durationBase&quot;:&quot;300ms&quot;}\"><div class=\"x-row-inner\"><div class=\"x-col e728-61 mk8-j mk8-l\"><i class=\"x-icon e728-62 mk8-x mk8-8 mk8-a\" aria-hidden=\"true\" data-x-icon-o=\"&#xf00c;\" data-x-effect=\"{&quot;durationBase&quot;:&quot;300ms&quot;}\"><\/i><\/div><div class=\"x-col e728-63 mk8-j mk8-l\"><div class=\"x-text e728-64 mk8-q mk8-r\">garantiert perfekte Passform<\/div><\/div><\/div><\/div><div class=\"x-row e728-65 mk8-b mk8-c mk8-h mk8-8 mk8-9\" data-x-effect-provider=\"colors particles effects\" data-x-effect=\"{&quot;durationBase&quot;:&quot;300ms&quot;}\"><div class=\"x-row-inner\"><div class=\"x-col e728-66 mk8-j mk8-l\"><i class=\"x-icon e728-67 mk8-x mk8-8 mk8-a\" aria-hidden=\"true\" data-x-icon-o=\"&#xf00c;\" data-x-effect=\"{&quot;durationBase&quot;:&quot;300ms&quot;}\"><\/i><\/div><div class=\"x-col e728-68 mk8-j mk8-l\"><div class=\"x-text e728-69 mk8-q mk8-r\">vollst\u00e4ndig kompatibel mit den Travall Guard-, Divider- und TailGate-Produkten.<\/div><\/div><\/div><\/div><div class=\"x-text e728-70 mk8-p mk8-q\">Sprechen Sie mit unserem B2B-Team, um mehr \u00fcber das Travall-Sortiment zum Schutz des Fahrzeugs zu erfahren.<\/div><\/div><\/div><\/div><\/div><\/div><\/div><\/div><div class=\"x-section e728-71 mk8-0 mk8-2 mk8-6 mk8-7\"><div class=\"cs-content x-global-block x-global-block-716 e728-72\"><div class=\"x-section e716-1 mjw-0\"><div class=\"x-row x-container max width e716-2 mjw-1\"><div class=\"x-row-inner\"><div class=\"x-col e716-3 mjw-2\"><a class=\"x-anchor x-anchor-button has-graphic e716-4 mjw-3 mjw-4\" tabindex=\"0\" href=\"tel:+49%20(0)%202821%20748%203080\"><div class=\"x-anchor-content\"><span class=\"x-graphic\" aria-hidden=\"true\"><i class=\"x-icon x-graphic-child x-graphic-icon x-graphic-primary\" aria-hidden=\"true\" data-x-icon-s=\"&#xf879;\"><\/i><\/span><div class=\"x-anchor-text\"><span class=\"x-anchor-text-primary\">Kontakt<\/span><span class=\"x-anchor-text-secondary\">+49 (0) 2821 748 3080<\/span><\/div><\/div><\/a><\/div><div class=\"x-col e716-5 mjw-2\"><a class=\"x-anchor x-anchor-button has-graphic e716-6 mjw-3 mjw-5\" tabindex=\"0\" href=\"mailto:info@travall.com\"><div class=\"x-anchor-content\"><span class=\"x-graphic\" aria-hidden=\"true\"><i class=\"x-icon x-graphic-child x-graphic-icon x-graphic-primary\" aria-hidden=\"true\" data-x-icon-s=\"&#xf406;\"><\/i><\/span><div class=\"x-anchor-text\"><span class=\"x-anchor-text-primary\">H\u00e4ndleranfragen<\/span><span class=\"x-anchor-text-secondary\">info@travall.com<\/span><\/div><\/div><\/a><\/div><\/div><\/div><\/div><\/div><\/div><div class=\"x-section e728-73 mk8-0 mk8-2 mk8-4 mk8-6\"><div class=\"cs-content x-global-block x-global-block-717 e728-74\"><div class=\"x-section e717-1 mjx-0\"><div class=\"x-row x-container max width e717-2 mjx-1\"><div class=\"x-row-inner\"><div class=\"x-col e717-3 mjx-2 mjx-3\"><div class=\"x-text x-text-headline e717-4 mjx-4\"><div class=\"x-text-content\"><div class=\"x-text-content-text\"><h3 class=\"x-text-content-text-primary\">Senden Sie uns eine E-Mail<\/h3><\/div><\/div><\/div><div class=\"x-text e717-5 mjx-5\"><p>Das Travall-Vertriebspartnerprogramm f\u00fcr EU-Kunden* wurde f\u00fcr Sie und Ihr Unternehmen entwickelt. Unser Zubeh\u00f6r, das zum besten seiner Klasse geh\u00f6rt, ist ganz einfach zu vertreiben. Die Produkte sind in Deutschland auf Lager und werden von dort aus direkt an Ihre Kunden versandt. Und unseren Flottenkunden machen wir es besonders leicht, den kompletten Fuhrpark mit perfekt passendem Zubeh\u00f6r auszustatten - egal, um wie viele Fahrzeuge es sich handelt.<\/p>\n<p>*F\u00fcr gewerbliche Kunden aus den <a href=\"https:\/\/b2b.travall.com\" target=\"_blank\" rel=\"noopener\"><span style=\"color: #ec821b;\">USA<\/span><\/a> oder aus dem <a href=\"https:\/\/b2b.travall.com\/en-uk\" target=\"_blank\" rel=\"noopener\"><span style=\"color: #ec821b;\">Vereinigten K\u00f6nigreich &amp; Drittstaaten<\/span><\/a> bieten wir separate Vertriebspartnerprogramme an. Klicken Sie auf einen der Links, um zur B2B-Webseite f\u00fcr Ihre Region zu gelangen.<\/p><\/div><\/div><div class=\"x-col e717-6 mjx-3\"><div class=\"wpcf7 no-js\" id=\"wpcf7-f69-o1\" lang=\"en-GB\" dir=\"ltr\">\n<div class=\"screen-reader-response\"><p role=\"status\" aria-live=\"polite\" aria-atomic=\"true\"><\/p> <ul><\/ul><\/div>\n<form action=\"\/de-eu\/wp-json\/wp\/v2\/pages\/728#wpcf7-f69-o1\" method=\"post\" class=\"wpcf7-form init\" aria-label=\"Contact form\" novalidate=\"novalidate\" data-status=\"init\">\n<div style=\"display: none;\">\n<input type=\"hidden\" name=\"_wpcf7\" value=\"69\" \/>\n<input type=\"hidden\" name=\"_wpcf7_version\" value=\"5.7.1\" \/>\n<input type=\"hidden\" name=\"_wpcf7_locale\" value=\"en_GB\" \/>\n<input type=\"hidden\" name=\"_wpcf7_unit_tag\" value=\"wpcf7-f69-o1\" \/>\n<input type=\"hidden\" name=\"_wpcf7_container_post\" value=\"0\" \/>\n<input type=\"hidden\" name=\"_wpcf7_posted_data_hash\" value=\"\" \/>\n<\/div>\n<p><label>Name<br \/>\n<span class=\"wpcf7-form-control-wrap\" data-name=\"your-name\"><input size=\"40\" class=\"wpcf7-form-control wpcf7-text wpcf7-validates-as-required\" aria-required=\"true\" aria-invalid=\"false\" value=\"\" type=\"text\" name=\"your-name\" \/><\/span> <\/label>\n<\/p>\n<p><label>Email-Adresse<br \/>\n<span class=\"wpcf7-form-control-wrap\" data-name=\"your-email\"><input size=\"40\" class=\"wpcf7-form-control wpcf7-text wpcf7-email wpcf7-validates-as-required wpcf7-validates-as-email\" aria-required=\"true\" aria-invalid=\"false\" value=\"\" type=\"email\" name=\"your-email\" \/><\/span><\/label>\n<\/p>\n<p><label>Telefonnummer<br \/>\n<span class=\"wpcf7-form-control-wrap\" data-name=\"your-tel\"><input size=\"40\" class=\"wpcf7-form-control wpcf7-text wpcf7-tel wpcf7-validates-as-tel\" aria-invalid=\"false\" value=\"\" type=\"tel\" name=\"your-tel\" \/><\/span> <\/label>\n<\/p>\n<p><label>Nachricht<br \/>\n<span class=\"wpcf7-form-control-wrap\" data-name=\"your-message\"><textarea cols=\"40\" rows=\"10\" class=\"wpcf7-form-control wpcf7-textarea wpcf7-validates-as-required\" aria-required=\"true\" aria-invalid=\"false\" name=\"your-message\"><\/textarea><\/span> <\/label>\n<\/p>\n<p><input class=\"wpcf7-form-control has-spinner wpcf7-submit\" type=\"submit\" value=\"Nachricht senden\" \/>\n<\/p><div class=\"wpcf7-response-output\" aria-hidden=\"true\"><\/div><\/form><\/div><\/div><\/div><\/div><\/div><\/div><\/div><div class=\"x-section e728-75 mk8-0 mk8-2 mk8-6\"><div class=\"cs-content x-global-block x-global-block-718 e728-76\"><div class=\"x-section e718-1 mjy-0\"><div class=\"x-row x-container max width e718-2 mjy-1 mjy-2\"><div class=\"x-row-inner\"><div class=\"x-col e718-3 mjy-4 mjy-5\"><span class=\"x-image e718-4 mjy-6\"><img src=\"https:\/\/b2b.travall.com\/de-eu\/wp-content\/uploads\/2020\/03\/logistic-map.png\" width=\"969\" height=\"468\" alt=\"Image\" loading=\"lazy\"><\/span><div class=\"x-row e718-5 mjy-1 mjy-3\"><div class=\"x-row-inner\"><div class=\"x-col e718-6 mjy-4\"><div class=\"x-text x-text-headline e718-7 mjy-7\"><div class=\"x-text-content\"><div class=\"x-text-content-text\"><h4 class=\"x-text-content-text-primary\">UK<\/h4><\/div><\/div><\/div><div class=\"x-text e718-8 mjy-8\"><p>Travall United Kingdom<br>Gosforth Road<br>Derby<br>DE24 8HU<br>United Kingdom<\/p><\/div><\/div><div class=\"x-col e718-9 mjy-4\"><div class=\"x-text x-text-headline e718-10 mjy-7\"><div class=\"x-text-content\"><div class=\"x-text-content-text\"><h4 class=\"x-text-content-text-primary\">USA<\/h4><\/div><\/div><\/div><div class=\"x-text e718-11 mjy-8\"><p>Travall<br \/>1230 Peachtree St NE<br \/>Suite 1900<br \/>Atlanta, GA 30309<br \/>USA<\/p><\/div><\/div><div class=\"x-col e718-12 mjy-4\"><div class=\"x-text x-text-headline e718-13 mjy-7\"><div class=\"x-text-content\"><div class=\"x-text-content-text\"><h4 class=\"x-text-content-text-primary\">Germany<\/h4><\/div><\/div><\/div><div class=\"x-text e718-14 mjy-8\"><p style=\"text-align: left;\">Travall<br \/>\nWestendstra\u00dfe 28<br \/>\n60325 Frankfurt<br \/>\nDeutschland<\/p><\/div><\/div><\/div><\/div><\/div><\/div><\/div><\/div><\/div><\/div><\/div>\n","protected":false},"excerpt":{"rendered":"<p>PRODUKTETravall CargoMatDer regelm\u00e4\u00dfige Transport von Gegenst\u00e4nden im Kofferraum kann \u00e4rgerliche Spuren am Interieur hinterlassen. Travalls flexible und gleichzeitig strapazierf\u00e4hige Kofferraumwanne ist ein simples und erschwingliches Produkt, das den Bodenbelag im Heck vor Flecken und Abnutzung bewahrt. Die Travall CargoMat kann ganz einfach eingelegt werden und passt sich perfekt an die Konturen des Kofferraums an. Der leicht erh\u00f6hte Rand sorgt daf\u00fcr, &#8230; <a href=\"https:\/\/b2b.travall.com\/de-eu\/travall-cargomat\/\" class=\"more-link\">Read More<\/a><\/p>\n","protected":false},"author":1,"featured_media":0,"parent":0,"menu_order":0,"comment_status":"closed","ping_status":"closed","template":"template-blank-4.php","meta":[],"yoast_head":"<!-- This site is optimized with the Yoast SEO plugin v19.12 - https:\/\/yoast.com\/wordpress\/plugins\/seo\/ -->\n<title>Travall Cargomat - Travall B2B DE Site<\/title>\n<meta name=\"robots\" content=\"index, follow, max-snippet:-1, max-image-preview:large, max-video-preview:-1\" \/>\n<link rel=\"canonical\" href=\"https:\/\/b2b.travall.com\/de-eu\/travall-cargomat\/\" \/>\n<meta property=\"og:locale\" content=\"de_DE\" \/>\n<meta property=\"og:type\" content=\"article\" \/>\n<meta property=\"og:title\" content=\"Travall Cargomat - Travall B2B DE Site\" \/>\n<meta property=\"og:description\" content=\"PRODUKTETravall CargoMatDer regelm\u00e4\u00dfige Transport von Gegenst\u00e4nden im Kofferraum kann \u00e4rgerliche Spuren am Interieur hinterlassen. Travalls flexible und gleichzeitig strapazierf\u00e4hige Kofferraumwanne ist ein simples und erschwingliches Produkt, das den Bodenbelag im Heck vor Flecken und Abnutzung bewahrt. Die Travall CargoMat kann ganz einfach eingelegt werden und passt sich perfekt an die Konturen des Kofferraums an. Der leicht erh\u00f6hte Rand sorgt daf\u00fcr, ... Read More\" \/>\n<meta property=\"og:url\" content=\"https:\/\/b2b.travall.com\/de-eu\/travall-cargomat\/\" \/>\n<meta property=\"og:site_name\" content=\"Travall B2B DE Site\" \/>\n<meta property=\"article:modified_time\" content=\"2023-01-25T14:10:19+00:00\" \/>\n<meta name=\"twitter:card\" content=\"summary_large_image\" \/>\n<meta name=\"twitter:label1\" content=\"Gesch\u00e4tzte Lesezeit\" \/>\n\t<meta name=\"twitter:data1\" content=\"4\u00a0Minuten\" \/>\n<script type=\"application\/ld+json\" class=\"yoast-schema-graph\">{\"@context\":\"https:\/\/schema.org\",\"@graph\":[{\"@type\":\"WebPage\",\"@id\":\"https:\/\/b2b.travall.com\/de-eu\/travall-cargomat\/\",\"url\":\"https:\/\/b2b.travall.com\/de-eu\/travall-cargomat\/\",\"name\":\"Travall Cargomat - Travall B2B DE Site\",\"isPartOf\":{\"@id\":\"https:\/\/b2b.travall.com\/de-eu\/#website\"},\"datePublished\":\"2022-11-07T10:20:09+00:00\",\"dateModified\":\"2023-01-25T14:10:19+00:00\",\"breadcrumb\":{\"@id\":\"https:\/\/b2b.travall.com\/de-eu\/travall-cargomat\/#breadcrumb\"},\"inLanguage\":\"de\",\"potentialAction\":[{\"@type\":\"ReadAction\",\"target\":[\"https:\/\/b2b.travall.com\/de-eu\/travall-cargomat\/\"]}]},{\"@type\":\"BreadcrumbList\",\"@id\":\"https:\/\/b2b.travall.com\/de-eu\/travall-cargomat\/#breadcrumb\",\"itemListElement\":[{\"@type\":\"ListItem\",\"position\":1,\"name\":\"Home\",\"item\":\"https:\/\/b2b.travall.com\/de-eu\/\"},{\"@type\":\"ListItem\",\"position\":2,\"name\":\"Travall Cargomat\"}]},{\"@type\":\"WebSite\",\"@id\":\"https:\/\/b2b.travall.com\/de-eu\/#website\",\"url\":\"https:\/\/b2b.travall.com\/de-eu\/\",\"name\":\"Travall B2B DE Site\",\"description\":\"Now you can really have it all\",\"potentialAction\":[{\"@type\":\"SearchAction\",\"target\":{\"@type\":\"EntryPoint\",\"urlTemplate\":\"https:\/\/b2b.travall.com\/de-eu\/?s={search_term_string}\"},\"query-input\":\"required name=search_term_string\"}],\"inLanguage\":\"de\"}]}<\/script>\n<!-- \/ Yoast SEO plugin. -->","yoast_head_json":{"title":"Travall Cargomat - Travall B2B DE Site","robots":{"index":"index","follow":"follow","max-snippet":"max-snippet:-1","max-image-preview":"max-image-preview:large","max-video-preview":"max-video-preview:-1"},"canonical":"https:\/\/b2b.travall.com\/de-eu\/travall-cargomat\/","og_locale":"de_DE","og_type":"article","og_title":"Travall Cargomat - Travall B2B DE Site","og_description":"PRODUKTETravall CargoMatDer regelm\u00e4\u00dfige Transport von Gegenst\u00e4nden im Kofferraum kann \u00e4rgerliche Spuren am Interieur hinterlassen. Travalls flexible und gleichzeitig strapazierf\u00e4hige Kofferraumwanne ist ein simples und erschwingliches Produkt, das den Bodenbelag im Heck vor Flecken und Abnutzung bewahrt. Die Travall CargoMat kann ganz einfach eingelegt werden und passt sich perfekt an die Konturen des Kofferraums an. Der leicht erh\u00f6hte Rand sorgt daf\u00fcr, ... Read More","og_url":"https:\/\/b2b.travall.com\/de-eu\/travall-cargomat\/","og_site_name":"Travall B2B DE Site","article_modified_time":"2023-01-25T14:10:19+00:00","twitter_card":"summary_large_image","twitter_misc":{"Gesch\u00e4tzte Lesezeit":"4\u00a0Minuten"},"schema":{"@context":"https:\/\/schema.org","@graph":[{"@type":"WebPage","@id":"https:\/\/b2b.travall.com\/de-eu\/travall-cargomat\/","url":"https:\/\/b2b.travall.com\/de-eu\/travall-cargomat\/","name":"Travall Cargomat - Travall B2B DE Site","isPartOf":{"@id":"https:\/\/b2b.travall.com\/de-eu\/#website"},"datePublished":"2022-11-07T10:20:09+00:00","dateModified":"2023-01-25T14:10:19+00:00","breadcrumb":{"@id":"https:\/\/b2b.travall.com\/de-eu\/travall-cargomat\/#breadcrumb"},"inLanguage":"de","potentialAction":[{"@type":"ReadAction","target":["https:\/\/b2b.travall.com\/de-eu\/travall-cargomat\/"]}]},{"@type":"BreadcrumbList","@id":"https:\/\/b2b.travall.com\/de-eu\/travall-cargomat\/#breadcrumb","itemListElement":[{"@type":"ListItem","position":1,"name":"Home","item":"https:\/\/b2b.travall.com\/de-eu\/"},{"@type":"ListItem","position":2,"name":"Travall Cargomat"}]},{"@type":"WebSite","@id":"https:\/\/b2b.travall.com\/de-eu\/#website","url":"https:\/\/b2b.travall.com\/de-eu\/","name":"Travall B2B DE Site","description":"Now you can really have it all","potentialAction":[{"@type":"SearchAction","target":{"@type":"EntryPoint","urlTemplate":"https:\/\/b2b.travall.com\/de-eu\/?s={search_term_string}"},"query-input":"required name=search_term_string"}],"inLanguage":"de"}]}},"_links":{"self":[{"href":"https:\/\/b2b.travall.com\/de-eu\/wp-json\/wp\/v2\/pages\/728"}],"collection":[{"href":"https:\/\/b2b.travall.com\/de-eu\/wp-json\/wp\/v2\/pages"}],"about":[{"href":"https:\/\/b2b.travall.com\/de-eu\/wp-json\/wp\/v2\/types\/page"}],"author":[{"embeddable":true,"href":"https:\/\/b2b.travall.com\/de-eu\/wp-json\/wp\/v2\/users\/1"}],"replies":[{"embeddable":true,"href":"https:\/\/b2b.travall.com\/de-eu\/wp-json\/wp\/v2\/comments?post=728"}],"version-history":[{"count":6,"href":"https:\/\/b2b.travall.com\/de-eu\/wp-json\/wp\/v2\/pages\/728\/revisions"}],"predecessor-version":[{"id":923,"href":"https:\/\/b2b.travall.com\/de-eu\/wp-json\/wp\/v2\/pages\/728\/revisions\/923"}],"wp:attachment":[{"href":"https:\/\/b2b.travall.com\/de-eu\/wp-json\/wp\/v2\/media?parent=728"}],"curies":[{"name":"wp","href":"https:\/\/api.w.org\/{rel}","templated":true}]}}