{"id":725,"date":"2022-11-07T11:18:51","date_gmt":"2022-11-07T10:18:51","guid":{"rendered":"https:\/\/b2b.travall.com\/de-eu\/travall-tailgate-2\/"},"modified":"2022-11-21T15:35:45","modified_gmt":"2022-11-21T14:35:45","slug":"travall-tailgate-2","status":"publish","type":"page","link":"https:\/\/b2b.travall.com\/de-eu\/travall-tailgate-2\/","title":{"rendered":"Travall Tailgate"},"content":{"rendered":"<div id=\"cs-content\" class=\"cs-content\"><div class=\"x-section e725-1 mk5-0 mk5-1 mk5-2\"><div class=\"x-bg\" aria-hidden=\"true\" style=\"border-radius: 0px 0px 0px 0px;\"><div class=\"x-bg-layer-lower-image\" style=\" background-image: url(https:\/\/b2b.travall.com\/de-eu\/wp-content\/uploads\/2020\/01\/TravallTailgateBanner.jpg); background-repeat: no-repeat; background-position: center; background-size: cover;\"><\/div><div class=\"x-bg-layer-upper-color\" style=\" background-color: rgba(0, 0, 0, 0.4);\"><\/div><\/div><div class=\"x-row x-container max width e725-2 mk5-b mk5-c mk5-d\"><div class=\"x-row-inner\"><div class=\"x-col e725-3 mk5-i mk5-j\"><div class=\"x-text x-text-headline e725-4 mk5-m mk5-n\"><div class=\"x-text-content\"><div class=\"x-text-content-text\"><h1 class=\"x-text-content-text-primary\">PRODUKTE<\/h1><\/div><\/div><\/div><\/div><\/div><\/div><\/div><div class=\"x-section e725-5 mk5-0 mk5-2 mk5-3 mk5-4\"><div class=\"x-row x-container max width e725-6 mk5-b mk5-c mk5-d\"><div class=\"x-row-inner\"><div class=\"x-col e725-7 mk5-i mk5-j mk5-k\"><div class=\"x-text x-text-headline has-graphic e725-8 mk5-n mk5-o\"><div class=\"x-text-content\"><span class=\"x-graphic\" aria-hidden=\"true\"><span class=\"x-image x-graphic-child x-graphic-image x-graphic-primary\"><img src=\"https:\/\/b2b.travall.com\/de-eu\/wp-content\/uploads\/2020\/01\/Tick_clear-2.png\" width=\"101\" height=\"100\" alt=\"Image\" loading=\"lazy\"><\/span><\/span><div class=\"x-text-content-text\"><h3 class=\"x-text-content-text-primary\">Travall TailGate<\/h3><\/div><\/div><\/div><div class=\"x-text e725-9 mk5-p mk5-q\">Mit einer cleveren Erg\u00e4nzung zum Guard und Divider schaltet Travall in Sachen Kofferraumorganisation einen Gang h\u00f6her. Die Heckgittert\u00fcr wird nach den gleichen Spezifikationen wie die Gitter hergestellt und dient der Ladungssicherung. Am hinteren Ende des Kofferraums positioniert sorgt das Heckgitter daf\u00fcr, dass der Kofferrauminhalt beim \u00d6ffnen der Heckklappe an seinem Platz bleibt. Bringt man sie mittig an, schafft man mit zwei Heckgittert\u00fcren vier separate Bereiche im Heck.<\/div><a class=\"x-anchor x-anchor-button has-particle e725-10 mk5-s\" tabindex=\"0\" href=\"mailto:info@travall.com\"><div class=\"x-anchor-content\"><div class=\"x-anchor-text\"><span class=\"x-anchor-text-primary\">Haben Sie Fragen?<\/span><\/div><\/div><span class=\"x-particle is-primary\" data-x-particle=\"scale-x inside-c_l\" aria-hidden=\"true\"><span style=\"transform: skew(-30deg, 0) scale(1.3);\n\"><\/span><\/span><\/a><\/div><\/div><\/div><\/div><div class=\"x-section e725-11 mk5-0 mk5-5\"><div class=\"x-row x-container max width e725-12 mk5-b mk5-e mk5-f\"><div class=\"x-row-inner\"><div class=\"x-col e725-13 mk5-j mk5-l\"><div class=\"x-row e725-14 mk5-b mk5-e mk5-g\"><div class=\"x-row-inner\"><div class=\"x-col e725-15 mk5-j mk5-l\"><span class=\"x-image e725-16 mk5-t\"><img src=\"https:\/\/b2b.travall.com\/de-eu\/wp-content\/uploads\/2020\/01\/Travall-Tailgate.png\" alt=\"Image\" loading=\"lazy\"><\/span><\/div><div class=\"x-col e725-17 mk5-j mk5-l\"><div class=\"x-row e725-18 mk5-b mk5-c mk5-h mk5-8 mk5-9\" data-x-effect-provider=\"colors particles effects\" data-x-effect=\"{&quot;durationBase&quot;:&quot;300ms&quot;}\"><div class=\"x-row-inner\"><div class=\"x-col e725-19 mk5-j mk5-l\"><i class=\"x-icon e725-20 mk5-u mk5-8 mk5-a\" aria-hidden=\"true\" data-x-icon-o=\"&#xf00c;\" data-x-effect=\"{&quot;durationBase&quot;:&quot;300ms&quot;}\"><\/i><\/div><div class=\"x-col e725-21 mk5-j mk5-l\"><div class=\"x-text e725-22 mk5-q mk5-r\">strapazierf\u00e4hige Stahlgittert\u00fcr<\/div><\/div><\/div><\/div><div class=\"x-row e725-23 mk5-b mk5-c mk5-h mk5-8 mk5-9\" data-x-effect-provider=\"colors particles effects\" data-x-effect=\"{&quot;durationBase&quot;:&quot;300ms&quot;}\"><div class=\"x-row-inner\"><div class=\"x-col e725-24 mk5-j mk5-l\"><i class=\"x-icon e725-25 mk5-u mk5-8 mk5-a\" aria-hidden=\"true\" data-x-icon-o=\"&#xf00c;\" data-x-effect=\"{&quot;durationBase&quot;:&quot;300ms&quot;}\"><\/i><\/div><div class=\"x-col e725-26 mk5-j mk5-l\"><div class=\"x-text e725-27 mk5-q mk5-r\">kratzfeste Pulverbeschichtung f\u00fcr Langlebigkeit und ein elegantes, professionelles Erscheinungsbild<\/div><\/div><\/div><\/div><div class=\"x-row e725-28 mk5-b mk5-c mk5-h mk5-8 mk5-9\" data-x-effect-provider=\"colors particles effects\" data-x-effect=\"{&quot;durationBase&quot;:&quot;300ms&quot;}\"><div class=\"x-row-inner\"><div class=\"x-col e725-29 mk5-j mk5-l\"><i class=\"x-icon e725-30 mk5-u mk5-8 mk5-a\" aria-hidden=\"true\" data-x-icon-o=\"&#xf00c;\" data-x-effect=\"{&quot;durationBase&quot;:&quot;300ms&quot;}\"><\/i><\/div><div class=\"x-col e725-31 mk5-j mk5-l\"><div class=\"x-text e725-32 mk5-q mk5-r\">einfach zu installieren und zu entfernen, ohne Bohren oder Ver\u00e4nderungen im Auto<\/div><\/div><\/div><\/div><div class=\"x-row e725-33 mk5-b mk5-c mk5-h mk5-8 mk5-9\" data-x-effect-provider=\"colors particles effects\" data-x-effect=\"{&quot;durationBase&quot;:&quot;300ms&quot;}\"><div class=\"x-row-inner\"><div class=\"x-col e725-34 mk5-j mk5-l\"><i class=\"x-icon e725-35 mk5-u mk5-8 mk5-a\" aria-hidden=\"true\" data-x-icon-o=\"&#xf00c;\" data-x-effect=\"{&quot;durationBase&quot;:&quot;300ms&quot;}\"><\/i><\/div><div class=\"x-col e725-36 mk5-j mk5-l\"><div class=\"x-text e725-37 mk5-q mk5-r\">ideal f\u00fcr die Aufteilung des Laderaums<\/div><\/div><\/div><\/div><div class=\"x-row e725-38 mk5-b mk5-c mk5-h mk5-8 mk5-9\" data-x-effect-provider=\"colors particles effects\" data-x-effect=\"{&quot;durationBase&quot;:&quot;300ms&quot;}\"><div class=\"x-row-inner\"><div class=\"x-col e725-39 mk5-j mk5-l\"><i class=\"x-icon e725-40 mk5-u mk5-8 mk5-a\" aria-hidden=\"true\" data-x-icon-o=\"&#xf00c;\" data-x-effect=\"{&quot;durationBase&quot;:&quot;300ms&quot;}\"><\/i><\/div><div class=\"x-col e725-41 mk5-j mk5-l\"><div class=\"x-text e725-42 mk5-q mk5-r\">reduziert Verrutschen der Ladung w\u00e4hrend der Fahrt<\/div><\/div><\/div><\/div><div class=\"x-row e725-43 mk5-b mk5-c mk5-h mk5-8 mk5-9\" data-x-effect-provider=\"colors particles effects\" data-x-effect=\"{&quot;durationBase&quot;:&quot;300ms&quot;}\"><div class=\"x-row-inner\"><div class=\"x-col e725-44 mk5-j mk5-l\"><i class=\"x-icon e725-45 mk5-u mk5-8 mk5-a\" aria-hidden=\"true\" data-x-icon-o=\"&#xf00c;\" data-x-effect=\"{&quot;durationBase&quot;:&quot;300ms&quot;}\"><\/i><\/div><div class=\"x-col e725-46 mk5-j mk5-l\"><div class=\"x-text e725-47 mk5-q mk5-r\">Gegenst\u00e4nde fallen bei ge\u00f6ffneter Heckklappe nicht aus dem Kofferraum<\/div><\/div><\/div><\/div><div class=\"x-row e725-48 mk5-b mk5-c mk5-h mk5-8 mk5-9\" data-x-effect-provider=\"colors particles effects\" data-x-effect=\"{&quot;durationBase&quot;:&quot;300ms&quot;}\"><div class=\"x-row-inner\"><div class=\"x-col e725-49 mk5-j mk5-l\"><i class=\"x-icon e725-50 mk5-u mk5-8 mk5-a\" aria-hidden=\"true\" data-x-icon-o=\"&#xf00c;\" data-x-effect=\"{&quot;durationBase&quot;:&quot;300ms&quot;}\"><\/i><\/div><div class=\"x-col e725-51 mk5-j mk5-l\"><div class=\"x-text e725-52 mk5-q mk5-r\">h\u00e4lt die Hunde Ihrer Kunden davon ab, voreilig aus dem Heck zu springen<\/div><\/div><\/div><\/div><div class=\"x-row e725-53 mk5-b mk5-c mk5-h mk5-8 mk5-9\" data-x-effect-provider=\"colors particles effects\" data-x-effect=\"{&quot;durationBase&quot;:&quot;300ms&quot;}\"><div class=\"x-row-inner\"><div class=\"x-col e725-54 mk5-j mk5-l\"><i class=\"x-icon e725-55 mk5-u mk5-8 mk5-a\" aria-hidden=\"true\" data-x-icon-o=\"&#xf00c;\" data-x-effect=\"{&quot;durationBase&quot;:&quot;300ms&quot;}\"><\/i><\/div><div class=\"x-col e725-56 mk5-j mk5-l\"><div class=\"x-text e725-57 mk5-q mk5-r\">garantiert perfekte Passform.<\/div><\/div><\/div><\/div><div class=\"x-text e725-58 mk5-p mk5-q\">Rufen Sie unser B2B-Vertriebsteam an, um weitere Informationen zum Travall TailGate zu erhalten.<\/div><\/div><\/div><\/div><\/div><\/div><\/div><\/div><div class=\"x-section e725-59 mk5-0 mk5-2 mk5-6 mk5-7\"><div class=\"cs-content x-global-block x-global-block-716 e725-60\"><div class=\"x-section e716-1 mjw-0\"><div class=\"x-row x-container max width e716-2 mjw-1\"><div class=\"x-row-inner\"><div class=\"x-col e716-3 mjw-2\"><a class=\"x-anchor x-anchor-button has-graphic e716-4 mjw-3 mjw-4\" tabindex=\"0\" href=\"tel:+49%20(0)%202821%20748%203080\"><div class=\"x-anchor-content\"><span class=\"x-graphic\" aria-hidden=\"true\"><i class=\"x-icon x-graphic-child x-graphic-icon x-graphic-primary\" aria-hidden=\"true\" data-x-icon-s=\"&#xf879;\"><\/i><\/span><div class=\"x-anchor-text\"><span class=\"x-anchor-text-primary\">Kontakt<\/span><span class=\"x-anchor-text-secondary\">+49 (0) 2821 748 3080<\/span><\/div><\/div><\/a><\/div><div class=\"x-col e716-5 mjw-2\"><a class=\"x-anchor x-anchor-button has-graphic e716-6 mjw-3 mjw-5\" tabindex=\"0\" href=\"mailto:info@travall.com\"><div class=\"x-anchor-content\"><span class=\"x-graphic\" aria-hidden=\"true\"><i class=\"x-icon x-graphic-child x-graphic-icon x-graphic-primary\" aria-hidden=\"true\" data-x-icon-s=\"&#xf406;\"><\/i><\/span><div class=\"x-anchor-text\"><span class=\"x-anchor-text-primary\">H\u00e4ndleranfragen<\/span><span class=\"x-anchor-text-secondary\">info@travall.com<\/span><\/div><\/div><\/a><\/div><\/div><\/div><\/div><\/div><\/div><div class=\"x-section e725-61 mk5-0 mk5-2 mk5-4 mk5-6\"><div class=\"cs-content x-global-block x-global-block-717 e725-62\"><div class=\"x-section e717-1 mjx-0\"><div class=\"x-row x-container max width e717-2 mjx-1\"><div class=\"x-row-inner\"><div class=\"x-col e717-3 mjx-2 mjx-3\"><div class=\"x-text x-text-headline e717-4 mjx-4\"><div class=\"x-text-content\"><div class=\"x-text-content-text\"><h3 class=\"x-text-content-text-primary\">Senden Sie uns eine E-Mail<\/h3><\/div><\/div><\/div><div class=\"x-text e717-5 mjx-5\"><p>Das Travall-Vertriebspartnerprogramm f\u00fcr EU-Kunden* wurde f\u00fcr Sie und Ihr Unternehmen entwickelt. Unser Zubeh\u00f6r, das zum besten seiner Klasse geh\u00f6rt, ist ganz einfach zu vertreiben. Die Produkte sind in Deutschland auf Lager und werden von dort aus direkt an Ihre Kunden versandt. Und unseren Flottenkunden machen wir es besonders leicht, den kompletten Fuhrpark mit perfekt passendem Zubeh\u00f6r auszustatten - egal, um wie viele Fahrzeuge es sich handelt.<\/p>\n<p>*F\u00fcr gewerbliche Kunden aus den <a href=\"https:\/\/b2b.travall.com\" target=\"_blank\" rel=\"noopener\"><span style=\"color: #ec821b;\">USA<\/span><\/a> oder aus dem <a href=\"https:\/\/b2b.travall.com\/en-uk\" target=\"_blank\" rel=\"noopener\"><span style=\"color: #ec821b;\">Vereinigten K\u00f6nigreich &amp; Drittstaaten<\/span><\/a> bieten wir separate Vertriebspartnerprogramme an. Klicken Sie auf einen der Links, um zur B2B-Webseite f\u00fcr Ihre Region zu gelangen.<\/p><\/div><\/div><div class=\"x-col e717-6 mjx-3\"><div class=\"wpcf7 no-js\" id=\"wpcf7-f69-o1\" lang=\"en-GB\" dir=\"ltr\">\n<div class=\"screen-reader-response\"><p role=\"status\" aria-live=\"polite\" aria-atomic=\"true\"><\/p> <ul><\/ul><\/div>\n<form action=\"\/de-eu\/wp-json\/wp\/v2\/pages\/725#wpcf7-f69-o1\" method=\"post\" class=\"wpcf7-form init\" aria-label=\"Contact form\" novalidate=\"novalidate\" data-status=\"init\">\n<div style=\"display: none;\">\n<input type=\"hidden\" name=\"_wpcf7\" value=\"69\" \/>\n<input type=\"hidden\" name=\"_wpcf7_version\" value=\"5.7.1\" \/>\n<input type=\"hidden\" name=\"_wpcf7_locale\" value=\"en_GB\" \/>\n<input type=\"hidden\" name=\"_wpcf7_unit_tag\" value=\"wpcf7-f69-o1\" \/>\n<input type=\"hidden\" name=\"_wpcf7_container_post\" value=\"0\" \/>\n<input type=\"hidden\" name=\"_wpcf7_posted_data_hash\" value=\"\" \/>\n<\/div>\n<p><label>Name<br \/>\n<span class=\"wpcf7-form-control-wrap\" data-name=\"your-name\"><input size=\"40\" class=\"wpcf7-form-control wpcf7-text wpcf7-validates-as-required\" aria-required=\"true\" aria-invalid=\"false\" value=\"\" type=\"text\" name=\"your-name\" \/><\/span> <\/label>\n<\/p>\n<p><label>Email-Adresse<br \/>\n<span class=\"wpcf7-form-control-wrap\" data-name=\"your-email\"><input size=\"40\" class=\"wpcf7-form-control wpcf7-text wpcf7-email wpcf7-validates-as-required wpcf7-validates-as-email\" aria-required=\"true\" aria-invalid=\"false\" value=\"\" type=\"email\" name=\"your-email\" \/><\/span><\/label>\n<\/p>\n<p><label>Telefonnummer<br \/>\n<span class=\"wpcf7-form-control-wrap\" data-name=\"your-tel\"><input size=\"40\" class=\"wpcf7-form-control wpcf7-text wpcf7-tel wpcf7-validates-as-tel\" aria-invalid=\"false\" value=\"\" type=\"tel\" name=\"your-tel\" \/><\/span> <\/label>\n<\/p>\n<p><label>Nachricht<br \/>\n<span class=\"wpcf7-form-control-wrap\" data-name=\"your-message\"><textarea cols=\"40\" rows=\"10\" class=\"wpcf7-form-control wpcf7-textarea wpcf7-validates-as-required\" aria-required=\"true\" aria-invalid=\"false\" name=\"your-message\"><\/textarea><\/span> <\/label>\n<\/p>\n<p><input class=\"wpcf7-form-control has-spinner wpcf7-submit\" type=\"submit\" value=\"Nachricht senden\" \/>\n<\/p><div class=\"wpcf7-response-output\" aria-hidden=\"true\"><\/div><\/form><\/div><\/div><\/div><\/div><\/div><\/div><\/div><div class=\"x-section e725-63 mk5-0 mk5-2 mk5-6\"><div class=\"cs-content x-global-block x-global-block-718 e725-64\"><div class=\"x-section e718-1 mjy-0\"><div class=\"x-row x-container max width e718-2 mjy-1 mjy-2\"><div class=\"x-row-inner\"><div class=\"x-col e718-3 mjy-4 mjy-5\"><span class=\"x-image e718-4 mjy-6\"><img src=\"https:\/\/b2b.travall.com\/de-eu\/wp-content\/uploads\/2020\/03\/logistic-map.png\" width=\"969\" height=\"468\" alt=\"Image\" loading=\"lazy\"><\/span><div class=\"x-row e718-5 mjy-1 mjy-3\"><div class=\"x-row-inner\"><div class=\"x-col e718-6 mjy-4\"><div class=\"x-text x-text-headline e718-7 mjy-7\"><div class=\"x-text-content\"><div class=\"x-text-content-text\"><h4 class=\"x-text-content-text-primary\">UK<\/h4><\/div><\/div><\/div><div class=\"x-text e718-8 mjy-8\"><p>Travall United Kingdom<br>Gosforth Road<br>Derby<br>DE24 8HU<br>United Kingdom<\/p><\/div><\/div><div class=\"x-col e718-9 mjy-4\"><div class=\"x-text x-text-headline e718-10 mjy-7\"><div class=\"x-text-content\"><div class=\"x-text-content-text\"><h4 class=\"x-text-content-text-primary\">USA<\/h4><\/div><\/div><\/div><div class=\"x-text e718-11 mjy-8\"><p>Travall<br \/>1230 Peachtree St NE<br \/>Suite 1900<br \/>Atlanta, GA 30309<br \/>USA<\/p><\/div><\/div><div class=\"x-col e718-12 mjy-4\"><div class=\"x-text x-text-headline e718-13 mjy-7\"><div class=\"x-text-content\"><div class=\"x-text-content-text\"><h4 class=\"x-text-content-text-primary\">Germany<\/h4><\/div><\/div><\/div><div class=\"x-text e718-14 mjy-8\"><p style=\"text-align: left;\">Travall<br \/>\nWestendstra\u00dfe 28<br \/>\n60325 Frankfurt<br \/>\nDeutschland<\/p><\/div><\/div><\/div><\/div><\/div><\/div><\/div><\/div><\/div><\/div><\/div>\n","protected":false},"excerpt":{"rendered":"<p>PRODUKTETravall TailGateMit einer cleveren Erg\u00e4nzung zum Guard und Divider schaltet Travall in Sachen Kofferraumorganisation einen Gang h\u00f6her. Die Heckgittert\u00fcr wird nach den gleichen Spezifikationen wie die Gitter hergestellt und dient der Ladungssicherung. Am hinteren Ende des Kofferraums positioniert sorgt das Heckgitter daf\u00fcr, dass der Kofferrauminhalt beim \u00d6ffnen der Heckklappe an seinem Platz bleibt. Bringt man sie mittig an, schafft man &#8230; <a href=\"https:\/\/b2b.travall.com\/de-eu\/travall-tailgate-2\/\" class=\"more-link\">Read More<\/a><\/p>\n","protected":false},"author":1,"featured_media":0,"parent":0,"menu_order":0,"comment_status":"closed","ping_status":"closed","template":"template-blank-4.php","meta":[],"yoast_head":"<!-- This site is optimized with the Yoast SEO plugin v19.12 - https:\/\/yoast.com\/wordpress\/plugins\/seo\/ -->\n<title>Travall Tailgate - Travall B2B DE Site<\/title>\n<meta name=\"robots\" content=\"index, follow, max-snippet:-1, max-image-preview:large, max-video-preview:-1\" \/>\n<link rel=\"canonical\" href=\"https:\/\/b2b.travall.com\/de-eu\/travall-tailgate-2\/\" \/>\n<meta property=\"og:locale\" content=\"de_DE\" \/>\n<meta property=\"og:type\" content=\"article\" \/>\n<meta property=\"og:title\" content=\"Travall Tailgate - Travall B2B DE Site\" \/>\n<meta property=\"og:description\" content=\"PRODUKTETravall TailGateMit einer cleveren Erg\u00e4nzung zum Guard und Divider schaltet Travall in Sachen Kofferraumorganisation einen Gang h\u00f6her. Die Heckgittert\u00fcr wird nach den gleichen Spezifikationen wie die Gitter hergestellt und dient der Ladungssicherung. Am hinteren Ende des Kofferraums positioniert sorgt das Heckgitter daf\u00fcr, dass der Kofferrauminhalt beim \u00d6ffnen der Heckklappe an seinem Platz bleibt. Bringt man sie mittig an, schafft man ... Read More\" \/>\n<meta property=\"og:url\" content=\"https:\/\/b2b.travall.com\/de-eu\/travall-tailgate-2\/\" \/>\n<meta property=\"og:site_name\" content=\"Travall B2B DE Site\" \/>\n<meta property=\"article:modified_time\" content=\"2022-11-21T14:35:45+00:00\" \/>\n<meta name=\"twitter:card\" content=\"summary_large_image\" \/>\n<meta name=\"twitter:label1\" content=\"Gesch\u00e4tzte Lesezeit\" \/>\n\t<meta name=\"twitter:data1\" content=\"4\u00a0Minuten\" \/>\n<script type=\"application\/ld+json\" class=\"yoast-schema-graph\">{\"@context\":\"https:\/\/schema.org\",\"@graph\":[{\"@type\":\"WebPage\",\"@id\":\"https:\/\/b2b.travall.com\/de-eu\/travall-tailgate-2\/\",\"url\":\"https:\/\/b2b.travall.com\/de-eu\/travall-tailgate-2\/\",\"name\":\"Travall Tailgate - Travall B2B DE Site\",\"isPartOf\":{\"@id\":\"https:\/\/b2b.travall.com\/de-eu\/#website\"},\"datePublished\":\"2022-11-07T10:18:51+00:00\",\"dateModified\":\"2022-11-21T14:35:45+00:00\",\"breadcrumb\":{\"@id\":\"https:\/\/b2b.travall.com\/de-eu\/travall-tailgate-2\/#breadcrumb\"},\"inLanguage\":\"de\",\"potentialAction\":[{\"@type\":\"ReadAction\",\"target\":[\"https:\/\/b2b.travall.com\/de-eu\/travall-tailgate-2\/\"]}]},{\"@type\":\"BreadcrumbList\",\"@id\":\"https:\/\/b2b.travall.com\/de-eu\/travall-tailgate-2\/#breadcrumb\",\"itemListElement\":[{\"@type\":\"ListItem\",\"position\":1,\"name\":\"Home\",\"item\":\"https:\/\/b2b.travall.com\/de-eu\/\"},{\"@type\":\"ListItem\",\"position\":2,\"name\":\"Travall Tailgate\"}]},{\"@type\":\"WebSite\",\"@id\":\"https:\/\/b2b.travall.com\/de-eu\/#website\",\"url\":\"https:\/\/b2b.travall.com\/de-eu\/\",\"name\":\"Travall B2B DE Site\",\"description\":\"Now you can really have it all\",\"potentialAction\":[{\"@type\":\"SearchAction\",\"target\":{\"@type\":\"EntryPoint\",\"urlTemplate\":\"https:\/\/b2b.travall.com\/de-eu\/?s={search_term_string}\"},\"query-input\":\"required name=search_term_string\"}],\"inLanguage\":\"de\"}]}<\/script>\n<!-- \/ Yoast SEO plugin. -->","yoast_head_json":{"title":"Travall Tailgate - Travall B2B DE Site","robots":{"index":"index","follow":"follow","max-snippet":"max-snippet:-1","max-image-preview":"max-image-preview:large","max-video-preview":"max-video-preview:-1"},"canonical":"https:\/\/b2b.travall.com\/de-eu\/travall-tailgate-2\/","og_locale":"de_DE","og_type":"article","og_title":"Travall Tailgate - Travall B2B DE Site","og_description":"PRODUKTETravall TailGateMit einer cleveren Erg\u00e4nzung zum Guard und Divider schaltet Travall in Sachen Kofferraumorganisation einen Gang h\u00f6her. Die Heckgittert\u00fcr wird nach den gleichen Spezifikationen wie die Gitter hergestellt und dient der Ladungssicherung. Am hinteren Ende des Kofferraums positioniert sorgt das Heckgitter daf\u00fcr, dass der Kofferrauminhalt beim \u00d6ffnen der Heckklappe an seinem Platz bleibt. Bringt man sie mittig an, schafft man ... Read More","og_url":"https:\/\/b2b.travall.com\/de-eu\/travall-tailgate-2\/","og_site_name":"Travall B2B DE Site","article_modified_time":"2022-11-21T14:35:45+00:00","twitter_card":"summary_large_image","twitter_misc":{"Gesch\u00e4tzte Lesezeit":"4\u00a0Minuten"},"schema":{"@context":"https:\/\/schema.org","@graph":[{"@type":"WebPage","@id":"https:\/\/b2b.travall.com\/de-eu\/travall-tailgate-2\/","url":"https:\/\/b2b.travall.com\/de-eu\/travall-tailgate-2\/","name":"Travall Tailgate - Travall B2B DE Site","isPartOf":{"@id":"https:\/\/b2b.travall.com\/de-eu\/#website"},"datePublished":"2022-11-07T10:18:51+00:00","dateModified":"2022-11-21T14:35:45+00:00","breadcrumb":{"@id":"https:\/\/b2b.travall.com\/de-eu\/travall-tailgate-2\/#breadcrumb"},"inLanguage":"de","potentialAction":[{"@type":"ReadAction","target":["https:\/\/b2b.travall.com\/de-eu\/travall-tailgate-2\/"]}]},{"@type":"BreadcrumbList","@id":"https:\/\/b2b.travall.com\/de-eu\/travall-tailgate-2\/#breadcrumb","itemListElement":[{"@type":"ListItem","position":1,"name":"Home","item":"https:\/\/b2b.travall.com\/de-eu\/"},{"@type":"ListItem","position":2,"name":"Travall Tailgate"}]},{"@type":"WebSite","@id":"https:\/\/b2b.travall.com\/de-eu\/#website","url":"https:\/\/b2b.travall.com\/de-eu\/","name":"Travall B2B DE Site","description":"Now you can really have it all","potentialAction":[{"@type":"SearchAction","target":{"@type":"EntryPoint","urlTemplate":"https:\/\/b2b.travall.com\/de-eu\/?s={search_term_string}"},"query-input":"required name=search_term_string"}],"inLanguage":"de"}]}},"_links":{"self":[{"href":"https:\/\/b2b.travall.com\/de-eu\/wp-json\/wp\/v2\/pages\/725"}],"collection":[{"href":"https:\/\/b2b.travall.com\/de-eu\/wp-json\/wp\/v2\/pages"}],"about":[{"href":"https:\/\/b2b.travall.com\/de-eu\/wp-json\/wp\/v2\/types\/page"}],"author":[{"embeddable":true,"href":"https:\/\/b2b.travall.com\/de-eu\/wp-json\/wp\/v2\/users\/1"}],"replies":[{"embeddable":true,"href":"https:\/\/b2b.travall.com\/de-eu\/wp-json\/wp\/v2\/comments?post=725"}],"version-history":[{"count":4,"href":"https:\/\/b2b.travall.com\/de-eu\/wp-json\/wp\/v2\/pages\/725\/revisions"}],"predecessor-version":[{"id":820,"href":"https:\/\/b2b.travall.com\/de-eu\/wp-json\/wp\/v2\/pages\/725\/revisions\/820"}],"wp:attachment":[{"href":"https:\/\/b2b.travall.com\/de-eu\/wp-json\/wp\/v2\/media?parent=725"}],"curies":[{"name":"wp","href":"https:\/\/api.w.org\/{rel}","templated":true}]}}