{"id":713,"date":"2022-11-07T11:06:38","date_gmt":"2022-11-07T10:06:38","guid":{"rendered":"https:\/\/b2b.travall.com\/de-eu\/resources\/"},"modified":"2023-01-25T12:12:28","modified_gmt":"2023-01-25T11:12:28","slug":"resources","status":"publish","type":"page","link":"https:\/\/b2b.travall.com\/de-eu\/resources\/","title":{"rendered":"resources"},"content":{"rendered":"<div id=\"cs-content\" class=\"cs-content\"><div class=\"x-section e713-1 mjt-0 mjt-1 mjt-2\"><div class=\"x-bg\" aria-hidden=\"true\" style=\"border-radius: 0px 0px 0px 0px;\"><div class=\"x-bg-layer-lower-image\" style=\" background-image: url(https:\/\/b2b.travall.com\/de-eu\/wp-content\/uploads\/2022\/11\/resources-image-travall-01.jpg); background-repeat: no-repeat; background-position: center 50%; background-size: cover;\"><\/div><div class=\"x-bg-layer-upper-color\" style=\" background-color: rgba(0, 0, 0, 0.4);\"><\/div><\/div><div class=\"x-row x-container max width e713-2 mjt-8 mjt-9 mjt-a mjt-b mjt-c\"><div class=\"x-row-inner\"><div class=\"x-col e713-3 mjt-l mjt-m\"><div class=\"x-text x-text-headline e713-4 mjt-u mjt-v\"><div class=\"x-text-content\"><div class=\"x-text-content-text\"><h1 class=\"x-text-content-text-primary\">Wissenswertes<\/h1><\/div><\/div><\/div><\/div><\/div><\/div><\/div><div class=\"x-section e713-5 mjt-0 mjt-2 mjt-3 mjt-4\"><div class=\"x-row x-container max width e713-6 mjt-8 mjt-9 mjt-a mjt-b mjt-c\"><div class=\"x-row-inner\"><div class=\"x-col e713-7 mjt-l mjt-m mjt-n mjt-o mjt-p\"><div class=\"x-text e713-8 mjt-x mjt-y mjt-z mjt-10 mjt-11\">Wir m\u00f6chten unsere Partnerschaft mit Ihrem Unternehmen so einfach und unkompliziert wie m\u00f6glich gestalten. Daher haben wir informative Videos gedreht, die Sie unter Anderem bei Fragen zur Nachr\u00fcstung der Produkte unterst\u00fctzen.<\/div><\/div><\/div><\/div><\/div><div class=\"x-section e713-9 mjt-0 mjt-5\"><div class=\"x-row x-container max width e713-10 mjt-8 mjt-c mjt-d mjt-e mjt-f\"><div class=\"x-row-inner\"><div class=\"x-col e713-11 mjt-m mjt-q mjt-r\"><div class=\"x-frame x-frame-video-embed e713-12 mjt-17 mjt-18\"><div class=\"x-frame-inner\"><div class=\"x-video x-video-embed\"><iframe width=\"560\" height=\"315\" src=\"https:\/\/www.youtube.com\/embed\/w4SFVIlZU-8\" title=\"YouTube video player\" frameborder=\"0\" allow=\"accelerometer; autoplay; clipboard-write; encrypted-media; gyroscope; picture-in-picture; web-share\" allowfullscreen><\/iframe><\/div><\/div><\/div><\/div><div class=\"x-col e713-13 mjt-m mjt-q mjt-r\"><div class=\"x-frame x-frame-video-embed e713-14 mjt-17 mjt-18\"><div class=\"x-frame-inner\"><div class=\"x-video x-video-embed\"><iframe width=\"560\" height=\"315\" src=\"https:\/\/www.youtube.com\/embed\/wb7lvoeh32c\" title=\"YouTube video player\" frameborder=\"0\" allow=\"accelerometer; autoplay; clipboard-write; encrypted-media; gyroscope; picture-in-picture; web-share\" allowfullscreen><\/iframe><\/div><\/div><\/div><\/div><div class=\"x-col e713-15 mjt-m mjt-q mjt-r\"><div class=\"x-frame x-frame-video-embed e713-16 mjt-17 mjt-18\"><div class=\"x-frame-inner\"><div class=\"x-video x-video-embed\"><iframe width=\"560\" height=\"315\" src=\"https:\/\/www.youtube.com\/embed\/J58jycCDxcw\" title=\"YouTube video player\" frameborder=\"0\" allow=\"accelerometer; autoplay; clipboard-write; encrypted-media; gyroscope; picture-in-picture; web-share\" allowfullscreen><\/iframe><\/div><\/div><\/div><\/div><\/div><\/div><div class=\"x-row x-container max width e713-17 mjt-8 mjt-a mjt-b mjt-g mjt-h\"><div class=\"x-row-inner\"><div class=\"x-col e713-18 mjt-m mjt-n mjt-p mjt-q mjt-s\"><div class=\"x-text e713-19 mjt-z mjt-10 mjt-12 mjt-13 mjt-14\">Eine vollst\u00e4ndige Videosammlung, inklusive Einbauanleitungen f\u00fcr viele Automarken und -modelle, finden Sie auf dem Travall-YouTube-Kanal.<\/div><a class=\"x-anchor x-anchor-button has-particle e713-20 mjt-19\" tabindex=\"0\" href=\"https:\/\/www.youtube.com\/channel\/UC_VBHVDrA3Chaz8cgIrmyew\" target=\"_blank\"><div class=\"x-anchor-content\"><div class=\"x-anchor-text\"><span class=\"x-anchor-text-primary\">YouTube-Videos<\/span><\/div><\/div><span class=\"x-particle is-primary\" data-x-particle=\"scale-x inside-c_l\" aria-hidden=\"true\"><span style=\"transform: skew(-30deg, 0) scale(1.3);\n\"><\/span><\/span><\/a><\/div><\/div><\/div><div class=\"x-row x-container max width e713-21 mjt-8 mjt-a mjt-b mjt-g mjt-h\"><div class=\"x-row-inner\"><div class=\"x-col e713-22 mjt-m mjt-n mjt-q mjt-s mjt-t\"><div class=\"x-text x-text-headline e713-23 mjt-v mjt-w\"><div class=\"x-text-content\"><div class=\"x-text-content-text\"><h3 class=\"x-text-content-text-primary\">Produkttests und Sicherheit<\/h3><\/div><\/div><\/div><div class=\"x-text e713-24 mjt-z mjt-10 mjt-11 mjt-13 mjt-14\"><p>Travall Guards werden hausintern entwickelt. Sie sind nicht nur fahrzeugspezifisch, sondern auch vollst&auml;ndig auf Passform und Funktion optimiert. Zudem hat die Sicherheit bei Travall oberste Priorit&auml;t.<\/p>\n<p>Wir f&uuml;hren an vielen Trenngittern strenge Aufpralltests in zugelassenen Pr&uuml;feinrichtungen durch und sind in der Lage, jedes Schutzgitter gem&auml;&szlig; Kundenanforderungen zu testen. Crashtests werden durch die UN-Verordnung ECE R17 geregelt, wobei die Travall Guards auf der Grundlage der Typgenehmigung* gepr&uuml;ft und zugelassen werden.<\/p><\/div><div class=\"x-text e713-25 mjt-y mjt-z mjt-10 mjt-11\"><p>Die UN-Verordnung ECE R17 enth&auml;lt keine spezielle Definition f&uuml;r Ladung, da es sich dabei um alles M&ouml;gliche handeln kann, das im Heck eines Fahrzeugs transportiert wird. Der Crashtest zeigt das Verhalten eines Gep&auml;ckschutzgitters, wenn es bei einem Unfall von Ladung getroffen wird. Der Test simuliert einen Aufprall mit 30 Meilen pro Stunde (ca. 48 km\/h) mit einem massiven 10-Kilogramm-Block, der sich in etwa in Kopfh&ouml;he befindet. Um den Crashtest zu bestehen, darf die Schutzvorrichtung weder versagen, noch darf sie sich l&ouml;sen oder um mehr als 12 Zoll (ca. 30 cm) verformen. Die Travall-Gitter erf&uuml;llen diese Standards und &uuml;bertreffen sie in manchen F&auml;llen sogar.<\/p><\/div><div class=\"x-row e713-26 mjt-8 mjt-b mjt-e mjt-f mjt-i mjt-j\"><div class=\"x-row-inner\"><div class=\"x-col e713-27 mjt-m mjt-q\"><span class=\"x-image e713-28 mjt-1a\"><img src=\"https:\/\/b2b.travall.com\/de-eu\/wp-content\/uploads\/2020\/01\/MIRA_CRASHTEST_25.jpg\" alt=\"Image\" loading=\"lazy\"><\/span><\/div><div class=\"x-col e713-29 mjt-m mjt-q\"><div class=\"x-text e713-30 mjt-z mjt-11 mjt-14 mjt-15 mjt-16\">*Wenn ein Guard eines bestimmten Designs den Crashtest bestanden hat, gelten alle Gitter mit der gleichen grundlegenden Konstruktion, Materialspezifikation und Einbauweise als sicher, da sie nach demselben Standard des urspr\u00fcnglich genehmigten Typs hergestellt wurden.<\/div><\/div><\/div><\/div><div class=\"x-text e713-31 mjt-z mjt-10 mjt-11 mjt-14 mjt-15\"><p>Die British Standards Institution hat Travall folgende Zertifikate verliehen: ISO9001 f&uuml;r Qualit&auml;tsmanagement; ISO14001 f&uuml;r Umweltmanagement und TS16949 f&uuml;r Qualit&auml;tsmanagementsysteme in der Automobilindustrie.<\/p><\/div><div class=\"x-row e713-32 mjt-8 mjt-b mjt-c mjt-e mjt-g mjt-j mjt-k\"><div class=\"x-row-inner\"><div class=\"x-col e713-33 mjt-m mjt-n mjt-o mjt-p mjt-q\"><span class=\"x-image e713-34 mjt-1a\"><img src=\"https:\/\/b2b.travall.com\/de-eu\/wp-content\/uploads\/2020\/01\/BSI-Assurance-Mark-TS-16949-KEYB.png\" width=\"250\" height=\"115.5\" alt=\"Image\" loading=\"lazy\"><\/span><\/div><div class=\"x-col e713-35 mjt-m mjt-n mjt-o mjt-p mjt-q\"><span class=\"x-image e713-36 mjt-1a\"><img src=\"https:\/\/b2b.travall.com\/de-eu\/wp-content\/uploads\/2020\/01\/BSI-Assurance-Mark-ISO-14001-KEYB.png\" width=\"250\" height=\"115.5\" alt=\"Image\" loading=\"lazy\"><\/span><\/div><div class=\"x-col e713-37 mjt-m mjt-n mjt-o mjt-p mjt-q\"><span class=\"x-image e713-38 mjt-1a\"><img src=\"https:\/\/b2b.travall.com\/de-eu\/wp-content\/uploads\/2020\/01\/BSI-Assurance-Mark-ISO-9001-KEYB.png\" width=\"250\" height=\"115.5\" alt=\"Image\" loading=\"lazy\"><\/span><\/div><\/div><\/div><div class=\"x-text e713-39 mjt-z mjt-10 mjt-11 mjt-14 mjt-15\"><p>Dar&uuml;ber hinaus sind die Travall Guards und Divider durch internationale Designpatente gesch&uuml;tzt.<\/p><\/div><a class=\"x-anchor x-anchor-button has-particle e713-40 mjt-19\" tabindex=\"0\" href=\"\/de-eu\/wp-content\/uploads\/2022\/11\/travall-b2b-brochrue-de-single-pages.pdf\" rel=\"nofollow\" target=\"_blank\"><div class=\"x-anchor-content\"><div class=\"x-anchor-text\"><span class=\"x-anchor-text-primary\">Mehr dazu finden Sie im Handelskatalog.<\/span><\/div><\/div><span class=\"x-particle is-primary\" data-x-particle=\"scale-x inside-c_l\" aria-hidden=\"true\"><span style=\"transform: skew(-30deg, 0) scale(1.3);\n\"><\/span><\/span><\/a><div class=\"x-text e713-41 mjt-z mjt-10 mjt-11 mjt-14 mjt-15\">Gern beantwortet unser Team Ihre Produkt- und Logistikfragen. Rufen Sie uns an oder senden Sie uns eine Email.<\/div><\/div><\/div><\/div><\/div><div class=\"x-section e713-42 mjt-0 mjt-2 mjt-6 mjt-7\"><div class=\"cs-content x-global-block x-global-block-716 e713-43\"><div class=\"x-section e716-1 mjw-0\"><div class=\"x-row x-container max width e716-2 mjw-1\"><div class=\"x-row-inner\"><div class=\"x-col e716-3 mjw-2\"><a class=\"x-anchor x-anchor-button has-graphic e716-4 mjw-3 mjw-4\" tabindex=\"0\" href=\"tel:+49%20(0)%202821%20748%203080\"><div class=\"x-anchor-content\"><span class=\"x-graphic\" aria-hidden=\"true\"><i class=\"x-icon x-graphic-child x-graphic-icon x-graphic-primary\" aria-hidden=\"true\" data-x-icon-s=\"&#xf879;\"><\/i><\/span><div class=\"x-anchor-text\"><span class=\"x-anchor-text-primary\">Kontakt<\/span><span class=\"x-anchor-text-secondary\">+49 (0) 2821 748 3080<\/span><\/div><\/div><\/a><\/div><div class=\"x-col e716-5 mjw-2\"><a class=\"x-anchor x-anchor-button has-graphic e716-6 mjw-3 mjw-5\" tabindex=\"0\" href=\"mailto:info@travall.com\"><div class=\"x-anchor-content\"><span class=\"x-graphic\" aria-hidden=\"true\"><i class=\"x-icon x-graphic-child x-graphic-icon x-graphic-primary\" aria-hidden=\"true\" data-x-icon-s=\"&#xf406;\"><\/i><\/span><div class=\"x-anchor-text\"><span class=\"x-anchor-text-primary\">H\u00e4ndleranfragen<\/span><span class=\"x-anchor-text-secondary\">info@travall.com<\/span><\/div><\/div><\/a><\/div><\/div><\/div><\/div><\/div><\/div><div class=\"x-section e713-44 mjt-0 mjt-2 mjt-4 mjt-6\"><div class=\"cs-content x-global-block x-global-block-717 e713-45\"><div class=\"x-section e717-1 mjx-0\"><div class=\"x-row x-container max width e717-2 mjx-1\"><div class=\"x-row-inner\"><div class=\"x-col e717-3 mjx-2 mjx-3\"><div class=\"x-text x-text-headline e717-4 mjx-4\"><div class=\"x-text-content\"><div class=\"x-text-content-text\"><h3 class=\"x-text-content-text-primary\">Senden Sie uns eine E-Mail<\/h3><\/div><\/div><\/div><div class=\"x-text e717-5 mjx-5\"><p>Das Travall-Vertriebspartnerprogramm f\u00fcr EU-Kunden* wurde f\u00fcr Sie und Ihr Unternehmen entwickelt. Unser Zubeh\u00f6r, das zum besten seiner Klasse geh\u00f6rt, ist ganz einfach zu vertreiben. Die Produkte sind in Deutschland auf Lager und werden von dort aus direkt an Ihre Kunden versandt. Und unseren Flottenkunden machen wir es besonders leicht, den kompletten Fuhrpark mit perfekt passendem Zubeh\u00f6r auszustatten - egal, um wie viele Fahrzeuge es sich handelt.<\/p>\n<p>*F\u00fcr gewerbliche Kunden aus den <a href=\"https:\/\/b2b.travall.com\" target=\"_blank\" rel=\"noopener\"><span style=\"color: #ec821b;\">USA<\/span><\/a> oder aus dem <a href=\"https:\/\/b2b.travall.com\/en-uk\" target=\"_blank\" rel=\"noopener\"><span style=\"color: #ec821b;\">Vereinigten K\u00f6nigreich &amp; Drittstaaten<\/span><\/a> bieten wir separate Vertriebspartnerprogramme an. Klicken Sie auf einen der Links, um zur B2B-Webseite f\u00fcr Ihre Region zu gelangen.<\/p><\/div><\/div><div class=\"x-col e717-6 mjx-3\"><div class=\"wpcf7 no-js\" id=\"wpcf7-f69-o1\" lang=\"en-GB\" dir=\"ltr\">\n<div class=\"screen-reader-response\"><p role=\"status\" aria-live=\"polite\" aria-atomic=\"true\"><\/p> <ul><\/ul><\/div>\n<form action=\"\/de-eu\/wp-json\/wp\/v2\/pages\/713#wpcf7-f69-o1\" method=\"post\" class=\"wpcf7-form init\" aria-label=\"Contact form\" novalidate=\"novalidate\" data-status=\"init\">\n<div style=\"display: none;\">\n<input type=\"hidden\" name=\"_wpcf7\" value=\"69\" \/>\n<input type=\"hidden\" name=\"_wpcf7_version\" value=\"5.7.1\" \/>\n<input type=\"hidden\" name=\"_wpcf7_locale\" value=\"en_GB\" \/>\n<input type=\"hidden\" name=\"_wpcf7_unit_tag\" value=\"wpcf7-f69-o1\" \/>\n<input type=\"hidden\" name=\"_wpcf7_container_post\" value=\"0\" \/>\n<input type=\"hidden\" name=\"_wpcf7_posted_data_hash\" value=\"\" \/>\n<\/div>\n<p><label>Name<br \/>\n<span class=\"wpcf7-form-control-wrap\" data-name=\"your-name\"><input size=\"40\" class=\"wpcf7-form-control wpcf7-text wpcf7-validates-as-required\" aria-required=\"true\" aria-invalid=\"false\" value=\"\" type=\"text\" name=\"your-name\" \/><\/span> <\/label>\n<\/p>\n<p><label>Email-Adresse<br \/>\n<span class=\"wpcf7-form-control-wrap\" data-name=\"your-email\"><input size=\"40\" class=\"wpcf7-form-control wpcf7-text wpcf7-email wpcf7-validates-as-required wpcf7-validates-as-email\" aria-required=\"true\" aria-invalid=\"false\" value=\"\" type=\"email\" name=\"your-email\" \/><\/span><\/label>\n<\/p>\n<p><label>Telefonnummer<br \/>\n<span class=\"wpcf7-form-control-wrap\" data-name=\"your-tel\"><input size=\"40\" class=\"wpcf7-form-control wpcf7-text wpcf7-tel wpcf7-validates-as-tel\" aria-invalid=\"false\" value=\"\" type=\"tel\" name=\"your-tel\" \/><\/span> <\/label>\n<\/p>\n<p><label>Nachricht<br \/>\n<span class=\"wpcf7-form-control-wrap\" data-name=\"your-message\"><textarea cols=\"40\" rows=\"10\" class=\"wpcf7-form-control wpcf7-textarea wpcf7-validates-as-required\" aria-required=\"true\" aria-invalid=\"false\" name=\"your-message\"><\/textarea><\/span> <\/label>\n<\/p>\n<p><input class=\"wpcf7-form-control has-spinner wpcf7-submit\" type=\"submit\" value=\"Nachricht senden\" \/>\n<\/p><div class=\"wpcf7-response-output\" aria-hidden=\"true\"><\/div><\/form><\/div><\/div><\/div><\/div><\/div><\/div><\/div><div class=\"x-section e713-46 mjt-0 mjt-2 mjt-6\"><div class=\"cs-content x-global-block x-global-block-718 e713-47\"><div class=\"x-section e718-1 mjy-0\"><div class=\"x-row x-container max width e718-2 mjy-1 mjy-2\"><div class=\"x-row-inner\"><div class=\"x-col e718-3 mjy-4 mjy-5\"><span class=\"x-image e718-4 mjy-6\"><img src=\"https:\/\/b2b.travall.com\/de-eu\/wp-content\/uploads\/2020\/03\/logistic-map.png\" width=\"969\" height=\"468\" alt=\"Image\" loading=\"lazy\"><\/span><div class=\"x-row e718-5 mjy-1 mjy-3\"><div class=\"x-row-inner\"><div class=\"x-col e718-6 mjy-4\"><div class=\"x-text x-text-headline e718-7 mjy-7\"><div class=\"x-text-content\"><div class=\"x-text-content-text\"><h4 class=\"x-text-content-text-primary\">UK<\/h4><\/div><\/div><\/div><div class=\"x-text e718-8 mjy-8\"><p>Travall United Kingdom<br>Gosforth Road<br>Derby<br>DE24 8HU<br>United Kingdom<\/p><\/div><\/div><div class=\"x-col e718-9 mjy-4\"><div class=\"x-text x-text-headline e718-10 mjy-7\"><div class=\"x-text-content\"><div class=\"x-text-content-text\"><h4 class=\"x-text-content-text-primary\">USA<\/h4><\/div><\/div><\/div><div class=\"x-text e718-11 mjy-8\"><p>Travall<br \/>1230 Peachtree St NE<br \/>Suite 1900<br \/>Atlanta, GA 30309<br \/>USA<\/p><\/div><\/div><div class=\"x-col e718-12 mjy-4\"><div class=\"x-text x-text-headline e718-13 mjy-7\"><div class=\"x-text-content\"><div class=\"x-text-content-text\"><h4 class=\"x-text-content-text-primary\">Germany<\/h4><\/div><\/div><\/div><div class=\"x-text e718-14 mjy-8\"><p style=\"text-align: left;\">Travall<br \/>\nWestendstra\u00dfe 28<br \/>\n60325 Frankfurt<br \/>\nDeutschland<\/p><\/div><\/div><\/div><\/div><\/div><\/div><\/div><\/div><\/div><\/div><\/div>\n","protected":false},"excerpt":{"rendered":"<p>WissenswertesWir m\u00f6chten unsere Partnerschaft mit Ihrem Unternehmen so einfach und unkompliziert wie m\u00f6glich gestalten. Daher haben wir informative Videos gedreht, die Sie unter Anderem bei Fragen zur Nachr\u00fcstung der Produkte unterst\u00fctzen.Eine vollst\u00e4ndige Videosammlung, inklusive Einbauanleitungen f\u00fcr viele Automarken und -modelle, finden Sie auf dem Travall-YouTube-Kanal.YouTube-VideosProdukttests und SicherheitTravall Guards werden hausintern entwickelt. Sie sind nicht nur fahrzeugspezifisch, sondern auch vollst&auml;ndig auf &#8230; <a href=\"https:\/\/b2b.travall.com\/de-eu\/resources\/\" class=\"more-link\">Read More<\/a><\/p>\n","protected":false},"author":1,"featured_media":0,"parent":0,"menu_order":0,"comment_status":"closed","ping_status":"closed","template":"template-blank-4.php","meta":[],"yoast_head":"<!-- This site is optimized with the Yoast SEO plugin v19.12 - https:\/\/yoast.com\/wordpress\/plugins\/seo\/ -->\n<title>resources - Travall B2B DE Site<\/title>\n<meta name=\"robots\" content=\"index, follow, max-snippet:-1, max-image-preview:large, max-video-preview:-1\" \/>\n<link rel=\"canonical\" href=\"https:\/\/b2b.travall.com\/de-eu\/resources\/\" \/>\n<meta property=\"og:locale\" content=\"de_DE\" \/>\n<meta property=\"og:type\" content=\"article\" \/>\n<meta property=\"og:title\" content=\"resources - Travall B2B DE Site\" \/>\n<meta property=\"og:description\" content=\"WissenswertesWir m\u00f6chten unsere Partnerschaft mit Ihrem Unternehmen so einfach und unkompliziert wie m\u00f6glich gestalten. Daher haben wir informative Videos gedreht, die Sie unter Anderem bei Fragen zur Nachr\u00fcstung der Produkte unterst\u00fctzen.Eine vollst\u00e4ndige Videosammlung, inklusive Einbauanleitungen f\u00fcr viele Automarken und -modelle, finden Sie auf dem Travall-YouTube-Kanal.YouTube-VideosProdukttests und SicherheitTravall Guards werden hausintern entwickelt. Sie sind nicht nur fahrzeugspezifisch, sondern auch vollst&auml;ndig auf ... Read More\" \/>\n<meta property=\"og:url\" content=\"https:\/\/b2b.travall.com\/de-eu\/resources\/\" \/>\n<meta property=\"og:site_name\" content=\"Travall B2B DE Site\" \/>\n<meta property=\"article:modified_time\" content=\"2023-01-25T11:12:28+00:00\" \/>\n<meta name=\"twitter:card\" content=\"summary_large_image\" \/>\n<meta name=\"twitter:label1\" content=\"Gesch\u00e4tzte Lesezeit\" \/>\n\t<meta name=\"twitter:data1\" content=\"4\u00a0Minuten\" \/>\n<script type=\"application\/ld+json\" class=\"yoast-schema-graph\">{\"@context\":\"https:\/\/schema.org\",\"@graph\":[{\"@type\":\"WebPage\",\"@id\":\"https:\/\/b2b.travall.com\/de-eu\/resources\/\",\"url\":\"https:\/\/b2b.travall.com\/de-eu\/resources\/\",\"name\":\"resources - Travall B2B DE Site\",\"isPartOf\":{\"@id\":\"https:\/\/b2b.travall.com\/de-eu\/#website\"},\"datePublished\":\"2022-11-07T10:06:38+00:00\",\"dateModified\":\"2023-01-25T11:12:28+00:00\",\"breadcrumb\":{\"@id\":\"https:\/\/b2b.travall.com\/de-eu\/resources\/#breadcrumb\"},\"inLanguage\":\"de\",\"potentialAction\":[{\"@type\":\"ReadAction\",\"target\":[\"https:\/\/b2b.travall.com\/de-eu\/resources\/\"]}]},{\"@type\":\"BreadcrumbList\",\"@id\":\"https:\/\/b2b.travall.com\/de-eu\/resources\/#breadcrumb\",\"itemListElement\":[{\"@type\":\"ListItem\",\"position\":1,\"name\":\"Home\",\"item\":\"https:\/\/b2b.travall.com\/de-eu\/\"},{\"@type\":\"ListItem\",\"position\":2,\"name\":\"resources\"}]},{\"@type\":\"WebSite\",\"@id\":\"https:\/\/b2b.travall.com\/de-eu\/#website\",\"url\":\"https:\/\/b2b.travall.com\/de-eu\/\",\"name\":\"Travall B2B DE Site\",\"description\":\"Now you can really have it all\",\"potentialAction\":[{\"@type\":\"SearchAction\",\"target\":{\"@type\":\"EntryPoint\",\"urlTemplate\":\"https:\/\/b2b.travall.com\/de-eu\/?s={search_term_string}\"},\"query-input\":\"required name=search_term_string\"}],\"inLanguage\":\"de\"}]}<\/script>\n<!-- \/ Yoast SEO plugin. -->","yoast_head_json":{"title":"resources - Travall B2B DE Site","robots":{"index":"index","follow":"follow","max-snippet":"max-snippet:-1","max-image-preview":"max-image-preview:large","max-video-preview":"max-video-preview:-1"},"canonical":"https:\/\/b2b.travall.com\/de-eu\/resources\/","og_locale":"de_DE","og_type":"article","og_title":"resources - Travall B2B DE Site","og_description":"WissenswertesWir m\u00f6chten unsere Partnerschaft mit Ihrem Unternehmen so einfach und unkompliziert wie m\u00f6glich gestalten. Daher haben wir informative Videos gedreht, die Sie unter Anderem bei Fragen zur Nachr\u00fcstung der Produkte unterst\u00fctzen.Eine vollst\u00e4ndige Videosammlung, inklusive Einbauanleitungen f\u00fcr viele Automarken und -modelle, finden Sie auf dem Travall-YouTube-Kanal.YouTube-VideosProdukttests und SicherheitTravall Guards werden hausintern entwickelt. Sie sind nicht nur fahrzeugspezifisch, sondern auch vollst&auml;ndig auf ... Read More","og_url":"https:\/\/b2b.travall.com\/de-eu\/resources\/","og_site_name":"Travall B2B DE Site","article_modified_time":"2023-01-25T11:12:28+00:00","twitter_card":"summary_large_image","twitter_misc":{"Gesch\u00e4tzte Lesezeit":"4\u00a0Minuten"},"schema":{"@context":"https:\/\/schema.org","@graph":[{"@type":"WebPage","@id":"https:\/\/b2b.travall.com\/de-eu\/resources\/","url":"https:\/\/b2b.travall.com\/de-eu\/resources\/","name":"resources - Travall B2B DE Site","isPartOf":{"@id":"https:\/\/b2b.travall.com\/de-eu\/#website"},"datePublished":"2022-11-07T10:06:38+00:00","dateModified":"2023-01-25T11:12:28+00:00","breadcrumb":{"@id":"https:\/\/b2b.travall.com\/de-eu\/resources\/#breadcrumb"},"inLanguage":"de","potentialAction":[{"@type":"ReadAction","target":["https:\/\/b2b.travall.com\/de-eu\/resources\/"]}]},{"@type":"BreadcrumbList","@id":"https:\/\/b2b.travall.com\/de-eu\/resources\/#breadcrumb","itemListElement":[{"@type":"ListItem","position":1,"name":"Home","item":"https:\/\/b2b.travall.com\/de-eu\/"},{"@type":"ListItem","position":2,"name":"resources"}]},{"@type":"WebSite","@id":"https:\/\/b2b.travall.com\/de-eu\/#website","url":"https:\/\/b2b.travall.com\/de-eu\/","name":"Travall B2B DE Site","description":"Now you can really have it all","potentialAction":[{"@type":"SearchAction","target":{"@type":"EntryPoint","urlTemplate":"https:\/\/b2b.travall.com\/de-eu\/?s={search_term_string}"},"query-input":"required name=search_term_string"}],"inLanguage":"de"}]}},"_links":{"self":[{"href":"https:\/\/b2b.travall.com\/de-eu\/wp-json\/wp\/v2\/pages\/713"}],"collection":[{"href":"https:\/\/b2b.travall.com\/de-eu\/wp-json\/wp\/v2\/pages"}],"about":[{"href":"https:\/\/b2b.travall.com\/de-eu\/wp-json\/wp\/v2\/types\/page"}],"author":[{"embeddable":true,"href":"https:\/\/b2b.travall.com\/de-eu\/wp-json\/wp\/v2\/users\/1"}],"replies":[{"embeddable":true,"href":"https:\/\/b2b.travall.com\/de-eu\/wp-json\/wp\/v2\/comments?post=713"}],"version-history":[{"count":7,"href":"https:\/\/b2b.travall.com\/de-eu\/wp-json\/wp\/v2\/pages\/713\/revisions"}],"predecessor-version":[{"id":858,"href":"https:\/\/b2b.travall.com\/de-eu\/wp-json\/wp\/v2\/pages\/713\/revisions\/858"}],"wp:attachment":[{"href":"https:\/\/b2b.travall.com\/de-eu\/wp-json\/wp\/v2\/media?parent=713"}],"curies":[{"name":"wp","href":"https:\/\/api.w.org\/{rel}","templated":true}]}}