{"id":214,"date":"2020-02-27T11:01:57","date_gmt":"2020-02-27T11:01:57","guid":{"rendered":"https:\/\/b2b.travall.com\/de-eu\/business\/retail-accessory-stores-copy-copy-copy\/"},"modified":"2022-12-15T14:18:41","modified_gmt":"2022-12-15T13:18:41","slug":"car-manufacturers","status":"publish","type":"page","link":"https:\/\/b2b.travall.com\/de-eu\/business\/car-manufacturers\/","title":{"rendered":"Car Manufacturers"},"content":{"rendered":"<div id=\"cs-content\" class=\"cs-content\"><div class=\"x-section e214-1 m5y-0 m5y-1\"><div class=\"x-bg\" aria-hidden=\"true\" style=\"border-radius: 0px 0px 0px 0px;\"><div class=\"x-bg-layer-lower-image\" style=\" background-image: url(https:\/\/b2b.travall.com\/de-eu\/wp-content\/uploads\/2020\/03\/runner-car-manufacturers-1.jpg); background-repeat: no-repeat; background-position: center; background-size: cover;\"><\/div><div class=\"x-bg-layer-upper-color\" style=\" background-color: rgba(0, 0, 0, 0.4);\"><\/div><\/div><div class=\"x-row x-container max width e214-2 m5y-7 m5y-8 m5y-9\"><div class=\"x-row-inner\"><div class=\"x-col e214-3 m5y-b m5y-c\"><div class=\"x-text x-text-headline e214-4 m5y-f m5y-g\"><div class=\"x-text-content\"><div class=\"x-text-content-text\"><h1 class=\"x-text-content-text-primary\">Autohersteller<\/h1><\/div><\/div><\/div><\/div><\/div><\/div><\/div><div class=\"x-section e214-5 m5y-0 m5y-2\"><div class=\"x-row x-container max width e214-6 m5y-7 m5y-8\"><div class=\"x-row-inner\"><div class=\"x-col e214-7 m5y-b m5y-c m5y-d\"><span class=\"x-image e214-8 m5y-l m5y-m\"><img src=\"https:\/\/b2b.travall.com\/de-eu\/wp-content\/uploads\/2020\/01\/Travall-Icons-fleet-etc-orange-05.png\" width=\"105.5\" height=\"106\" alt=\"Image\" loading=\"lazy\"><\/span><div class=\"x-text e214-9 m5y-o\">Seit \u00fcber 30 Jahren beliefert ASG, die Muttergesellschaft von Travall, Autobauer wie Bentley, Ford, Land Rover und Subaru, um nur einige zu nennen. Daher werden alle Produkte in Erstausr\u00fcsterqualit\u00e4t gefertigt. Travall verf\u00fcgt \u00fcber die Erfahrung, Skalierbarkeit und Qualit\u00e4tsstandards, um die Anforderungen und Vorgaben von Herstellern und Importeuren zu erf\u00fcllen.<\/div><a class=\"x-anchor x-anchor-button has-particle e214-10 m5y-p\" tabindex=\"0\" href=\"https:\/\/www.asg-group.co.uk\/\" target=\"_blank\"><div class=\"x-anchor-content\"><div class=\"x-anchor-text\"><span class=\"x-anchor-text-primary\">Mehr &uuml;ber unsere Muttergesellschaft ASG<\/span><\/div><\/div><span class=\"x-particle is-primary\" data-x-particle=\"scale-x inside-c_l\" aria-hidden=\"true\"><span style=\"transform: skew(-30deg, 0) scale(1.3);\n\"><\/span><\/span><\/a><\/div><\/div><\/div><\/div><div class=\"x-section e214-11 m5y-0 m5y-2 m5y-3\"><div class=\"x-row x-container max width e214-12 m5y-7 m5y-8 m5y-9\"><div class=\"x-row-inner\"><div class=\"x-col e214-13 m5y-b m5y-c\"><div class=\"x-text x-text-headline e214-14 m5y-g m5y-h m5y-i m5y-j\"><div class=\"x-text-content\"><div class=\"x-text-content-text\"><h2 class=\"x-text-content-text-primary\"><b>Folgende Kategorien k\u00f6nnten Sie auch interessieren :<\/b><\/h2><\/div><\/div><\/div><\/div><\/div><\/div><div class=\"x-row x-container max width e214-15 m5y-7 m5y-a\"><div class=\"x-row-inner\"><a class=\"x-col e214-16 m5y-b m5y-e m5y-6\" href=\"\/de-eu\/resources\/\" data-x-effect=\"{&quot;durationBase&quot;:&quot;300ms&quot;}\"><span class=\"x-image e214-17 m5y-l m5y-n\"><img src=\"https:\/\/b2b.travall.com\/de-eu\/wp-content\/uploads\/2020\/01\/Travall-Icons-09.png\" width=\"106\" height=\"106\" alt=\"Image\" loading=\"lazy\"><\/span><div class=\"x-text x-text-headline e214-18 m5y-g m5y-i m5y-j m5y-k\"><div class=\"x-text-content\"><div class=\"x-text-content-text\"><h2 class=\"x-text-content-text-primary\">Wissenswertes<\/h2><\/div><\/div><\/div><\/a><a class=\"x-col e214-19 m5y-b m5y-e m5y-6\" href=\"\/de-eu\/travall-guard\/\" data-x-effect=\"{&quot;durationBase&quot;:&quot;300ms&quot;}\"><span class=\"x-image e214-20 m5y-l m5y-n\"><img src=\"https:\/\/b2b.travall.com\/de-eu\/wp-content\/uploads\/2020\/01\/Travall-Icons-07.png\" width=\"106\" height=\"106\" alt=\"Image\" loading=\"lazy\"><\/span><div class=\"x-text x-text-headline e214-21 m5y-g m5y-i m5y-k\"><div class=\"x-text-content\"><div class=\"x-text-content-text\"><h2 class=\"x-text-content-text-primary\">Travall Guard<\/h2><\/div><\/div><\/div><\/a><a class=\"x-col e214-22 m5y-b m5y-e m5y-6\" href=\"\/de-eu\/travall-divider\/\" data-x-effect=\"{&quot;durationBase&quot;:&quot;300ms&quot;}\"><span class=\"x-image e214-23 m5y-l m5y-n\"><img src=\"https:\/\/b2b.travall.com\/de-eu\/wp-content\/uploads\/2020\/01\/Travall-Icons-08.png\" width=\"105.5\" height=\"106\" alt=\"Image\" loading=\"lazy\"><\/span><div class=\"x-text x-text-headline e214-24 m5y-g m5y-i m5y-j m5y-k\"><div class=\"x-text-content\"><div class=\"x-text-content-text\"><h2 class=\"x-text-content-text-primary\">Travall Divider<\/h2><\/div><\/div><\/div><\/a><\/div><\/div><\/div><div class=\"x-section e214-25 m5y-0 m5y-4 m5y-5\"><div class=\"cs-content x-global-block x-global-block-716 e214-26\"><div class=\"x-section e716-1 mjw-0\"><div class=\"x-row x-container max width e716-2 mjw-1\"><div class=\"x-row-inner\"><div class=\"x-col e716-3 mjw-2\"><a class=\"x-anchor x-anchor-button has-graphic e716-4 mjw-3 mjw-4\" tabindex=\"0\" href=\"tel:+49%20(0)%202821%20748%203080\"><div class=\"x-anchor-content\"><span class=\"x-graphic\" aria-hidden=\"true\"><i class=\"x-icon x-graphic-child x-graphic-icon x-graphic-primary\" aria-hidden=\"true\" data-x-icon-s=\"&#xf879;\"><\/i><\/span><div class=\"x-anchor-text\"><span class=\"x-anchor-text-primary\">Kontakt<\/span><span class=\"x-anchor-text-secondary\">+49 (0) 2821 748 3080<\/span><\/div><\/div><\/a><\/div><div class=\"x-col e716-5 mjw-2\"><a class=\"x-anchor x-anchor-button has-graphic e716-6 mjw-3 mjw-5\" tabindex=\"0\" href=\"mailto:info@travall.com\"><div class=\"x-anchor-content\"><span class=\"x-graphic\" aria-hidden=\"true\"><i class=\"x-icon x-graphic-child x-graphic-icon x-graphic-primary\" aria-hidden=\"true\" data-x-icon-s=\"&#xf406;\"><\/i><\/span><div class=\"x-anchor-text\"><span class=\"x-anchor-text-primary\">H\u00e4ndleranfragen<\/span><span class=\"x-anchor-text-secondary\">info@travall.com<\/span><\/div><\/div><\/a><\/div><\/div><\/div><\/div><\/div><\/div><div class=\"x-section e214-27 m5y-0 m5y-3 m5y-4\"><div class=\"cs-content x-global-block x-global-block-717 e214-28\"><div class=\"x-section e717-1 mjx-0\"><div class=\"x-row x-container max width e717-2 mjx-1\"><div class=\"x-row-inner\"><div class=\"x-col e717-3 mjx-2 mjx-3\"><div class=\"x-text x-text-headline e717-4 mjx-4\"><div class=\"x-text-content\"><div class=\"x-text-content-text\"><h3 class=\"x-text-content-text-primary\">Senden Sie uns eine E-Mail<\/h3><\/div><\/div><\/div><div class=\"x-text e717-5 mjx-5\"><p>Das Travall-Vertriebspartnerprogramm f\u00fcr EU-Kunden* wurde f\u00fcr Sie und Ihr Unternehmen entwickelt. Unser Zubeh\u00f6r, das zum besten seiner Klasse geh\u00f6rt, ist ganz einfach zu vertreiben. Die Produkte sind in Deutschland auf Lager und werden von dort aus direkt an Ihre Kunden versandt. Und unseren Flottenkunden machen wir es besonders leicht, den kompletten Fuhrpark mit perfekt passendem Zubeh\u00f6r auszustatten - egal, um wie viele Fahrzeuge es sich handelt.<\/p>\n<p>*F\u00fcr gewerbliche Kunden aus den <a href=\"https:\/\/b2b.travall.com\" target=\"_blank\" rel=\"noopener\"><span style=\"color: #ec821b;\">USA<\/span><\/a> oder aus dem <a href=\"https:\/\/b2b.travall.com\/en-uk\" target=\"_blank\" rel=\"noopener\"><span style=\"color: #ec821b;\">Vereinigten K\u00f6nigreich &amp; Drittstaaten<\/span><\/a> bieten wir separate Vertriebspartnerprogramme an. Klicken Sie auf einen der Links, um zur B2B-Webseite f\u00fcr Ihre Region zu gelangen.<\/p><\/div><\/div><div class=\"x-col e717-6 mjx-3\"><div class=\"wpcf7 no-js\" id=\"wpcf7-f69-o1\" lang=\"en-GB\" dir=\"ltr\">\n<div class=\"screen-reader-response\"><p role=\"status\" aria-live=\"polite\" aria-atomic=\"true\"><\/p> <ul><\/ul><\/div>\n<form action=\"\/de-eu\/wp-json\/wp\/v2\/pages\/214#wpcf7-f69-o1\" method=\"post\" class=\"wpcf7-form init\" aria-label=\"Contact form\" novalidate=\"novalidate\" data-status=\"init\">\n<div style=\"display: none;\">\n<input type=\"hidden\" name=\"_wpcf7\" value=\"69\" \/>\n<input type=\"hidden\" name=\"_wpcf7_version\" value=\"5.7.1\" \/>\n<input type=\"hidden\" name=\"_wpcf7_locale\" value=\"en_GB\" \/>\n<input type=\"hidden\" name=\"_wpcf7_unit_tag\" value=\"wpcf7-f69-o1\" \/>\n<input type=\"hidden\" name=\"_wpcf7_container_post\" value=\"0\" \/>\n<input type=\"hidden\" name=\"_wpcf7_posted_data_hash\" value=\"\" \/>\n<\/div>\n<p><label>Name<br \/>\n<span class=\"wpcf7-form-control-wrap\" data-name=\"your-name\"><input size=\"40\" class=\"wpcf7-form-control wpcf7-text wpcf7-validates-as-required\" aria-required=\"true\" aria-invalid=\"false\" value=\"\" type=\"text\" name=\"your-name\" \/><\/span> <\/label>\n<\/p>\n<p><label>Email-Adresse<br \/>\n<span class=\"wpcf7-form-control-wrap\" data-name=\"your-email\"><input size=\"40\" class=\"wpcf7-form-control wpcf7-text wpcf7-email wpcf7-validates-as-required wpcf7-validates-as-email\" aria-required=\"true\" aria-invalid=\"false\" value=\"\" type=\"email\" name=\"your-email\" \/><\/span><\/label>\n<\/p>\n<p><label>Telefonnummer<br \/>\n<span class=\"wpcf7-form-control-wrap\" data-name=\"your-tel\"><input size=\"40\" class=\"wpcf7-form-control wpcf7-text wpcf7-tel wpcf7-validates-as-tel\" aria-invalid=\"false\" value=\"\" type=\"tel\" name=\"your-tel\" \/><\/span> <\/label>\n<\/p>\n<p><label>Nachricht<br \/>\n<span class=\"wpcf7-form-control-wrap\" data-name=\"your-message\"><textarea cols=\"40\" rows=\"10\" class=\"wpcf7-form-control wpcf7-textarea wpcf7-validates-as-required\" aria-required=\"true\" aria-invalid=\"false\" name=\"your-message\"><\/textarea><\/span> <\/label>\n<\/p>\n<p><input class=\"wpcf7-form-control has-spinner wpcf7-submit\" type=\"submit\" value=\"Nachricht senden\" \/>\n<\/p><div class=\"wpcf7-response-output\" aria-hidden=\"true\"><\/div><\/form><\/div><\/div><\/div><\/div><\/div><\/div><\/div><\/div>\n","protected":false},"excerpt":{"rendered":"<p>AutoherstellerSeit \u00fcber 30 Jahren beliefert ASG, die Muttergesellschaft von Travall, Autobauer wie Bentley, Ford, Land Rover und Subaru, um nur einige zu nennen. Daher werden alle Produkte in Erstausr\u00fcsterqualit\u00e4t gefertigt. Travall verf\u00fcgt \u00fcber die Erfahrung, Skalierbarkeit und Qualit\u00e4tsstandards, um die Anforderungen und Vorgaben von Herstellern und Importeuren zu erf\u00fcllen.Mehr &uuml;ber unsere Muttergesellschaft ASGFolgende Kategorien k\u00f6nnten Sie auch interessieren :WissenswertesTravall GuardTravall &#8230; <a href=\"https:\/\/b2b.travall.com\/de-eu\/business\/car-manufacturers\/\" class=\"more-link\">Read More<\/a><\/p>\n","protected":false},"author":1,"featured_media":0,"parent":185,"menu_order":0,"comment_status":"closed","ping_status":"closed","template":"template-blank-4.php","meta":[],"yoast_head":"<!-- This site is optimized with the Yoast SEO plugin v19.12 - https:\/\/yoast.com\/wordpress\/plugins\/seo\/ -->\n<title>Premium-Fahrzeugzubeh\u00f6r f\u00fcr Autohersteller - Travall<\/title>\n<meta name=\"description\" content=\"Dank seiner Muttergesellschaft ASG verf\u00fcgt Travall \u00fcber die Erfahrung und Skalierbarkeit, um die Anforderungen von Herstellern und Importeuren zu erf\u00fcllen.\" \/>\n<meta name=\"robots\" content=\"index, follow, max-snippet:-1, max-image-preview:large, max-video-preview:-1\" \/>\n<link rel=\"canonical\" href=\"https:\/\/b2b.travall.com\/de-eu\/business\/car-manufacturers\/\" \/>\n<meta property=\"og:locale\" content=\"de_DE\" \/>\n<meta property=\"og:type\" content=\"article\" \/>\n<meta property=\"og:title\" content=\"Premium-Fahrzeugzubeh\u00f6r f\u00fcr Autohersteller - Travall\" \/>\n<meta property=\"og:description\" content=\"Dank seiner Muttergesellschaft ASG verf\u00fcgt Travall \u00fcber die Erfahrung und Skalierbarkeit, um die Anforderungen von Herstellern und Importeuren zu erf\u00fcllen.\" \/>\n<meta property=\"og:url\" content=\"https:\/\/b2b.travall.com\/de-eu\/business\/car-manufacturers\/\" \/>\n<meta property=\"og:site_name\" content=\"Travall B2B DE Site\" \/>\n<meta property=\"article:modified_time\" content=\"2022-12-15T13:18:41+00:00\" \/>\n<meta name=\"twitter:card\" content=\"summary_large_image\" \/>\n<meta name=\"twitter:label1\" content=\"Gesch\u00e4tzte Lesezeit\" \/>\n\t<meta name=\"twitter:data1\" content=\"2\u00a0Minuten\" \/>\n<script type=\"application\/ld+json\" class=\"yoast-schema-graph\">{\"@context\":\"https:\/\/schema.org\",\"@graph\":[{\"@type\":\"WebPage\",\"@id\":\"https:\/\/b2b.travall.com\/de-eu\/business\/car-manufacturers\/\",\"url\":\"https:\/\/b2b.travall.com\/de-eu\/business\/car-manufacturers\/\",\"name\":\"Premium-Fahrzeugzubeh\u00f6r f\u00fcr Autohersteller - Travall\",\"isPartOf\":{\"@id\":\"https:\/\/b2b.travall.com\/de-eu\/#website\"},\"datePublished\":\"2020-02-27T11:01:57+00:00\",\"dateModified\":\"2022-12-15T13:18:41+00:00\",\"description\":\"Dank seiner Muttergesellschaft ASG verf\u00fcgt Travall \u00fcber die Erfahrung und Skalierbarkeit, um die Anforderungen von Herstellern und Importeuren zu erf\u00fcllen.\",\"breadcrumb\":{\"@id\":\"https:\/\/b2b.travall.com\/de-eu\/business\/car-manufacturers\/#breadcrumb\"},\"inLanguage\":\"de\",\"potentialAction\":[{\"@type\":\"ReadAction\",\"target\":[\"https:\/\/b2b.travall.com\/de-eu\/business\/car-manufacturers\/\"]}]},{\"@type\":\"BreadcrumbList\",\"@id\":\"https:\/\/b2b.travall.com\/de-eu\/business\/car-manufacturers\/#breadcrumb\",\"itemListElement\":[{\"@type\":\"ListItem\",\"position\":1,\"name\":\"Home\",\"item\":\"https:\/\/b2b.travall.com\/de-eu\/\"},{\"@type\":\"ListItem\",\"position\":2,\"name\":\"Business\",\"item\":\"https:\/\/b2b.travall.com\/de-eu\/business\/\"},{\"@type\":\"ListItem\",\"position\":3,\"name\":\"Car Manufacturers\"}]},{\"@type\":\"WebSite\",\"@id\":\"https:\/\/b2b.travall.com\/de-eu\/#website\",\"url\":\"https:\/\/b2b.travall.com\/de-eu\/\",\"name\":\"Travall B2B DE Site\",\"description\":\"Now you can really have it all\",\"potentialAction\":[{\"@type\":\"SearchAction\",\"target\":{\"@type\":\"EntryPoint\",\"urlTemplate\":\"https:\/\/b2b.travall.com\/de-eu\/?s={search_term_string}\"},\"query-input\":\"required name=search_term_string\"}],\"inLanguage\":\"de\"}]}<\/script>\n<!-- \/ Yoast SEO plugin. -->","yoast_head_json":{"title":"Premium-Fahrzeugzubeh\u00f6r f\u00fcr Autohersteller - Travall","description":"Dank seiner Muttergesellschaft ASG verf\u00fcgt Travall \u00fcber die Erfahrung und Skalierbarkeit, um die Anforderungen von Herstellern und Importeuren zu erf\u00fcllen.","robots":{"index":"index","follow":"follow","max-snippet":"max-snippet:-1","max-image-preview":"max-image-preview:large","max-video-preview":"max-video-preview:-1"},"canonical":"https:\/\/b2b.travall.com\/de-eu\/business\/car-manufacturers\/","og_locale":"de_DE","og_type":"article","og_title":"Premium-Fahrzeugzubeh\u00f6r f\u00fcr Autohersteller - Travall","og_description":"Dank seiner Muttergesellschaft ASG verf\u00fcgt Travall \u00fcber die Erfahrung und Skalierbarkeit, um die Anforderungen von Herstellern und Importeuren zu erf\u00fcllen.","og_url":"https:\/\/b2b.travall.com\/de-eu\/business\/car-manufacturers\/","og_site_name":"Travall B2B DE Site","article_modified_time":"2022-12-15T13:18:41+00:00","twitter_card":"summary_large_image","twitter_misc":{"Gesch\u00e4tzte Lesezeit":"2\u00a0Minuten"},"schema":{"@context":"https:\/\/schema.org","@graph":[{"@type":"WebPage","@id":"https:\/\/b2b.travall.com\/de-eu\/business\/car-manufacturers\/","url":"https:\/\/b2b.travall.com\/de-eu\/business\/car-manufacturers\/","name":"Premium-Fahrzeugzubeh\u00f6r f\u00fcr Autohersteller - Travall","isPartOf":{"@id":"https:\/\/b2b.travall.com\/de-eu\/#website"},"datePublished":"2020-02-27T11:01:57+00:00","dateModified":"2022-12-15T13:18:41+00:00","description":"Dank seiner Muttergesellschaft ASG verf\u00fcgt Travall \u00fcber die Erfahrung und Skalierbarkeit, um die Anforderungen von Herstellern und Importeuren zu erf\u00fcllen.","breadcrumb":{"@id":"https:\/\/b2b.travall.com\/de-eu\/business\/car-manufacturers\/#breadcrumb"},"inLanguage":"de","potentialAction":[{"@type":"ReadAction","target":["https:\/\/b2b.travall.com\/de-eu\/business\/car-manufacturers\/"]}]},{"@type":"BreadcrumbList","@id":"https:\/\/b2b.travall.com\/de-eu\/business\/car-manufacturers\/#breadcrumb","itemListElement":[{"@type":"ListItem","position":1,"name":"Home","item":"https:\/\/b2b.travall.com\/de-eu\/"},{"@type":"ListItem","position":2,"name":"Business","item":"https:\/\/b2b.travall.com\/de-eu\/business\/"},{"@type":"ListItem","position":3,"name":"Car Manufacturers"}]},{"@type":"WebSite","@id":"https:\/\/b2b.travall.com\/de-eu\/#website","url":"https:\/\/b2b.travall.com\/de-eu\/","name":"Travall B2B DE Site","description":"Now you can really have it all","potentialAction":[{"@type":"SearchAction","target":{"@type":"EntryPoint","urlTemplate":"https:\/\/b2b.travall.com\/de-eu\/?s={search_term_string}"},"query-input":"required name=search_term_string"}],"inLanguage":"de"}]}},"_links":{"self":[{"href":"https:\/\/b2b.travall.com\/de-eu\/wp-json\/wp\/v2\/pages\/214"}],"collection":[{"href":"https:\/\/b2b.travall.com\/de-eu\/wp-json\/wp\/v2\/pages"}],"about":[{"href":"https:\/\/b2b.travall.com\/de-eu\/wp-json\/wp\/v2\/types\/page"}],"author":[{"embeddable":true,"href":"https:\/\/b2b.travall.com\/de-eu\/wp-json\/wp\/v2\/users\/1"}],"replies":[{"embeddable":true,"href":"https:\/\/b2b.travall.com\/de-eu\/wp-json\/wp\/v2\/comments?post=214"}],"version-history":[{"count":6,"href":"https:\/\/b2b.travall.com\/de-eu\/wp-json\/wp\/v2\/pages\/214\/revisions"}],"predecessor-version":[{"id":851,"href":"https:\/\/b2b.travall.com\/de-eu\/wp-json\/wp\/v2\/pages\/214\/revisions\/851"}],"up":[{"embeddable":true,"href":"https:\/\/b2b.travall.com\/de-eu\/wp-json\/wp\/v2\/pages\/185"}],"wp:attachment":[{"href":"https:\/\/b2b.travall.com\/de-eu\/wp-json\/wp\/v2\/media?parent=214"}],"curies":[{"name":"wp","href":"https:\/\/api.w.org\/{rel}","templated":true}]}}