{"id":211,"date":"2020-02-27T11:01:24","date_gmt":"2020-02-27T11:01:24","guid":{"rendered":"https:\/\/b2b.travall.com\/de-eu\/retail-accessory-stores-copy-copy\/"},"modified":"2022-11-21T15:47:58","modified_gmt":"2022-11-21T14:47:58","slug":"fleet-solutions","status":"publish","type":"page","link":"https:\/\/b2b.travall.com\/de-eu\/business\/fleet-solutions\/","title":{"rendered":"Fleet Solutions"},"content":{"rendered":"<div id=\"cs-content\" class=\"cs-content\"><div class=\"x-section e211-1 m5v-0 m5v-1\"><div class=\"x-bg\" aria-hidden=\"true\" style=\"border-radius: 0px 0px 0px 0px;\"><div class=\"x-bg-layer-lower-image\" style=\" background-image: url(https:\/\/b2b.travall.com\/de-eu\/wp-content\/uploads\/2020\/03\/runner-fleet-solutions.jpg); background-repeat: no-repeat; background-position: center; background-size: cover;\"><\/div><div class=\"x-bg-layer-upper-color\" style=\" background-color: rgba(0, 0, 0, 0.4);\"><\/div><\/div><div class=\"x-row x-container max width e211-2 m5v-6 m5v-7 m5v-8\"><div class=\"x-row-inner\"><div class=\"x-col e211-3 m5v-a m5v-b\"><div class=\"x-text x-text-headline e211-4 m5v-f m5v-g\"><div class=\"x-text-content\"><div class=\"x-text-content-text\"><h1 class=\"x-text-content-text-primary\"><span style=\"font-weight: 400;\">Flottenl&ouml;sungen<\/span><\/h1><\/div><\/div><\/div><\/div><\/div><\/div><\/div><div class=\"x-section e211-5 m5v-0 m5v-2\"><div class=\"x-row x-container max width e211-6 m5v-6 m5v-7\"><div class=\"x-row-inner\"><div class=\"x-col e211-7 m5v-a m5v-b m5v-c m5v-d\"><span class=\"x-image e211-8 m5v-k m5v-l\"><img src=\"https:\/\/b2b.travall.com\/de-eu\/wp-content\/uploads\/2020\/01\/Travall-Icons-fleet-etc-orange-02.png\" width=\"106\" height=\"106\" alt=\"Image\" loading=\"lazy\"><\/span><div class=\"x-text x-text-headline e211-9 m5v-g m5v-h m5v-i\"><div class=\"x-text-content\"><div class=\"x-text-content-text\"><h3 class=\"x-text-content-text-primary\">SCH\u00dcTZEN SIE FAHRER UND GELDBEUTEL MIT DEM TRAVALL GUARD GEP\u00c4CKGITTER<\/h3><\/div><\/div><\/div><div class=\"x-text e211-10 m5v-n\"><p style=\"text-align: left;\"><span style=\"font-weight: 400;\">Sicherheit steht beim Flottenmanagement an erster Stelle. Selbst kleine Dinge wie Produktmuster im Kofferraum eines SUVs k\u00f6nnen im Ernstfall zu Wurfgeschossen werden.<\/span><\/p>\n<p style=\"text-align: left;\">Der Travall Guard bietet eine einfache L\u00f6sung zur Verbesserung der Sicherheit im Fahrzeuginnenraum, indem er eine Barriere zwischen Personen im Fahrzeug und Gegenst\u00e4nden im Heck schafft. Angesichts der aktuellen Gesetzgebung mit Betonung auf Sorgfaltspflicht und Fahrersicherheit ist es sinnvoll, den Schutz der Mitarbeiter zu erh\u00f6hen und Ablenkung w\u00e4hrend der Fahrt zu minimieren.<\/p>\n<p style=\"text-align: left;\"><b>Vorteile des Travall<\/b><span style=\"font-weight: 400;\">\u00ae<\/span><b> Guards f\u00fcr Firmenflotten<\/b><\/p>\n\n<ul style=\"text-align: left;\">\n \t<li style=\"font-weight: 400;\" aria-level=\"1\"><span style=\"font-weight: 400;\">Der Wiederverkaufswert Ihrer Flotte bleibt erhalten, denn f\u00fcr die Nachr\u00fcstung der Travall-Produkte sind weder Bohren noch Ver\u00e4nderungen erforderlich.<\/span><\/li>\n \t<li style=\"font-weight: 400;\" aria-level=\"1\"><span style=\"font-weight: 400;\">Die Trenngitter k\u00f6nnen kurzerhand selbst installiert und wieder herausgenommen werden.<\/span><\/li>\n \t<li style=\"font-weight: 400;\" aria-level=\"1\">Die perfekte, fahrzeugspezifische Passform verhindert Klappern und Wackeln w\u00e4hrend der Fahrt.<\/li>\n \t<li style=\"font-weight: 400;\" aria-level=\"1\"><span style=\"font-weight: 400;\">Unser Sortiment umfasst passende Produkte f\u00fcr die meisten SUVs und Kombis.<\/span><\/li>\n \t<li style=\"font-weight: 400;\" aria-level=\"1\"><span style=\"font-weight: 400;\">Gep\u00e4ckschutzgitter k\u00f6nnen Diebstahl aus dem Fahrgastbereich heraus verhindern.<\/span><\/li>\n \t<li style=\"font-weight: 400;\" aria-level=\"1\"><span style=\"font-weight: 400;\">Das Autozubeh\u00f6r kann individuell per Dropshipping an Ihre Fahrer oder als Komplettsendung an Ihr Unternehmen geliefert werden.<\/span><\/li>\n \t<li style=\"font-weight: 400;\" aria-level=\"1\"><span style=\"font-weight: 400;\">Als weltweit f\u00fchrende Marke f\u00fcr fahrzeugspezifische Trenngitter und Laderaumteiler kennen wir uns mit Flottenl\u00f6sungen bestens aus.<\/span><\/li>\n \t<li style=\"font-weight: 400;\" aria-level=\"1\"><span style=\"font-weight: 400;\">Die Gitter werden lasergeschnitten, pr\u00e4zisionsgeschwei\u00dft und mit einer exklusiven Pulverbeschichtung \u00fcberzogen.<\/span><\/li>\n \t<li style=\"font-weight: 400;\" aria-level=\"1\"><span style=\"font-weight: 400;\">Wir liefern ausschlie\u00dflich Premium-Zubeh\u00f6r in Erstausr\u00fcsterqualit\u00e4t.<\/span><\/li>\n<\/ul>\n<p style=\"text-align: left;\"><span style=\"font-weight: 400;\">Travall ist die weltweit f\u00fchrende Marke f\u00fcr fahrzeugspezifische Gep\u00e4ckschutzvorrichtungen und Laderaumteiler. Dar\u00fcber hinaus vertreiben wir Gummimatten f\u00fcr den Kofferraum, Fu\u00dfmatten, Ladekantenschutz und mehr.<\/span><\/p><\/div><a class=\"x-anchor x-anchor-button has-particle e211-11 m5v-o\" tabindex=\"0\" href=\"mailto:info@travall.com\"><div class=\"x-anchor-content\"><div class=\"x-anchor-text\"><span class=\"x-anchor-text-primary\">Haben Sie Fragen?<\/span><\/div><\/div><span class=\"x-particle is-primary\" data-x-particle=\"scale-x inside-c_l\" aria-hidden=\"true\"><span style=\"transform: skew(-30deg, 0) scale(1.3);\n\"><\/span><\/span><\/a><\/div><\/div><\/div><\/div><div class=\"x-section e211-12 m5v-0 m5v-2 m5v-3\"><div class=\"x-row x-container max width e211-13 m5v-6 m5v-9\"><div class=\"x-row-inner\"><div class=\"x-col e211-14 m5v-a m5v-c m5v-e\"><div class=\"x-text x-text-headline e211-15 m5v-g m5v-i m5v-j\"><div class=\"x-text-content\"><div class=\"x-text-content-text\"><h2 class=\"x-text-content-text-primary\"><p>SCH\u00dcTZEN SIE IHRE FAHRER UND IHR UNTERNEHMEN<\/p><\/h2><\/div><\/div><\/div><\/div><div class=\"x-col e211-16 m5v-a m5v-c m5v-e\"><span class=\"x-image e211-17 m5v-k m5v-m\"><img src=\"https:\/\/b2b.travall.com\/de-eu\/wp-content\/uploads\/2022\/11\/X5_items-in-trunk-scaled-1.jpeg\" width=\"1280\" height=\"1235\" alt=\"Image\" loading=\"lazy\"><\/span><\/div><div class=\"x-col e211-18 m5v-a m5v-c m5v-e\"><div class=\"x-text x-text-headline e211-19 m5v-g m5v-i m5v-j\"><div class=\"x-text-content\"><div class=\"x-text-content-text\"><h2 class=\"x-text-content-text-primary\">Das Travall Guard Trenngitter sichert Gegenst\u00e4nde im Heck<\/h2><\/div><\/div><\/div><\/div><\/div><\/div><\/div><div class=\"x-section e211-20 m5v-0 m5v-4 m5v-5\"><div class=\"cs-content x-global-block x-global-block-716 e211-21\"><div class=\"x-section e716-1 mjw-0\"><div class=\"x-row x-container max width e716-2 mjw-1\"><div class=\"x-row-inner\"><div class=\"x-col e716-3 mjw-2\"><a class=\"x-anchor x-anchor-button has-graphic e716-4 mjw-3 mjw-4\" tabindex=\"0\" href=\"tel:+49%20(0)%202821%20748%203080\"><div class=\"x-anchor-content\"><span class=\"x-graphic\" aria-hidden=\"true\"><i class=\"x-icon x-graphic-child x-graphic-icon x-graphic-primary\" aria-hidden=\"true\" data-x-icon-s=\"&#xf879;\"><\/i><\/span><div class=\"x-anchor-text\"><span class=\"x-anchor-text-primary\">Kontakt<\/span><span class=\"x-anchor-text-secondary\">+49 (0) 2821 748 3080<\/span><\/div><\/div><\/a><\/div><div class=\"x-col e716-5 mjw-2\"><a class=\"x-anchor x-anchor-button has-graphic e716-6 mjw-3 mjw-5\" tabindex=\"0\" href=\"mailto:info@travall.com\"><div class=\"x-anchor-content\"><span class=\"x-graphic\" aria-hidden=\"true\"><i class=\"x-icon x-graphic-child x-graphic-icon x-graphic-primary\" aria-hidden=\"true\" data-x-icon-s=\"&#xf406;\"><\/i><\/span><div class=\"x-anchor-text\"><span class=\"x-anchor-text-primary\">H\u00e4ndleranfragen<\/span><span class=\"x-anchor-text-secondary\">info@travall.com<\/span><\/div><\/div><\/a><\/div><\/div><\/div><\/div><\/div><\/div><div class=\"x-section e211-22 m5v-0 m5v-3 m5v-4\"><div class=\"cs-content x-global-block x-global-block-717 e211-23\"><div class=\"x-section e717-1 mjx-0\"><div class=\"x-row x-container max width e717-2 mjx-1\"><div class=\"x-row-inner\"><div class=\"x-col e717-3 mjx-2 mjx-3\"><div class=\"x-text x-text-headline e717-4 mjx-4\"><div class=\"x-text-content\"><div class=\"x-text-content-text\"><h3 class=\"x-text-content-text-primary\">Senden Sie uns eine E-Mail<\/h3><\/div><\/div><\/div><div class=\"x-text e717-5 mjx-5\"><p>Das Travall-Vertriebspartnerprogramm f\u00fcr EU-Kunden* wurde f\u00fcr Sie und Ihr Unternehmen entwickelt. Unser Zubeh\u00f6r, das zum besten seiner Klasse geh\u00f6rt, ist ganz einfach zu vertreiben. Die Produkte sind in Deutschland auf Lager und werden von dort aus direkt an Ihre Kunden versandt. Und unseren Flottenkunden machen wir es besonders leicht, den kompletten Fuhrpark mit perfekt passendem Zubeh\u00f6r auszustatten - egal, um wie viele Fahrzeuge es sich handelt.<\/p>\n<p>*F\u00fcr gewerbliche Kunden aus den <a href=\"https:\/\/b2b.travall.com\" target=\"_blank\" rel=\"noopener\"><span style=\"color: #ec821b;\">USA<\/span><\/a> oder aus dem <a href=\"https:\/\/b2b.travall.com\/en-uk\" target=\"_blank\" rel=\"noopener\"><span style=\"color: #ec821b;\">Vereinigten K\u00f6nigreich &amp; Drittstaaten<\/span><\/a> bieten wir separate Vertriebspartnerprogramme an. Klicken Sie auf einen der Links, um zur B2B-Webseite f\u00fcr Ihre Region zu gelangen.<\/p><\/div><\/div><div class=\"x-col e717-6 mjx-3\"><div class=\"wpcf7 no-js\" id=\"wpcf7-f69-o1\" lang=\"en-GB\" dir=\"ltr\">\n<div class=\"screen-reader-response\"><p role=\"status\" aria-live=\"polite\" aria-atomic=\"true\"><\/p> <ul><\/ul><\/div>\n<form action=\"\/de-eu\/wp-json\/wp\/v2\/pages\/211#wpcf7-f69-o1\" method=\"post\" class=\"wpcf7-form init\" aria-label=\"Contact form\" novalidate=\"novalidate\" data-status=\"init\">\n<div style=\"display: none;\">\n<input type=\"hidden\" name=\"_wpcf7\" value=\"69\" \/>\n<input type=\"hidden\" name=\"_wpcf7_version\" value=\"5.7.1\" \/>\n<input type=\"hidden\" name=\"_wpcf7_locale\" value=\"en_GB\" \/>\n<input type=\"hidden\" name=\"_wpcf7_unit_tag\" value=\"wpcf7-f69-o1\" \/>\n<input type=\"hidden\" name=\"_wpcf7_container_post\" value=\"0\" \/>\n<input type=\"hidden\" name=\"_wpcf7_posted_data_hash\" value=\"\" \/>\n<\/div>\n<p><label>Name<br \/>\n<span class=\"wpcf7-form-control-wrap\" data-name=\"your-name\"><input size=\"40\" class=\"wpcf7-form-control wpcf7-text wpcf7-validates-as-required\" aria-required=\"true\" aria-invalid=\"false\" value=\"\" type=\"text\" name=\"your-name\" \/><\/span> <\/label>\n<\/p>\n<p><label>Email-Adresse<br \/>\n<span class=\"wpcf7-form-control-wrap\" data-name=\"your-email\"><input size=\"40\" class=\"wpcf7-form-control wpcf7-text wpcf7-email wpcf7-validates-as-required wpcf7-validates-as-email\" aria-required=\"true\" aria-invalid=\"false\" value=\"\" type=\"email\" name=\"your-email\" \/><\/span><\/label>\n<\/p>\n<p><label>Telefonnummer<br \/>\n<span class=\"wpcf7-form-control-wrap\" data-name=\"your-tel\"><input size=\"40\" class=\"wpcf7-form-control wpcf7-text wpcf7-tel wpcf7-validates-as-tel\" aria-invalid=\"false\" value=\"\" type=\"tel\" name=\"your-tel\" \/><\/span> <\/label>\n<\/p>\n<p><label>Nachricht<br \/>\n<span class=\"wpcf7-form-control-wrap\" data-name=\"your-message\"><textarea cols=\"40\" rows=\"10\" class=\"wpcf7-form-control wpcf7-textarea wpcf7-validates-as-required\" aria-required=\"true\" aria-invalid=\"false\" name=\"your-message\"><\/textarea><\/span> <\/label>\n<\/p>\n<p><input class=\"wpcf7-form-control has-spinner wpcf7-submit\" type=\"submit\" value=\"Nachricht senden\" \/>\n<\/p><div class=\"wpcf7-response-output\" aria-hidden=\"true\"><\/div><\/form><\/div><\/div><\/div><\/div><\/div><\/div><\/div><\/div>\n","protected":false},"excerpt":{"rendered":"<p>Flottenl&ouml;sungenSCH\u00dcTZEN SIE FAHRER UND GELDBEUTEL MIT DEM TRAVALL GUARD GEP\u00c4CKGITTERSicherheit steht beim Flottenmanagement an erster Stelle. Selbst kleine Dinge wie Produktmuster im Kofferraum eines SUVs k\u00f6nnen im Ernstfall zu Wurfgeschossen werden. Der Travall Guard bietet eine einfache L\u00f6sung zur Verbesserung der Sicherheit im Fahrzeuginnenraum, indem er eine Barriere zwischen Personen im Fahrzeug und Gegenst\u00e4nden im Heck schafft. Angesichts der aktuellen &#8230; <a href=\"https:\/\/b2b.travall.com\/de-eu\/business\/fleet-solutions\/\" class=\"more-link\">Read More<\/a><\/p>\n","protected":false},"author":1,"featured_media":0,"parent":185,"menu_order":0,"comment_status":"closed","ping_status":"closed","template":"template-blank-4.php","meta":[],"yoast_head":"<!-- This site is optimized with the Yoast SEO plugin v19.12 - https:\/\/yoast.com\/wordpress\/plugins\/seo\/ -->\n<title>Unfallverh\u00fctung im Fuhrpark - Travall-Flottenl\u00f6sungen<\/title>\n<meta name=\"description\" content=\"Das Travall Guard Gep\u00e4ckschutzgitter kann als Schutz vor potenziellen Rechtsstreitigkeiten mit Bezug auf korrekt durchgef\u00fchrte Ladungssicherung fungieren.\" \/>\n<meta name=\"robots\" content=\"index, follow, max-snippet:-1, max-image-preview:large, max-video-preview:-1\" \/>\n<link rel=\"canonical\" href=\"https:\/\/b2b.travall.com\/de-eu\/business\/fleet-solutions\/\" \/>\n<meta property=\"og:locale\" content=\"de_DE\" \/>\n<meta property=\"og:type\" content=\"article\" \/>\n<meta property=\"og:title\" content=\"Unfallverh\u00fctung im Fuhrpark - Travall-Flottenl\u00f6sungen\" \/>\n<meta property=\"og:description\" content=\"Das Travall Guard Gep\u00e4ckschutzgitter kann als Schutz vor potenziellen Rechtsstreitigkeiten mit Bezug auf korrekt durchgef\u00fchrte Ladungssicherung fungieren.\" \/>\n<meta property=\"og:url\" content=\"https:\/\/b2b.travall.com\/de-eu\/business\/fleet-solutions\/\" \/>\n<meta property=\"og:site_name\" content=\"Travall B2B DE Site\" \/>\n<meta property=\"article:modified_time\" content=\"2022-11-21T14:47:58+00:00\" \/>\n<meta name=\"twitter:card\" content=\"summary_large_image\" \/>\n<meta name=\"twitter:label1\" content=\"Gesch\u00e4tzte Lesezeit\" \/>\n\t<meta name=\"twitter:data1\" content=\"2\u00a0Minuten\" \/>\n<script type=\"application\/ld+json\" class=\"yoast-schema-graph\">{\"@context\":\"https:\/\/schema.org\",\"@graph\":[{\"@type\":\"WebPage\",\"@id\":\"https:\/\/b2b.travall.com\/de-eu\/business\/fleet-solutions\/\",\"url\":\"https:\/\/b2b.travall.com\/de-eu\/business\/fleet-solutions\/\",\"name\":\"Unfallverh\u00fctung im Fuhrpark - Travall-Flottenl\u00f6sungen\",\"isPartOf\":{\"@id\":\"https:\/\/b2b.travall.com\/de-eu\/#website\"},\"datePublished\":\"2020-02-27T11:01:24+00:00\",\"dateModified\":\"2022-11-21T14:47:58+00:00\",\"description\":\"Das Travall Guard Gep\u00e4ckschutzgitter kann als Schutz vor potenziellen Rechtsstreitigkeiten mit Bezug auf korrekt durchgef\u00fchrte Ladungssicherung fungieren.\",\"breadcrumb\":{\"@id\":\"https:\/\/b2b.travall.com\/de-eu\/business\/fleet-solutions\/#breadcrumb\"},\"inLanguage\":\"de\",\"potentialAction\":[{\"@type\":\"ReadAction\",\"target\":[\"https:\/\/b2b.travall.com\/de-eu\/business\/fleet-solutions\/\"]}]},{\"@type\":\"BreadcrumbList\",\"@id\":\"https:\/\/b2b.travall.com\/de-eu\/business\/fleet-solutions\/#breadcrumb\",\"itemListElement\":[{\"@type\":\"ListItem\",\"position\":1,\"name\":\"Home\",\"item\":\"https:\/\/b2b.travall.com\/de-eu\/\"},{\"@type\":\"ListItem\",\"position\":2,\"name\":\"Business\",\"item\":\"https:\/\/b2b.travall.com\/de-eu\/business\/\"},{\"@type\":\"ListItem\",\"position\":3,\"name\":\"Fleet Solutions\"}]},{\"@type\":\"WebSite\",\"@id\":\"https:\/\/b2b.travall.com\/de-eu\/#website\",\"url\":\"https:\/\/b2b.travall.com\/de-eu\/\",\"name\":\"Travall B2B DE Site\",\"description\":\"Now you can really have it all\",\"potentialAction\":[{\"@type\":\"SearchAction\",\"target\":{\"@type\":\"EntryPoint\",\"urlTemplate\":\"https:\/\/b2b.travall.com\/de-eu\/?s={search_term_string}\"},\"query-input\":\"required name=search_term_string\"}],\"inLanguage\":\"de\"}]}<\/script>\n<!-- \/ Yoast SEO plugin. -->","yoast_head_json":{"title":"Unfallverh\u00fctung im Fuhrpark - Travall-Flottenl\u00f6sungen","description":"Das Travall Guard Gep\u00e4ckschutzgitter kann als Schutz vor potenziellen Rechtsstreitigkeiten mit Bezug auf korrekt durchgef\u00fchrte Ladungssicherung fungieren.","robots":{"index":"index","follow":"follow","max-snippet":"max-snippet:-1","max-image-preview":"max-image-preview:large","max-video-preview":"max-video-preview:-1"},"canonical":"https:\/\/b2b.travall.com\/de-eu\/business\/fleet-solutions\/","og_locale":"de_DE","og_type":"article","og_title":"Unfallverh\u00fctung im Fuhrpark - Travall-Flottenl\u00f6sungen","og_description":"Das Travall Guard Gep\u00e4ckschutzgitter kann als Schutz vor potenziellen Rechtsstreitigkeiten mit Bezug auf korrekt durchgef\u00fchrte Ladungssicherung fungieren.","og_url":"https:\/\/b2b.travall.com\/de-eu\/business\/fleet-solutions\/","og_site_name":"Travall B2B DE Site","article_modified_time":"2022-11-21T14:47:58+00:00","twitter_card":"summary_large_image","twitter_misc":{"Gesch\u00e4tzte Lesezeit":"2\u00a0Minuten"},"schema":{"@context":"https:\/\/schema.org","@graph":[{"@type":"WebPage","@id":"https:\/\/b2b.travall.com\/de-eu\/business\/fleet-solutions\/","url":"https:\/\/b2b.travall.com\/de-eu\/business\/fleet-solutions\/","name":"Unfallverh\u00fctung im Fuhrpark - Travall-Flottenl\u00f6sungen","isPartOf":{"@id":"https:\/\/b2b.travall.com\/de-eu\/#website"},"datePublished":"2020-02-27T11:01:24+00:00","dateModified":"2022-11-21T14:47:58+00:00","description":"Das Travall Guard Gep\u00e4ckschutzgitter kann als Schutz vor potenziellen Rechtsstreitigkeiten mit Bezug auf korrekt durchgef\u00fchrte Ladungssicherung fungieren.","breadcrumb":{"@id":"https:\/\/b2b.travall.com\/de-eu\/business\/fleet-solutions\/#breadcrumb"},"inLanguage":"de","potentialAction":[{"@type":"ReadAction","target":["https:\/\/b2b.travall.com\/de-eu\/business\/fleet-solutions\/"]}]},{"@type":"BreadcrumbList","@id":"https:\/\/b2b.travall.com\/de-eu\/business\/fleet-solutions\/#breadcrumb","itemListElement":[{"@type":"ListItem","position":1,"name":"Home","item":"https:\/\/b2b.travall.com\/de-eu\/"},{"@type":"ListItem","position":2,"name":"Business","item":"https:\/\/b2b.travall.com\/de-eu\/business\/"},{"@type":"ListItem","position":3,"name":"Fleet Solutions"}]},{"@type":"WebSite","@id":"https:\/\/b2b.travall.com\/de-eu\/#website","url":"https:\/\/b2b.travall.com\/de-eu\/","name":"Travall B2B DE Site","description":"Now you can really have it all","potentialAction":[{"@type":"SearchAction","target":{"@type":"EntryPoint","urlTemplate":"https:\/\/b2b.travall.com\/de-eu\/?s={search_term_string}"},"query-input":"required name=search_term_string"}],"inLanguage":"de"}]}},"_links":{"self":[{"href":"https:\/\/b2b.travall.com\/de-eu\/wp-json\/wp\/v2\/pages\/211"}],"collection":[{"href":"https:\/\/b2b.travall.com\/de-eu\/wp-json\/wp\/v2\/pages"}],"about":[{"href":"https:\/\/b2b.travall.com\/de-eu\/wp-json\/wp\/v2\/types\/page"}],"author":[{"embeddable":true,"href":"https:\/\/b2b.travall.com\/de-eu\/wp-json\/wp\/v2\/users\/1"}],"replies":[{"embeddable":true,"href":"https:\/\/b2b.travall.com\/de-eu\/wp-json\/wp\/v2\/comments?post=211"}],"version-history":[{"count":9,"href":"https:\/\/b2b.travall.com\/de-eu\/wp-json\/wp\/v2\/pages\/211\/revisions"}],"predecessor-version":[{"id":829,"href":"https:\/\/b2b.travall.com\/de-eu\/wp-json\/wp\/v2\/pages\/211\/revisions\/829"}],"up":[{"embeddable":true,"href":"https:\/\/b2b.travall.com\/de-eu\/wp-json\/wp\/v2\/pages\/185"}],"wp:attachment":[{"href":"https:\/\/b2b.travall.com\/de-eu\/wp-json\/wp\/v2\/media?parent=211"}],"curies":[{"name":"wp","href":"https:\/\/api.w.org\/{rel}","templated":true}]}}