{"id":188,"date":"2020-02-26T12:47:47","date_gmt":"2020-02-26T12:47:47","guid":{"rendered":"https:\/\/b2b.travall.com\/de-eu\/business-copy\/"},"modified":"2022-12-15T14:17:16","modified_gmt":"2022-12-15T13:17:16","slug":"retail-accessory-stores","status":"publish","type":"page","link":"https:\/\/b2b.travall.com\/de-eu\/business\/retail-accessory-stores\/","title":{"rendered":"Retail Accessory Stores"},"content":{"rendered":"<div id=\"cs-content\" class=\"cs-content\"><div class=\"x-section e188-1 m58-0 m58-1\"><div class=\"x-bg\" aria-hidden=\"true\" style=\"border-radius: 0px 0px 0px 0px;\"><div class=\"x-bg-layer-lower-image\" style=\" background-image: url(https:\/\/b2b.travall.com\/de-eu\/wp-content\/uploads\/2020\/03\/hero-retail-accessory-stores.jpg); background-repeat: no-repeat; background-position: center; background-size: cover;\"><\/div><div class=\"x-bg-layer-upper-color\" style=\" background-color: rgba(0, 0, 0, 0.4);\"><\/div><\/div><div class=\"x-row x-container max width e188-2 m58-7 m58-8 m58-9\"><div class=\"x-row-inner\"><div class=\"x-col e188-3 m58-b m58-c\"><div class=\"x-text x-text-headline e188-4 m58-f m58-g\"><div class=\"x-text-content\"><div class=\"x-text-content-text\"><h1 class=\"x-text-content-text-primary\">Einzelh\u00e4ndler<\/h1><\/div><\/div><\/div><\/div><\/div><\/div><\/div><div class=\"x-section e188-5 m58-0 m58-2\"><div class=\"x-row x-container max width e188-6 m58-7 m58-8\"><div class=\"x-row-inner\"><div class=\"x-col e188-7 m58-b m58-c m58-d\"><span class=\"x-image e188-8 m58-l m58-m\"><img src=\"https:\/\/b2b.travall.com\/de-eu\/wp-content\/uploads\/2020\/01\/Travall-Icons-fleet-etc-orange-03.png\" width=\"105.5\" height=\"105.5\" alt=\"Image\" loading=\"lazy\"><\/span><div class=\"x-text e188-9 m58-o\"><p>Das Travall-Sortiment bietet fantastische Upselling- und Cross-Selling-M\u00f6glichkeiten f\u00fcr Einzelh\u00e4ndler wie zum Beispiel Autoh\u00e4user, Outdoorl\u00e4den, Tierhandlungen und weitere Unternehmen, die Zubeh\u00f6r anbieten. Damit Sie das Verkaufspotenzial voll aussch\u00f6pfen k\u00f6nnen, unterst\u00fctzen wir Sie mit vertriebsorientierten Produktschulungen, Online-Kontoverwaltung und Marketingmaterial f\u00fcr die Verkaufsfl\u00e4che.<\/p>\n<p>Mit Travall bieten Sie Ihren Kunden erstklassige, ma\u00dfgeschneiderte L\u00f6sungen, die in Ihrem Haus bestellt und dann direkt von Travall versendet werden. Als Einzelh\u00e4ndler lagern Sie weder Ware noch m\u00fcssen Sie sich um den Versand k\u00fcmmern.<\/p>\n<p>Travall-Zubeh\u00f6r kann entweder als komplettes Transportsystem oder einzeln verkauft werden. Das Sortiment ist f\u00fcr viele verschiedene Situationen geeignet, sodass sich unterschiedliche Kundengruppen daf\u00fcr interessieren. Dazu geh\u00f6ren offensichtlich Hundebesitzer, aber auch alle, die Ladung sichern und den Innenraum des Autos in einem guten Zustand halten m\u00f6chten. Dar\u00fcber hinaus werden die Produkte bei Familien immer beliebter; de facto halten wir das Travall Guard Gep\u00e4ckschutzgitter f\u00fcr ein absolutes Muss f\u00fcr Eltern, deren Kinder w\u00e4hrend der Fahrt in Reboardern sitzen.<\/p><\/div><\/div><\/div><\/div><\/div><div class=\"x-section e188-10 m58-0 m58-2 m58-3\"><div class=\"x-row x-container max width e188-11 m58-7 m58-8 m58-9\"><div class=\"x-row-inner\"><div class=\"x-col e188-12 m58-b m58-c\"><div class=\"x-text x-text-headline e188-13 m58-g m58-h m58-i m58-j\"><div class=\"x-text-content\"><div class=\"x-text-content-text\"><h2 class=\"x-text-content-text-primary\"><b>Folgende Kategorien k\u00f6nnten Sie auch interessieren :<\/b><\/h2><\/div><\/div><\/div><\/div><\/div><\/div><div class=\"x-row x-container max width e188-14 m58-7 m58-a\"><div class=\"x-row-inner\"><a class=\"x-col e188-15 m58-b m58-e m58-6\" href=\"\/de-eu\/resources\/\" data-x-effect=\"{&quot;durationBase&quot;:&quot;300ms&quot;}\"><span class=\"x-image e188-16 m58-l m58-n\"><img src=\"https:\/\/b2b.travall.com\/de-eu\/wp-content\/uploads\/2020\/01\/Travall-Icons-09.png\" width=\"106\" height=\"106\" alt=\"Image\" loading=\"lazy\"><\/span><div class=\"x-text x-text-headline e188-17 m58-g m58-i m58-k\"><div class=\"x-text-content\"><div class=\"x-text-content-text\"><h2 class=\"x-text-content-text-primary\">Wissenswertes<\/h2><\/div><\/div><\/div><\/a><a class=\"x-col e188-18 m58-b m58-e m58-6\" href=\"\/de-eu\/travall-guard\/\" data-x-effect=\"{&quot;durationBase&quot;:&quot;300ms&quot;}\"><span class=\"x-image e188-19 m58-l m58-n\"><img src=\"https:\/\/b2b.travall.com\/de-eu\/wp-content\/uploads\/2020\/01\/Travall-Icons-07.png\" width=\"106\" height=\"106\" alt=\"Image\" loading=\"lazy\"><\/span><div class=\"x-text x-text-headline e188-20 m58-g m58-i m58-j m58-k\"><div class=\"x-text-content\"><div class=\"x-text-content-text\"><h2 class=\"x-text-content-text-primary\">Travall Guard<\/h2><\/div><\/div><\/div><\/a><a class=\"x-col e188-21 m58-b m58-e m58-6\" href=\"\/de-eu\/travall-divider\/\" data-x-effect=\"{&quot;durationBase&quot;:&quot;300ms&quot;}\"><span class=\"x-image e188-22 m58-l m58-n\"><img src=\"https:\/\/b2b.travall.com\/de-eu\/wp-content\/uploads\/2020\/01\/Travall-Icons-08.png\" width=\"105.5\" height=\"106\" alt=\"Image\" loading=\"lazy\"><\/span><div class=\"x-text x-text-headline e188-23 m58-g m58-i m58-j m58-k\"><div class=\"x-text-content\"><div class=\"x-text-content-text\"><h2 class=\"x-text-content-text-primary\">Travall Divider<\/h2><\/div><\/div><\/div><\/a><\/div><\/div><\/div><div class=\"x-section e188-24 m58-0 m58-4 m58-5\"><div class=\"cs-content x-global-block x-global-block-716 e188-25\"><div class=\"x-section e716-1 mjw-0\"><div class=\"x-row x-container max width e716-2 mjw-1\"><div class=\"x-row-inner\"><div class=\"x-col e716-3 mjw-2\"><a class=\"x-anchor x-anchor-button has-graphic e716-4 mjw-3 mjw-4\" tabindex=\"0\" href=\"tel:+49%20(0)%202821%20748%203080\"><div class=\"x-anchor-content\"><span class=\"x-graphic\" aria-hidden=\"true\"><i class=\"x-icon x-graphic-child x-graphic-icon x-graphic-primary\" aria-hidden=\"true\" data-x-icon-s=\"&#xf879;\"><\/i><\/span><div class=\"x-anchor-text\"><span class=\"x-anchor-text-primary\">Kontakt<\/span><span class=\"x-anchor-text-secondary\">+49 (0) 2821 748 3080<\/span><\/div><\/div><\/a><\/div><div class=\"x-col e716-5 mjw-2\"><a class=\"x-anchor x-anchor-button has-graphic e716-6 mjw-3 mjw-5\" tabindex=\"0\" href=\"mailto:info@travall.com\"><div class=\"x-anchor-content\"><span class=\"x-graphic\" aria-hidden=\"true\"><i class=\"x-icon x-graphic-child x-graphic-icon x-graphic-primary\" aria-hidden=\"true\" data-x-icon-s=\"&#xf406;\"><\/i><\/span><div class=\"x-anchor-text\"><span class=\"x-anchor-text-primary\">H\u00e4ndleranfragen<\/span><span class=\"x-anchor-text-secondary\">info@travall.com<\/span><\/div><\/div><\/a><\/div><\/div><\/div><\/div><\/div><\/div><div class=\"x-section e188-26 m58-0 m58-3 m58-4\"><div class=\"cs-content x-global-block x-global-block-717 e188-27\"><div class=\"x-section e717-1 mjx-0\"><div class=\"x-row x-container max width e717-2 mjx-1\"><div class=\"x-row-inner\"><div class=\"x-col e717-3 mjx-2 mjx-3\"><div class=\"x-text x-text-headline e717-4 mjx-4\"><div class=\"x-text-content\"><div class=\"x-text-content-text\"><h3 class=\"x-text-content-text-primary\">Senden Sie uns eine E-Mail<\/h3><\/div><\/div><\/div><div class=\"x-text e717-5 mjx-5\"><p>Das Travall-Vertriebspartnerprogramm f\u00fcr EU-Kunden* wurde f\u00fcr Sie und Ihr Unternehmen entwickelt. Unser Zubeh\u00f6r, das zum besten seiner Klasse geh\u00f6rt, ist ganz einfach zu vertreiben. Die Produkte sind in Deutschland auf Lager und werden von dort aus direkt an Ihre Kunden versandt. Und unseren Flottenkunden machen wir es besonders leicht, den kompletten Fuhrpark mit perfekt passendem Zubeh\u00f6r auszustatten - egal, um wie viele Fahrzeuge es sich handelt.<\/p>\n<p>*F\u00fcr gewerbliche Kunden aus den <a href=\"https:\/\/b2b.travall.com\" target=\"_blank\" rel=\"noopener\"><span style=\"color: #ec821b;\">USA<\/span><\/a> oder aus dem <a href=\"https:\/\/b2b.travall.com\/en-uk\" target=\"_blank\" rel=\"noopener\"><span style=\"color: #ec821b;\">Vereinigten K\u00f6nigreich &amp; Drittstaaten<\/span><\/a> bieten wir separate Vertriebspartnerprogramme an. Klicken Sie auf einen der Links, um zur B2B-Webseite f\u00fcr Ihre Region zu gelangen.<\/p><\/div><\/div><div class=\"x-col e717-6 mjx-3\"><div class=\"wpcf7 no-js\" id=\"wpcf7-f69-o1\" lang=\"en-GB\" dir=\"ltr\">\n<div class=\"screen-reader-response\"><p role=\"status\" aria-live=\"polite\" aria-atomic=\"true\"><\/p> <ul><\/ul><\/div>\n<form action=\"\/de-eu\/wp-json\/wp\/v2\/pages\/188#wpcf7-f69-o1\" method=\"post\" class=\"wpcf7-form init\" aria-label=\"Contact form\" novalidate=\"novalidate\" data-status=\"init\">\n<div style=\"display: none;\">\n<input type=\"hidden\" name=\"_wpcf7\" value=\"69\" \/>\n<input type=\"hidden\" name=\"_wpcf7_version\" value=\"5.7.1\" \/>\n<input type=\"hidden\" name=\"_wpcf7_locale\" value=\"en_GB\" \/>\n<input type=\"hidden\" name=\"_wpcf7_unit_tag\" value=\"wpcf7-f69-o1\" \/>\n<input type=\"hidden\" name=\"_wpcf7_container_post\" value=\"0\" \/>\n<input type=\"hidden\" name=\"_wpcf7_posted_data_hash\" value=\"\" \/>\n<\/div>\n<p><label>Name<br \/>\n<span class=\"wpcf7-form-control-wrap\" data-name=\"your-name\"><input size=\"40\" class=\"wpcf7-form-control wpcf7-text wpcf7-validates-as-required\" aria-required=\"true\" aria-invalid=\"false\" value=\"\" type=\"text\" name=\"your-name\" \/><\/span> <\/label>\n<\/p>\n<p><label>Email-Adresse<br \/>\n<span class=\"wpcf7-form-control-wrap\" data-name=\"your-email\"><input size=\"40\" class=\"wpcf7-form-control wpcf7-text wpcf7-email wpcf7-validates-as-required wpcf7-validates-as-email\" aria-required=\"true\" aria-invalid=\"false\" value=\"\" type=\"email\" name=\"your-email\" \/><\/span><\/label>\n<\/p>\n<p><label>Telefonnummer<br \/>\n<span class=\"wpcf7-form-control-wrap\" data-name=\"your-tel\"><input size=\"40\" class=\"wpcf7-form-control wpcf7-text wpcf7-tel wpcf7-validates-as-tel\" aria-invalid=\"false\" value=\"\" type=\"tel\" name=\"your-tel\" \/><\/span> <\/label>\n<\/p>\n<p><label>Nachricht<br \/>\n<span class=\"wpcf7-form-control-wrap\" data-name=\"your-message\"><textarea cols=\"40\" rows=\"10\" class=\"wpcf7-form-control wpcf7-textarea wpcf7-validates-as-required\" aria-required=\"true\" aria-invalid=\"false\" name=\"your-message\"><\/textarea><\/span> <\/label>\n<\/p>\n<p><input class=\"wpcf7-form-control has-spinner wpcf7-submit\" type=\"submit\" value=\"Nachricht senden\" \/>\n<\/p><div class=\"wpcf7-response-output\" aria-hidden=\"true\"><\/div><\/form><\/div><\/div><\/div><\/div><\/div><\/div><\/div><\/div>\n","protected":false},"excerpt":{"rendered":"<p>Einzelh\u00e4ndlerDas Travall-Sortiment bietet fantastische Upselling- und Cross-Selling-M\u00f6glichkeiten f\u00fcr Einzelh\u00e4ndler wie zum Beispiel Autoh\u00e4user, Outdoorl\u00e4den, Tierhandlungen und weitere Unternehmen, die Zubeh\u00f6r anbieten. Damit Sie das Verkaufspotenzial voll aussch\u00f6pfen k\u00f6nnen, unterst\u00fctzen wir Sie mit vertriebsorientierten Produktschulungen, Online-Kontoverwaltung und Marketingmaterial f\u00fcr die Verkaufsfl\u00e4che. Mit Travall bieten Sie Ihren Kunden erstklassige, ma\u00dfgeschneiderte L\u00f6sungen, die in Ihrem Haus bestellt und dann direkt von Travall versendet &#8230; <a href=\"https:\/\/b2b.travall.com\/de-eu\/business\/retail-accessory-stores\/\" class=\"more-link\">Read More<\/a><\/p>\n","protected":false},"author":1,"featured_media":0,"parent":185,"menu_order":0,"comment_status":"closed","ping_status":"closed","template":"template-blank-4.php","meta":[],"yoast_head":"<!-- This site is optimized with the Yoast SEO plugin v19.12 - https:\/\/yoast.com\/wordpress\/plugins\/seo\/ -->\n<title>Cross-Selling-M\u00f6glichkeiten f\u00fcr Einzelh\u00e4ndler - Travall<\/title>\n<meta name=\"description\" content=\"Mit Travall-Produkten bieten Sie Ihren Kunden Premium-Autozubeh\u00f6r, das bei Ihnen bestellt und dann direkt von Travall versendet wird.\" \/>\n<meta name=\"robots\" content=\"index, follow, max-snippet:-1, max-image-preview:large, max-video-preview:-1\" \/>\n<link rel=\"canonical\" href=\"https:\/\/b2b.travall.com\/de-eu\/business\/retail-accessory-stores\/\" \/>\n<meta property=\"og:locale\" content=\"de_DE\" \/>\n<meta property=\"og:type\" content=\"article\" \/>\n<meta property=\"og:title\" content=\"Cross-Selling-M\u00f6glichkeiten f\u00fcr Einzelh\u00e4ndler - Travall\" \/>\n<meta property=\"og:description\" content=\"Mit Travall-Produkten bieten Sie Ihren Kunden Premium-Autozubeh\u00f6r, das bei Ihnen bestellt und dann direkt von Travall versendet wird.\" \/>\n<meta property=\"og:url\" content=\"https:\/\/b2b.travall.com\/de-eu\/business\/retail-accessory-stores\/\" \/>\n<meta property=\"og:site_name\" content=\"Travall B2B DE Site\" \/>\n<meta property=\"article:modified_time\" content=\"2022-12-15T13:17:16+00:00\" \/>\n<meta name=\"twitter:card\" content=\"summary_large_image\" \/>\n<meta name=\"twitter:label1\" content=\"Gesch\u00e4tzte Lesezeit\" \/>\n\t<meta name=\"twitter:data1\" content=\"2\u00a0Minuten\" \/>\n<script type=\"application\/ld+json\" class=\"yoast-schema-graph\">{\"@context\":\"https:\/\/schema.org\",\"@graph\":[{\"@type\":\"WebPage\",\"@id\":\"https:\/\/b2b.travall.com\/de-eu\/business\/retail-accessory-stores\/\",\"url\":\"https:\/\/b2b.travall.com\/de-eu\/business\/retail-accessory-stores\/\",\"name\":\"Cross-Selling-M\u00f6glichkeiten f\u00fcr Einzelh\u00e4ndler - Travall\",\"isPartOf\":{\"@id\":\"https:\/\/b2b.travall.com\/de-eu\/#website\"},\"datePublished\":\"2020-02-26T12:47:47+00:00\",\"dateModified\":\"2022-12-15T13:17:16+00:00\",\"description\":\"Mit Travall-Produkten bieten Sie Ihren Kunden Premium-Autozubeh\u00f6r, das bei Ihnen bestellt und dann direkt von Travall versendet wird.\",\"breadcrumb\":{\"@id\":\"https:\/\/b2b.travall.com\/de-eu\/business\/retail-accessory-stores\/#breadcrumb\"},\"inLanguage\":\"de\",\"potentialAction\":[{\"@type\":\"ReadAction\",\"target\":[\"https:\/\/b2b.travall.com\/de-eu\/business\/retail-accessory-stores\/\"]}]},{\"@type\":\"BreadcrumbList\",\"@id\":\"https:\/\/b2b.travall.com\/de-eu\/business\/retail-accessory-stores\/#breadcrumb\",\"itemListElement\":[{\"@type\":\"ListItem\",\"position\":1,\"name\":\"Home\",\"item\":\"https:\/\/b2b.travall.com\/de-eu\/\"},{\"@type\":\"ListItem\",\"position\":2,\"name\":\"Business\",\"item\":\"https:\/\/b2b.travall.com\/de-eu\/business\/\"},{\"@type\":\"ListItem\",\"position\":3,\"name\":\"Retail Accessory Stores\"}]},{\"@type\":\"WebSite\",\"@id\":\"https:\/\/b2b.travall.com\/de-eu\/#website\",\"url\":\"https:\/\/b2b.travall.com\/de-eu\/\",\"name\":\"Travall B2B DE Site\",\"description\":\"Now you can really have it all\",\"potentialAction\":[{\"@type\":\"SearchAction\",\"target\":{\"@type\":\"EntryPoint\",\"urlTemplate\":\"https:\/\/b2b.travall.com\/de-eu\/?s={search_term_string}\"},\"query-input\":\"required name=search_term_string\"}],\"inLanguage\":\"de\"}]}<\/script>\n<!-- \/ Yoast SEO plugin. -->","yoast_head_json":{"title":"Cross-Selling-M\u00f6glichkeiten f\u00fcr Einzelh\u00e4ndler - Travall","description":"Mit Travall-Produkten bieten Sie Ihren Kunden Premium-Autozubeh\u00f6r, das bei Ihnen bestellt und dann direkt von Travall versendet wird.","robots":{"index":"index","follow":"follow","max-snippet":"max-snippet:-1","max-image-preview":"max-image-preview:large","max-video-preview":"max-video-preview:-1"},"canonical":"https:\/\/b2b.travall.com\/de-eu\/business\/retail-accessory-stores\/","og_locale":"de_DE","og_type":"article","og_title":"Cross-Selling-M\u00f6glichkeiten f\u00fcr Einzelh\u00e4ndler - Travall","og_description":"Mit Travall-Produkten bieten Sie Ihren Kunden Premium-Autozubeh\u00f6r, das bei Ihnen bestellt und dann direkt von Travall versendet wird.","og_url":"https:\/\/b2b.travall.com\/de-eu\/business\/retail-accessory-stores\/","og_site_name":"Travall B2B DE Site","article_modified_time":"2022-12-15T13:17:16+00:00","twitter_card":"summary_large_image","twitter_misc":{"Gesch\u00e4tzte Lesezeit":"2\u00a0Minuten"},"schema":{"@context":"https:\/\/schema.org","@graph":[{"@type":"WebPage","@id":"https:\/\/b2b.travall.com\/de-eu\/business\/retail-accessory-stores\/","url":"https:\/\/b2b.travall.com\/de-eu\/business\/retail-accessory-stores\/","name":"Cross-Selling-M\u00f6glichkeiten f\u00fcr Einzelh\u00e4ndler - Travall","isPartOf":{"@id":"https:\/\/b2b.travall.com\/de-eu\/#website"},"datePublished":"2020-02-26T12:47:47+00:00","dateModified":"2022-12-15T13:17:16+00:00","description":"Mit Travall-Produkten bieten Sie Ihren Kunden Premium-Autozubeh\u00f6r, das bei Ihnen bestellt und dann direkt von Travall versendet wird.","breadcrumb":{"@id":"https:\/\/b2b.travall.com\/de-eu\/business\/retail-accessory-stores\/#breadcrumb"},"inLanguage":"de","potentialAction":[{"@type":"ReadAction","target":["https:\/\/b2b.travall.com\/de-eu\/business\/retail-accessory-stores\/"]}]},{"@type":"BreadcrumbList","@id":"https:\/\/b2b.travall.com\/de-eu\/business\/retail-accessory-stores\/#breadcrumb","itemListElement":[{"@type":"ListItem","position":1,"name":"Home","item":"https:\/\/b2b.travall.com\/de-eu\/"},{"@type":"ListItem","position":2,"name":"Business","item":"https:\/\/b2b.travall.com\/de-eu\/business\/"},{"@type":"ListItem","position":3,"name":"Retail Accessory Stores"}]},{"@type":"WebSite","@id":"https:\/\/b2b.travall.com\/de-eu\/#website","url":"https:\/\/b2b.travall.com\/de-eu\/","name":"Travall B2B DE Site","description":"Now you can really have it all","potentialAction":[{"@type":"SearchAction","target":{"@type":"EntryPoint","urlTemplate":"https:\/\/b2b.travall.com\/de-eu\/?s={search_term_string}"},"query-input":"required name=search_term_string"}],"inLanguage":"de"}]}},"_links":{"self":[{"href":"https:\/\/b2b.travall.com\/de-eu\/wp-json\/wp\/v2\/pages\/188"}],"collection":[{"href":"https:\/\/b2b.travall.com\/de-eu\/wp-json\/wp\/v2\/pages"}],"about":[{"href":"https:\/\/b2b.travall.com\/de-eu\/wp-json\/wp\/v2\/types\/page"}],"author":[{"embeddable":true,"href":"https:\/\/b2b.travall.com\/de-eu\/wp-json\/wp\/v2\/users\/1"}],"replies":[{"embeddable":true,"href":"https:\/\/b2b.travall.com\/de-eu\/wp-json\/wp\/v2\/comments?post=188"}],"version-history":[{"count":5,"href":"https:\/\/b2b.travall.com\/de-eu\/wp-json\/wp\/v2\/pages\/188\/revisions"}],"predecessor-version":[{"id":778,"href":"https:\/\/b2b.travall.com\/de-eu\/wp-json\/wp\/v2\/pages\/188\/revisions\/778"}],"up":[{"embeddable":true,"href":"https:\/\/b2b.travall.com\/de-eu\/wp-json\/wp\/v2\/pages\/185"}],"wp:attachment":[{"href":"https:\/\/b2b.travall.com\/de-eu\/wp-json\/wp\/v2\/media?parent=188"}],"curies":[{"name":"wp","href":"https:\/\/api.w.org\/{rel}","templated":true}]}}