{"id":185,"date":"2020-02-26T12:40:48","date_gmt":"2020-02-26T12:40:48","guid":{"rendered":"https:\/\/b2b.travall.com\/de-eu\/partner-benefits-copy\/"},"modified":"2022-12-15T14:16:37","modified_gmt":"2022-12-15T13:16:37","slug":"business","status":"publish","type":"page","link":"https:\/\/b2b.travall.com\/de-eu\/business\/","title":{"rendered":"Business"},"content":{"rendered":"<div id=\"cs-content\" class=\"cs-content\"><div class=\"x-section e185-1 m55-0 m55-1\"><div class=\"x-bg\" aria-hidden=\"true\" style=\"border-radius: 0px 0px 0px 0px;\"><div class=\"x-bg-layer-lower-image\" style=\" background-image: url(https:\/\/b2b.travall.com\/de-eu\/wp-content\/uploads\/2020\/03\/hero-partner-benefits.jpg); background-repeat: no-repeat; background-position: center; background-size: cover;\"><\/div><div class=\"x-bg-layer-upper-color\" style=\" background-color: rgba(0, 0, 0, 0.4);\"><\/div><\/div><div class=\"x-row x-container max width e185-2 m55-7 m55-8 m55-9\"><div class=\"x-row-inner\"><div class=\"x-col e185-3 m55-c m55-d\"><div class=\"x-text x-text-headline e185-4 m55-l m55-m\"><div class=\"x-text-content\"><div class=\"x-text-content-text\"><h1 class=\"x-text-content-text-primary\"><span style=\"font-weight: 400;\">Ein Partner f&uuml;r Ihr Unternehmen<\/span><\/h1><\/div><\/div><\/div><\/div><\/div><\/div><\/div><div class=\"x-section e185-5 m55-0 m55-2 m55-3\"><div class=\"x-row x-container max width e185-6 m55-7 m55-8 m55-9\"><div class=\"x-row-inner\"><div class=\"x-col e185-7 m55-c m55-d\"><div class=\"x-text x-text-headline e185-8 m55-m m55-n m55-o\"><div class=\"x-text-content\"><div class=\"x-text-content-text\"><h2 class=\"x-text-content-text-primary\"><b>In welchem Bereich sind Sie t\u00e4tig?<\/b><\/h2><\/div><\/div><\/div><\/div><\/div><\/div><div class=\"x-row x-container max width e185-9 m55-7 m55-a non-height\"><div class=\"x-row-inner\"><a class=\"x-col e185-10 m55-c m55-e m55-f m55-g m55-h m55-6\" href=\"\/de-eu\/business\/retail-accessory-stores\/\" data-x-effect=\"{&quot;durationBase&quot;:&quot;300ms&quot;}\"><span class=\"x-image e185-11 m55-q m55-r\"><img src=\"https:\/\/b2b.travall.com\/de-eu\/wp-content\/uploads\/2020\/01\/Travall-Icons-fleet-etc-orange-03.png\" width=\"211\" height=\"211\" alt=\"Image\" loading=\"lazy\"><\/span><div class=\"x-text x-text-headline e185-12 m55-m m55-o m55-p\"><div class=\"x-text-content\"><div class=\"x-text-content-text\"><h4 class=\"x-text-content-text-primary\">Einzelh\u00e4ndler<\/h4><\/div><\/div><\/div><\/a><a class=\"x-col e185-13 m55-c m55-e m55-f m55-g m55-h m55-6\" href=\"\/de-eu\/business\/fleet-solutions\/\" data-x-effect=\"{&quot;durationBase&quot;:&quot;300ms&quot;}\"><span class=\"x-image e185-14 m55-q m55-r\"><img src=\"https:\/\/b2b.travall.com\/de-eu\/wp-content\/uploads\/2020\/01\/Travall-Icons-fleet-etc-orange-02.png\" width=\"212\" height=\"212\" alt=\"Image\" loading=\"lazy\"><\/span><div class=\"x-text x-text-headline e185-15 m55-m m55-o m55-p\"><div class=\"x-text-content\"><div class=\"x-text-content-text\"><h4 class=\"x-text-content-text-primary\">Flottenl\u00f6sungen<\/h4><\/div><\/div><\/div><\/a><a class=\"x-col e185-16 m55-c m55-e m55-f m55-g m55-h m55-6\" href=\"\/de-eu\/business\/car-dealerships\/\" data-x-effect=\"{&quot;durationBase&quot;:&quot;300ms&quot;}\"><span class=\"x-image e185-17 m55-q m55-r\"><img src=\"https:\/\/b2b.travall.com\/de-eu\/wp-content\/uploads\/2020\/01\/Travall-Icons-fleet-etc-orange-04.png\" width=\"211\" height=\"211\" alt=\"Image\" loading=\"lazy\"><\/span><div class=\"x-text x-text-headline e185-18 m55-m m55-o m55-p\"><div class=\"x-text-content\"><div class=\"x-text-content-text\"><h4 class=\"x-text-content-text-primary\">Autoh\u00e4user<\/h4><\/div><\/div><\/div><\/a><a class=\"x-col e185-19 m55-c m55-e m55-f m55-g m55-h m55-6\" href=\"\/de-eu\/business\/car-manufacturers\/\" data-x-effect=\"{&quot;durationBase&quot;:&quot;300ms&quot;}\"><span class=\"x-image e185-20 m55-q m55-r\"><img src=\"https:\/\/b2b.travall.com\/de-eu\/wp-content\/uploads\/2020\/01\/Travall-Icons-fleet-etc-orange-05.png\" width=\"211\" height=\"212\" alt=\"Image\" loading=\"lazy\"><\/span><div class=\"x-text x-text-headline e185-21 m55-m m55-o m55-p\"><div class=\"x-text-content\"><div class=\"x-text-content-text\"><h4 class=\"x-text-content-text-primary\">Autoh\u00e4ndler und Kfz-Importeure<\/h4><\/div><\/div><\/div><\/a><\/div><\/div><\/div><div class=\"x-section e185-22 m55-0 m55-4\" style=\"clear: both;\"><div class=\"x-row x-container max width e185-23 m55-7 m55-8 m55-b\"><div class=\"x-row-inner\"><div class=\"x-col e185-24 m55-c m55-e m55-h m55-i m55-j\"><div class=\"x-text x-text-headline e185-25 m55-m m55-n m55-o\"><div class=\"x-text-content\"><div class=\"x-text-content-text\"><h2 class=\"x-text-content-text-primary\"><b>F\u00fcr den Verkauf bestens ausger\u00fcstet<\/b><\/h2><\/div><\/div><\/div><div class=\"x-text e185-26 m55-t\"><p>Travall bietet umfassende Unterst\u00fctzung und Marketing-Tools, die genau auf Ihre Gesch\u00e4ftsanforderungen zugeschnitten sind.<\/p><\/div><\/div><div class=\"x-col e185-27 m55-c m55-e m55-g m55-j m55-k\"><span class=\"x-image e185-28 m55-q m55-s\"><img src=\"https:\/\/b2b.travall.com\/de-eu\/wp-content\/uploads\/2020\/02\/marketing-brouchure.png\" width=\"738\" height=\"578\" alt=\"Travall Marketing Material\" loading=\"lazy\"><\/span><\/div><\/div><\/div><\/div><div class=\"x-section e185-29 m55-0 m55-4 m55-5\"><div class=\"cs-content x-global-block x-global-block-716 e185-30\"><div class=\"x-section e716-1 mjw-0\"><div class=\"x-row x-container max width e716-2 mjw-1\"><div class=\"x-row-inner\"><div class=\"x-col e716-3 mjw-2\"><a class=\"x-anchor x-anchor-button has-graphic e716-4 mjw-3 mjw-4\" tabindex=\"0\" href=\"tel:+49%20(0)%202821%20748%203080\"><div class=\"x-anchor-content\"><span class=\"x-graphic\" aria-hidden=\"true\"><i class=\"x-icon x-graphic-child x-graphic-icon x-graphic-primary\" aria-hidden=\"true\" data-x-icon-s=\"&#xf879;\"><\/i><\/span><div class=\"x-anchor-text\"><span class=\"x-anchor-text-primary\">Kontakt<\/span><span class=\"x-anchor-text-secondary\">+49 (0) 2821 748 3080<\/span><\/div><\/div><\/a><\/div><div class=\"x-col e716-5 mjw-2\"><a class=\"x-anchor x-anchor-button has-graphic e716-6 mjw-3 mjw-5\" tabindex=\"0\" href=\"mailto:info@travall.com\"><div class=\"x-anchor-content\"><span class=\"x-graphic\" aria-hidden=\"true\"><i class=\"x-icon x-graphic-child x-graphic-icon x-graphic-primary\" aria-hidden=\"true\" data-x-icon-s=\"&#xf406;\"><\/i><\/span><div class=\"x-anchor-text\"><span class=\"x-anchor-text-primary\">H\u00e4ndleranfragen<\/span><span class=\"x-anchor-text-secondary\">info@travall.com<\/span><\/div><\/div><\/a><\/div><\/div><\/div><\/div><\/div><\/div><div class=\"x-section e185-31 m55-0 m55-3 m55-4\"><div class=\"cs-content x-global-block x-global-block-717 e185-32\"><div class=\"x-section e717-1 mjx-0\"><div class=\"x-row x-container max width e717-2 mjx-1\"><div class=\"x-row-inner\"><div class=\"x-col e717-3 mjx-2 mjx-3\"><div class=\"x-text x-text-headline e717-4 mjx-4\"><div class=\"x-text-content\"><div class=\"x-text-content-text\"><h3 class=\"x-text-content-text-primary\">Senden Sie uns eine E-Mail<\/h3><\/div><\/div><\/div><div class=\"x-text e717-5 mjx-5\"><p>Das Travall-Vertriebspartnerprogramm f\u00fcr EU-Kunden* wurde f\u00fcr Sie und Ihr Unternehmen entwickelt. Unser Zubeh\u00f6r, das zum besten seiner Klasse geh\u00f6rt, ist ganz einfach zu vertreiben. Die Produkte sind in Deutschland auf Lager und werden von dort aus direkt an Ihre Kunden versandt. Und unseren Flottenkunden machen wir es besonders leicht, den kompletten Fuhrpark mit perfekt passendem Zubeh\u00f6r auszustatten - egal, um wie viele Fahrzeuge es sich handelt.<\/p>\n<p>*F\u00fcr gewerbliche Kunden aus den <a href=\"https:\/\/b2b.travall.com\" target=\"_blank\" rel=\"noopener\"><span style=\"color: #ec821b;\">USA<\/span><\/a> oder aus dem <a href=\"https:\/\/b2b.travall.com\/en-uk\" target=\"_blank\" rel=\"noopener\"><span style=\"color: #ec821b;\">Vereinigten K\u00f6nigreich &amp; Drittstaaten<\/span><\/a> bieten wir separate Vertriebspartnerprogramme an. Klicken Sie auf einen der Links, um zur B2B-Webseite f\u00fcr Ihre Region zu gelangen.<\/p><\/div><\/div><div class=\"x-col e717-6 mjx-3\"><div class=\"wpcf7 no-js\" id=\"wpcf7-f69-o1\" lang=\"en-GB\" dir=\"ltr\">\n<div class=\"screen-reader-response\"><p role=\"status\" aria-live=\"polite\" aria-atomic=\"true\"><\/p> <ul><\/ul><\/div>\n<form action=\"\/de-eu\/wp-json\/wp\/v2\/pages\/185#wpcf7-f69-o1\" method=\"post\" class=\"wpcf7-form init\" aria-label=\"Contact form\" novalidate=\"novalidate\" data-status=\"init\">\n<div style=\"display: none;\">\n<input type=\"hidden\" name=\"_wpcf7\" value=\"69\" \/>\n<input type=\"hidden\" name=\"_wpcf7_version\" value=\"5.7.1\" \/>\n<input type=\"hidden\" name=\"_wpcf7_locale\" value=\"en_GB\" \/>\n<input type=\"hidden\" name=\"_wpcf7_unit_tag\" value=\"wpcf7-f69-o1\" \/>\n<input type=\"hidden\" name=\"_wpcf7_container_post\" value=\"0\" \/>\n<input type=\"hidden\" name=\"_wpcf7_posted_data_hash\" value=\"\" \/>\n<\/div>\n<p><label>Name<br \/>\n<span class=\"wpcf7-form-control-wrap\" data-name=\"your-name\"><input size=\"40\" class=\"wpcf7-form-control wpcf7-text wpcf7-validates-as-required\" aria-required=\"true\" aria-invalid=\"false\" value=\"\" type=\"text\" name=\"your-name\" \/><\/span> <\/label>\n<\/p>\n<p><label>Email-Adresse<br \/>\n<span class=\"wpcf7-form-control-wrap\" data-name=\"your-email\"><input size=\"40\" class=\"wpcf7-form-control wpcf7-text wpcf7-email wpcf7-validates-as-required wpcf7-validates-as-email\" aria-required=\"true\" aria-invalid=\"false\" value=\"\" type=\"email\" name=\"your-email\" \/><\/span><\/label>\n<\/p>\n<p><label>Telefonnummer<br \/>\n<span class=\"wpcf7-form-control-wrap\" data-name=\"your-tel\"><input size=\"40\" class=\"wpcf7-form-control wpcf7-text wpcf7-tel wpcf7-validates-as-tel\" aria-invalid=\"false\" value=\"\" type=\"tel\" name=\"your-tel\" \/><\/span> <\/label>\n<\/p>\n<p><label>Nachricht<br \/>\n<span class=\"wpcf7-form-control-wrap\" data-name=\"your-message\"><textarea cols=\"40\" rows=\"10\" class=\"wpcf7-form-control wpcf7-textarea wpcf7-validates-as-required\" aria-required=\"true\" aria-invalid=\"false\" name=\"your-message\"><\/textarea><\/span> <\/label>\n<\/p>\n<p><input class=\"wpcf7-form-control has-spinner wpcf7-submit\" type=\"submit\" value=\"Nachricht senden\" \/>\n<\/p><div class=\"wpcf7-response-output\" aria-hidden=\"true\"><\/div><\/form><\/div><\/div><\/div><\/div><\/div><\/div><\/div><div class=\"x-section e185-33 m55-0 m55-4\"><div class=\"cs-content x-global-block x-global-block-718 e185-34\"><div class=\"x-section e718-1 mjy-0\"><div class=\"x-row x-container max width e718-2 mjy-1 mjy-2\"><div class=\"x-row-inner\"><div class=\"x-col e718-3 mjy-4 mjy-5\"><span class=\"x-image e718-4 mjy-6\"><img src=\"https:\/\/b2b.travall.com\/de-eu\/wp-content\/uploads\/2020\/03\/logistic-map.png\" width=\"969\" height=\"468\" alt=\"Image\" loading=\"lazy\"><\/span><div class=\"x-row e718-5 mjy-1 mjy-3\"><div class=\"x-row-inner\"><div class=\"x-col e718-6 mjy-4\"><div class=\"x-text x-text-headline e718-7 mjy-7\"><div class=\"x-text-content\"><div class=\"x-text-content-text\"><h4 class=\"x-text-content-text-primary\">UK<\/h4><\/div><\/div><\/div><div class=\"x-text e718-8 mjy-8\"><p>Travall United Kingdom<br>Gosforth Road<br>Derby<br>DE24 8HU<br>United Kingdom<\/p><\/div><\/div><div class=\"x-col e718-9 mjy-4\"><div class=\"x-text x-text-headline e718-10 mjy-7\"><div class=\"x-text-content\"><div class=\"x-text-content-text\"><h4 class=\"x-text-content-text-primary\">USA<\/h4><\/div><\/div><\/div><div class=\"x-text e718-11 mjy-8\"><p>Travall<br \/>1230 Peachtree St NE<br \/>Suite 1900<br \/>Atlanta, GA 30309<br \/>USA<\/p><\/div><\/div><div class=\"x-col e718-12 mjy-4\"><div class=\"x-text x-text-headline e718-13 mjy-7\"><div class=\"x-text-content\"><div class=\"x-text-content-text\"><h4 class=\"x-text-content-text-primary\">Germany<\/h4><\/div><\/div><\/div><div class=\"x-text e718-14 mjy-8\"><p style=\"text-align: left;\">Travall<br \/>\nWestendstra\u00dfe 28<br \/>\n60325 Frankfurt<br \/>\nDeutschland<\/p><\/div><\/div><\/div><\/div><\/div><\/div><\/div><\/div><\/div><\/div><\/div>\n","protected":false},"excerpt":{"rendered":"<p>Ein Partner f&uuml;r Ihr UnternehmenIn welchem Bereich sind Sie t\u00e4tig?Einzelh\u00e4ndlerFlottenl\u00f6sungenAutoh\u00e4userAutoh\u00e4ndler und Kfz-ImporteureF\u00fcr den Verkauf bestens ausger\u00fcstetTravall bietet umfassende Unterst\u00fctzung und Marketing-Tools, die genau auf Ihre Gesch\u00e4ftsanforderungen zugeschnitten sind.Kontakt+49 (0) 2821 748 3080H\u00e4ndleranfrageninfo@travall.comSenden Sie uns eine E-MailDas Travall-Vertriebspartnerprogramm f\u00fcr EU-Kunden* wurde f\u00fcr Sie und Ihr Unternehmen entwickelt. Unser Zubeh\u00f6r, das zum besten seiner Klasse geh\u00f6rt, ist ganz einfach zu vertreiben. Die &#8230; <a href=\"https:\/\/b2b.travall.com\/de-eu\/business\/\" class=\"more-link\">Read More<\/a><\/p>\n","protected":false},"author":1,"featured_media":0,"parent":0,"menu_order":0,"comment_status":"closed","ping_status":"closed","template":"template-blank-4.php","meta":[],"yoast_head":"<!-- This site is optimized with the Yoast SEO plugin v19.12 - https:\/\/yoast.com\/wordpress\/plugins\/seo\/ -->\n<title>Der Autozubeh\u00f6r-Partner f\u00fcr Ihr Unternehmen - Travall<\/title>\n<meta name=\"description\" content=\"Als Travall-Vertriebspartner profitiert Ihr Unternehmen von einer starken Marke. Fahrzeugspezifisches Zubeh\u00f6r in Premiumqualit\u00e4t. Versand aus Deutschland.\" \/>\n<meta name=\"robots\" content=\"index, follow, max-snippet:-1, max-image-preview:large, max-video-preview:-1\" \/>\n<link rel=\"canonical\" href=\"https:\/\/b2b.travall.com\/de-eu\/business\/\" \/>\n<meta property=\"og:locale\" content=\"de_DE\" \/>\n<meta property=\"og:type\" content=\"article\" \/>\n<meta property=\"og:title\" content=\"Der Autozubeh\u00f6r-Partner f\u00fcr Ihr Unternehmen - Travall\" \/>\n<meta property=\"og:description\" content=\"Als Travall-Vertriebspartner profitiert Ihr Unternehmen von einer starken Marke. Fahrzeugspezifisches Zubeh\u00f6r in Premiumqualit\u00e4t. Versand aus Deutschland.\" \/>\n<meta property=\"og:url\" content=\"https:\/\/b2b.travall.com\/de-eu\/business\/\" \/>\n<meta property=\"og:site_name\" content=\"Travall B2B DE Site\" \/>\n<meta property=\"article:modified_time\" content=\"2022-12-15T13:16:37+00:00\" \/>\n<meta name=\"twitter:card\" content=\"summary_large_image\" \/>\n<meta name=\"twitter:label1\" content=\"Gesch\u00e4tzte Lesezeit\" \/>\n\t<meta name=\"twitter:data1\" content=\"2\u00a0Minuten\" \/>\n<script type=\"application\/ld+json\" class=\"yoast-schema-graph\">{\"@context\":\"https:\/\/schema.org\",\"@graph\":[{\"@type\":\"WebPage\",\"@id\":\"https:\/\/b2b.travall.com\/de-eu\/business\/\",\"url\":\"https:\/\/b2b.travall.com\/de-eu\/business\/\",\"name\":\"Der Autozubeh\u00f6r-Partner f\u00fcr Ihr Unternehmen - Travall\",\"isPartOf\":{\"@id\":\"https:\/\/b2b.travall.com\/de-eu\/#website\"},\"datePublished\":\"2020-02-26T12:40:48+00:00\",\"dateModified\":\"2022-12-15T13:16:37+00:00\",\"description\":\"Als Travall-Vertriebspartner profitiert Ihr Unternehmen von einer starken Marke. Fahrzeugspezifisches Zubeh\u00f6r in Premiumqualit\u00e4t. Versand aus Deutschland.\",\"breadcrumb\":{\"@id\":\"https:\/\/b2b.travall.com\/de-eu\/business\/#breadcrumb\"},\"inLanguage\":\"de\",\"potentialAction\":[{\"@type\":\"ReadAction\",\"target\":[\"https:\/\/b2b.travall.com\/de-eu\/business\/\"]}]},{\"@type\":\"BreadcrumbList\",\"@id\":\"https:\/\/b2b.travall.com\/de-eu\/business\/#breadcrumb\",\"itemListElement\":[{\"@type\":\"ListItem\",\"position\":1,\"name\":\"Home\",\"item\":\"https:\/\/b2b.travall.com\/de-eu\/\"},{\"@type\":\"ListItem\",\"position\":2,\"name\":\"Business\"}]},{\"@type\":\"WebSite\",\"@id\":\"https:\/\/b2b.travall.com\/de-eu\/#website\",\"url\":\"https:\/\/b2b.travall.com\/de-eu\/\",\"name\":\"Travall B2B DE Site\",\"description\":\"Now you can really have it all\",\"potentialAction\":[{\"@type\":\"SearchAction\",\"target\":{\"@type\":\"EntryPoint\",\"urlTemplate\":\"https:\/\/b2b.travall.com\/de-eu\/?s={search_term_string}\"},\"query-input\":\"required name=search_term_string\"}],\"inLanguage\":\"de\"}]}<\/script>\n<!-- \/ Yoast SEO plugin. -->","yoast_head_json":{"title":"Der Autozubeh\u00f6r-Partner f\u00fcr Ihr Unternehmen - Travall","description":"Als Travall-Vertriebspartner profitiert Ihr Unternehmen von einer starken Marke. Fahrzeugspezifisches Zubeh\u00f6r in Premiumqualit\u00e4t. Versand aus Deutschland.","robots":{"index":"index","follow":"follow","max-snippet":"max-snippet:-1","max-image-preview":"max-image-preview:large","max-video-preview":"max-video-preview:-1"},"canonical":"https:\/\/b2b.travall.com\/de-eu\/business\/","og_locale":"de_DE","og_type":"article","og_title":"Der Autozubeh\u00f6r-Partner f\u00fcr Ihr Unternehmen - Travall","og_description":"Als Travall-Vertriebspartner profitiert Ihr Unternehmen von einer starken Marke. Fahrzeugspezifisches Zubeh\u00f6r in Premiumqualit\u00e4t. Versand aus Deutschland.","og_url":"https:\/\/b2b.travall.com\/de-eu\/business\/","og_site_name":"Travall B2B DE Site","article_modified_time":"2022-12-15T13:16:37+00:00","twitter_card":"summary_large_image","twitter_misc":{"Gesch\u00e4tzte Lesezeit":"2\u00a0Minuten"},"schema":{"@context":"https:\/\/schema.org","@graph":[{"@type":"WebPage","@id":"https:\/\/b2b.travall.com\/de-eu\/business\/","url":"https:\/\/b2b.travall.com\/de-eu\/business\/","name":"Der Autozubeh\u00f6r-Partner f\u00fcr Ihr Unternehmen - Travall","isPartOf":{"@id":"https:\/\/b2b.travall.com\/de-eu\/#website"},"datePublished":"2020-02-26T12:40:48+00:00","dateModified":"2022-12-15T13:16:37+00:00","description":"Als Travall-Vertriebspartner profitiert Ihr Unternehmen von einer starken Marke. Fahrzeugspezifisches Zubeh\u00f6r in Premiumqualit\u00e4t. Versand aus Deutschland.","breadcrumb":{"@id":"https:\/\/b2b.travall.com\/de-eu\/business\/#breadcrumb"},"inLanguage":"de","potentialAction":[{"@type":"ReadAction","target":["https:\/\/b2b.travall.com\/de-eu\/business\/"]}]},{"@type":"BreadcrumbList","@id":"https:\/\/b2b.travall.com\/de-eu\/business\/#breadcrumb","itemListElement":[{"@type":"ListItem","position":1,"name":"Home","item":"https:\/\/b2b.travall.com\/de-eu\/"},{"@type":"ListItem","position":2,"name":"Business"}]},{"@type":"WebSite","@id":"https:\/\/b2b.travall.com\/de-eu\/#website","url":"https:\/\/b2b.travall.com\/de-eu\/","name":"Travall B2B DE Site","description":"Now you can really have it all","potentialAction":[{"@type":"SearchAction","target":{"@type":"EntryPoint","urlTemplate":"https:\/\/b2b.travall.com\/de-eu\/?s={search_term_string}"},"query-input":"required name=search_term_string"}],"inLanguage":"de"}]}},"_links":{"self":[{"href":"https:\/\/b2b.travall.com\/de-eu\/wp-json\/wp\/v2\/pages\/185"}],"collection":[{"href":"https:\/\/b2b.travall.com\/de-eu\/wp-json\/wp\/v2\/pages"}],"about":[{"href":"https:\/\/b2b.travall.com\/de-eu\/wp-json\/wp\/v2\/types\/page"}],"author":[{"embeddable":true,"href":"https:\/\/b2b.travall.com\/de-eu\/wp-json\/wp\/v2\/users\/1"}],"replies":[{"embeddable":true,"href":"https:\/\/b2b.travall.com\/de-eu\/wp-json\/wp\/v2\/comments?post=185"}],"version-history":[{"count":3,"href":"https:\/\/b2b.travall.com\/de-eu\/wp-json\/wp\/v2\/pages\/185\/revisions"}],"predecessor-version":[{"id":756,"href":"https:\/\/b2b.travall.com\/de-eu\/wp-json\/wp\/v2\/pages\/185\/revisions\/756"}],"wp:attachment":[{"href":"https:\/\/b2b.travall.com\/de-eu\/wp-json\/wp\/v2\/media?parent=185"}],"curies":[{"name":"wp","href":"https:\/\/api.w.org\/{rel}","templated":true}]}}