{"id":16,"date":"2020-01-23T18:12:43","date_gmt":"2020-01-23T18:12:43","guid":{"rendered":"https:\/\/b2b.travall.com\/de-eu\/?page_id=16"},"modified":"2022-12-15T14:15:19","modified_gmt":"2022-12-15T13:15:19","slug":"the-range","status":"publish","type":"page","link":"https:\/\/b2b.travall.com\/de-eu\/the-range\/","title":{"rendered":"Product Range"},"content":{"rendered":"<div id=\"cs-content\" class=\"cs-content\"><div class=\"x-section e16-1 mg-0 mg-1\"><div class=\"x-bg\" aria-hidden=\"true\" style=\"border-radius: 0px 0px 0px 0px;\"><div class=\"x-bg-layer-lower-image\" style=\" background-image: url(https:\/\/b2b.travall.com\/de-eu\/wp-content\/uploads\/2021\/06\/travall-header-new.png); background-repeat: no-repeat; background-position: center; background-size: cover;\"><\/div><\/div><\/div><div class=\"x-section e16-2 mg-0 mg-2 mg-3\"><div class=\"x-row x-container max width e16-3 mg-8 mg-9\"><div class=\"x-row-inner\"><div class=\"x-col e16-4 mg-b mg-c mg-d\"><div class=\"x-text x-text-headline has-graphic e16-5 mg-h mg-i mg-j mg-k\"><div class=\"x-text-content\"><span class=\"x-graphic\" aria-hidden=\"true\"><span class=\"x-image x-graphic-child x-graphic-image x-graphic-primary\"><img src=\"https:\/\/b2b.travall.com\/de-eu\/wp-content\/uploads\/2020\/01\/Tick_clear.png\" width=\"101\" height=\"100\" alt=\"Image\" loading=\"lazy\"><\/span><\/span><div class=\"x-text-content-text\"><h3 class=\"x-text-content-text-primary\"><h3><b>PRODUKTSORTIMENT<\/b><\/h3><\/h3><\/div><\/div><\/div><div class=\"x-text e16-6 mg-n mg-o\"><p>Travall ist die weltweit f\u00fchrende Marke f\u00fcr fahrzeugspezifische Trenngitter und Kofferraumteiler. Neben seinem Kernprodukt, dem Travall Guard, entwickelt und produziert Travall ein stetig wachsendes Sortiment an ebenso erstklassigem Kfz-Zubeh\u00f6r f\u00fcr diverse Anwendungsbereiche und unterschiedlichste Kundengruppen - von Firmenflotten bis hin zu Outdoor-Enthusiasten.<\/p>\n<p>Das Travall Guard Trenngitter tr\u00e4gt zur Ladungssicherheit bei, in dem es beispielsweise Produktmuster, kleine Werkzeuge oder auch Haustiere im Heck des Fahrzeugs sichert.<\/p><\/div><\/div><div class=\"x-col e16-7 mg-b mg-d mg-e\"><a class=\"x-anchor x-anchor-button has-particle e16-8 mg-q\" tabindex=\"0\" href=\"https:\/\/b2b.travall.com\/de-eu\/wp-content\/uploads\/2021\/06\/travall-b2b-brochrue-de.pdf\"><div class=\"x-anchor-content\"><div class=\"x-anchor-text\"><span class=\"x-anchor-text-primary\">Brosch\u00fcre herunterladen<\/span><\/div><\/div><span class=\"x-particle is-primary\" data-x-particle=\"scale-x inside-c_l\" aria-hidden=\"true\"><span style=\"transform: skew(-30deg, 0) scale(1.3);\n\"><\/span><\/span><\/a><a class=\"x-anchor x-anchor-button has-particle e16-9 mg-q\" tabindex=\"0\" href=\"\/de-eu\/wp-content\/uploads\/2022\/11\/Trifold-flyer-DE-content-71122.pdf\" target=\"_blank\"><div class=\"x-anchor-content\"><div class=\"x-anchor-text\"><span class=\"x-anchor-text-primary\">Flyer ansehen<\/span><\/div><\/div><span class=\"x-particle is-primary\" data-x-particle=\"scale-x inside-c_l\" aria-hidden=\"true\"><span style=\"transform: skew(-30deg, 0) scale(1.3);\n\"><\/span><\/span><\/a><\/div><\/div><\/div><\/div><div class=\"x-section e16-10 mg-0 mg-2 mg-4\"><div class=\"x-row x-container max width e16-11 mg-8 mg-a\"><div class=\"x-row-inner\"><a class=\"x-col e16-12 mg-b mg-c mg-f mg-7\" href=\"\/de-eu\/travall-guard\/\" data-x-effect=\"{&quot;durationBase&quot;:&quot;300ms&quot;}\"><span class=\"x-image e16-13 mg-r\"><img src=\"https:\/\/b2b.travall.com\/de-eu\/wp-content\/uploads\/2022\/11\/TravallGuard-and-mat-new-01.jpg\" width=\"500\" height=\"500\" alt=\"Image\" loading=\"lazy\"><\/span><div class=\"x-text x-text-headline e16-14 mg-i mg-k mg-l\"><div class=\"x-text-content\"><div class=\"x-text-content-text\"><h4 class=\"x-text-content-text-primary\">Travall Guard<\/h4><\/div><\/div><\/div><div class=\"x-text e16-15 mg-n mg-p\">Das Travall Guard Trenngitter kann f\u00fcr mehr Sicherheit sorgen, indem es Fahrer und Fahrg\u00e4ste vor losen Gegenst\u00e4nden im Kofferraum sch\u00fctzt. Die Nachr\u00fcstung des Gitters dauert weniger als 30 Minuten; Ver\u00e4nderungen im oder am Fahrzeug sind nicht erforderlich.<\/div><\/a><a class=\"x-col e16-16 mg-b mg-c mg-f mg-7\" href=\"\/de-eu\/travall-divider\/\" data-x-effect=\"{&quot;durationBase&quot;:&quot;300ms&quot;}\"><span class=\"x-image e16-17 mg-r\"><img src=\"https:\/\/b2b.travall.com\/de-eu\/wp-content\/uploads\/2020\/01\/TDG1075D-02.jpg\" width=\"1280\" height=\"1280\" alt=\"Image\" loading=\"lazy\"><\/span><div class=\"x-text x-text-headline e16-18 mg-i mg-k mg-l\"><div class=\"x-text-content\"><div class=\"x-text-content-text\"><h4 class=\"x-text-content-text-primary\">Travall Divider<\/h4><\/div><\/div><\/div><div class=\"x-text e16-19 mg-n mg-p\"><p>Das L\u00e4ngsgitter ist der beste Begleiter f\u00fcr ein Hundegitter, denn es teilt das Heck in zwei separate Bereiche. So k\u00f6nnen Hund und Gep\u00e4ck gleichzeitig im Kofferraum transportiert werden.<\/p><\/div><\/a><a class=\"x-col e16-20 mg-b mg-c mg-f mg-7\" href=\"\/de-eu\/travall-tailgate-2\/\" data-x-effect=\"{&quot;durationBase&quot;:&quot;300ms&quot;}\"><span class=\"x-image e16-21 mg-r\"><img src=\"https:\/\/b2b.travall.com\/de-eu\/wp-content\/uploads\/2021\/06\/range-tailgate.png\" width=\"400\" height=\"400\" alt=\"Image\" loading=\"lazy\"><\/span><div class=\"x-text x-text-headline e16-22 mg-i mg-k mg-l\"><div class=\"x-text-content\"><div class=\"x-text-content-text\"><h4 class=\"x-text-content-text-primary\">Travall TailGate<\/h4><\/div><\/div><\/div><div class=\"x-text e16-23 mg-n mg-p\">Als clevere Erg\u00e4nzung zum Travall Guard und Divider kann das Heckgitter Hunde davon abhalten, aus dem Kofferraum zu springen, sobald die Heckklappe ge\u00f6ffnet wird. Zus\u00e4tzlich zum Sicherheitsaspekt f\u00fcr Haustieren kann man die Heckgittert\u00fcren dazu nutzen, den Kofferraum in kleinere Bereiche aufzuteilen und dadurch effizienter zu organisieren.<\/div><\/a><a class=\"x-col e16-24 mg-b mg-c mg-f mg-7\" href=\"\/de-eu\/travall-cargomat\/\" data-x-effect=\"{&quot;durationBase&quot;:&quot;300ms&quot;}\"><span class=\"x-image e16-25 mg-r\"><img src=\"https:\/\/b2b.travall.com\/de-eu\/wp-content\/uploads\/2022\/11\/TravallGuard-and-mat-new-02.jpg\" width=\"500\" height=\"500\" alt=\"Image\" loading=\"lazy\"><\/span><div class=\"x-text x-text-headline e16-26 mg-i mg-k mg-l\"><div class=\"x-text-content\"><div class=\"x-text-content-text\"><h4 class=\"x-text-content-text-primary\">Travall CargoMat<\/h4><\/div><\/div><\/div><div class=\"x-text e16-27 mg-n mg-p\">Die Gep\u00e4ckraumeinlage aus robustem SBR-Gummi bewahrt den Bodenbelag im Heck vor Verschmutzung und Abnutzung. Wie die Travall Mats verf\u00fcgt die Kofferraumwanne \u00fcber eine Anti-Rutsch-Oberfl\u00e4che.<\/div><\/a><a class=\"x-col e16-28 mg-b mg-c mg-f mg-7\" href=\"\/de-eu\/travall-mats\/\" data-x-effect=\"{&quot;durationBase&quot;:&quot;300ms&quot;}\"><span class=\"x-image e16-29 mg-r\"><img src=\"https:\/\/b2b.travall.com\/de-eu\/wp-content\/uploads\/2020\/01\/TRM1002.jpg\" width=\"1280\" height=\"1280\" alt=\"Image\" loading=\"lazy\"><\/span><div class=\"x-text x-text-headline e16-30 mg-i mg-k mg-l\"><div class=\"x-text-content\"><div class=\"x-text-content-text\"><h4 class=\"x-text-content-text-primary\">Travall Mats<\/h4><\/div><\/div><\/div><div class=\"x-text e16-31 mg-n mg-p\">Die Gummifu\u00dfmatten sind genau auf Form und Gr\u00f6\u00dfe des jeweiligen Autos abgestimmt. Sie sind rutschfest und sch\u00fctzen das Fahrzeug-Interieur zuverl\u00e4ssig vor N\u00e4sse und Flecken.<\/div><\/a><a class=\"x-col e16-32 mg-b mg-c mg-f mg-7\" href=\"\/de-eu\/travall-urbanmats\/\" data-x-effect=\"{&quot;durationBase&quot;:&quot;300ms&quot;}\"><span class=\"x-image e16-33 mg-r\"><img src=\"https:\/\/b2b.travall.com\/de-eu\/wp-content\/uploads\/2021\/06\/range-urbanmats.png\" width=\"400\" height=\"400\" alt=\"Image\" loading=\"lazy\"><\/span><div class=\"x-text x-text-headline e16-34 mg-i mg-k mg-l\"><div class=\"x-text-content\"><div class=\"x-text-content-text\"><h4 class=\"x-text-content-text-primary\">Travall UrbanMats<\/h4><\/div><\/div><\/div><div class=\"x-text e16-35 mg-n mg-p\">Die Autoteppiche befinden sich im Premium-Segment f\u00fcr Fu\u00dfmatten. Sie bieten alles, was an Original-Fu\u00dfmatten gesch\u00e4tzt wird, sind aber zu einem besseren Preis erh\u00e4ltlich.<\/div><\/a><a class=\"x-col e16-36 mg-b mg-c mg-f mg-7\" href=\"\/de-eu\/travall-protector\/\" data-x-effect=\"{&quot;durationBase&quot;:&quot;300ms&quot;}\"><span class=\"x-image e16-37 mg-r\"><img src=\"https:\/\/b2b.travall.com\/de-eu\/wp-content\/uploads\/2020\/01\/TBP1002P-04.jpg\" width=\"1280\" height=\"1280\" alt=\"Image\" loading=\"lazy\"><\/span><div class=\"x-text x-text-headline e16-38 mg-i mg-k mg-l\"><div class=\"x-text-content\"><div class=\"x-text-content-text\"><h4 class=\"x-text-content-text-primary\">Travall Protector<\/h4><\/div><\/div><\/div><div class=\"x-text e16-39 mg-n mg-p\">Der Ladekantenschutz zeichnet sich durch seine kratz- und schlagresistenten Eigenschaften aus. Er passt perfekt und beugt Schrammen und Dellen vor.<\/div><\/a><a class=\"x-col e16-40 mg-b mg-c mg-f mg-7\" href=\"\/de-eu\/travall-sillguards\/\" data-x-effect=\"{&quot;durationBase&quot;:&quot;300ms&quot;}\"><span class=\"x-image e16-41 mg-r\"><img src=\"https:\/\/b2b.travall.com\/de-eu\/wp-content\/uploads\/2020\/01\/TSG1001M-03.jpg\" width=\"1280\" height=\"1280\" alt=\"Image\" loading=\"lazy\"><\/span><div class=\"x-text x-text-headline e16-42 mg-i mg-k mg-l\"><div class=\"x-text-content\"><div class=\"x-text-content-text\"><h4 class=\"x-text-content-text-primary\">Travall SillGuards<\/h4><\/div><\/div><\/div><div class=\"x-text e16-43 mg-n mg-p\">Die robusten Einstiegsleisten bewahren die T\u00fcrbereiche vor Kratzern und anderen Lacksch\u00e4den, die beim Ein- und Aussteigen entstehen k\u00f6nnen.<\/div><\/a><a class=\"x-col e16-44 mg-b mg-c mg-f mg-7\" href=\"\/de-eu\/travall-packs\/\" data-x-effect=\"{&quot;durationBase&quot;:&quot;300ms&quot;}\"><span class=\"x-image e16-45 mg-r\"><img src=\"https:\/\/b2b.travall.com\/de-eu\/wp-content\/uploads\/2022\/11\/travall-pack-image-06.jpg\" width=\"500\" height=\"500\" alt=\"Image\" loading=\"lazy\"><\/span><div class=\"x-text x-text-headline e16-46 mg-i mg-k mg-l\"><div class=\"x-text-content\"><div class=\"x-text-content-text\"><h4 class=\"x-text-content-text-primary\">Travall Packs<\/h4><\/div><\/div><\/div><div class=\"x-text e16-47 mg-n mg-p\">Zusammen genutzt verbessern die Travall-Produkte die Sicherheit im Fahrzeuginnenraum, bereiten das Auto optimal auf Outdoor-Abenteuer vor und sorgen f\u00fcr eine gepflegte Optik. Mit Produktsets - Travall Packs genannt - stattet man ein Fahrzeug einfach und kosteng\u00fcnstig mit passendem Zubeh\u00f6r aus.<\/div><\/a><\/div><\/div><\/div><div class=\"x-section e16-48 mg-0 mg-5\"><div class=\"x-bg\" aria-hidden=\"true\"><div class=\"x-bg-layer-lower-image\" style=\" background-image: url(https:\/\/b2b.travall.com\/de-eu\/wp-content\/uploads\/2020\/01\/Travall-Mats-01.jpg); background-repeat: no-repeat; background-position: center; background-size: cover;\"><\/div><div class=\"x-bg-layer-upper-color\" style=\" background-color: rgba(0, 0, 0, 0.6);\"><\/div><\/div><div class=\"x-row e16-49 mg-8 mg-9\"><div class=\"x-row-inner\"><div class=\"x-col e16-50 mg-b mg-c mg-d mg-g\"><div class=\"x-text x-text-headline e16-51 mg-h mg-i mg-m\"><div class=\"x-text-content\"><div class=\"x-text-content-text\"><h2 class=\"x-text-content-text-primary\">Steigen Sie ein und nehmen Sie an unserem Erfolg teil<\/h2><\/div><\/div><\/div><\/div><\/div><\/div><\/div><div class=\"x-section e16-52 mg-0 mg-5 mg-6\"><div class=\"cs-content x-global-block x-global-block-716 e16-53\"><div class=\"x-section e716-1 mjw-0\"><div class=\"x-row x-container max width e716-2 mjw-1\"><div class=\"x-row-inner\"><div class=\"x-col e716-3 mjw-2\"><a class=\"x-anchor x-anchor-button has-graphic e716-4 mjw-3 mjw-4\" tabindex=\"0\" href=\"tel:+49%20(0)%202821%20748%203080\"><div class=\"x-anchor-content\"><span class=\"x-graphic\" aria-hidden=\"true\"><i class=\"x-icon x-graphic-child x-graphic-icon x-graphic-primary\" aria-hidden=\"true\" data-x-icon-s=\"&#xf879;\"><\/i><\/span><div class=\"x-anchor-text\"><span class=\"x-anchor-text-primary\">Kontakt<\/span><span class=\"x-anchor-text-secondary\">+49 (0) 2821 748 3080<\/span><\/div><\/div><\/a><\/div><div class=\"x-col e716-5 mjw-2\"><a class=\"x-anchor x-anchor-button has-graphic e716-6 mjw-3 mjw-5\" tabindex=\"0\" href=\"mailto:info@travall.com\"><div class=\"x-anchor-content\"><span class=\"x-graphic\" aria-hidden=\"true\"><i class=\"x-icon x-graphic-child x-graphic-icon x-graphic-primary\" aria-hidden=\"true\" data-x-icon-s=\"&#xf406;\"><\/i><\/span><div class=\"x-anchor-text\"><span class=\"x-anchor-text-primary\">H\u00e4ndleranfragen<\/span><span class=\"x-anchor-text-secondary\">info@travall.com<\/span><\/div><\/div><\/a><\/div><\/div><\/div><\/div><\/div><\/div><div class=\"x-section e16-54 mg-0 mg-3 mg-5\"><div class=\"cs-content x-global-block x-global-block-717 e16-55\"><div class=\"x-section e717-1 mjx-0\"><div class=\"x-row x-container max width e717-2 mjx-1\"><div class=\"x-row-inner\"><div class=\"x-col e717-3 mjx-2 mjx-3\"><div class=\"x-text x-text-headline e717-4 mjx-4\"><div class=\"x-text-content\"><div class=\"x-text-content-text\"><h3 class=\"x-text-content-text-primary\">Senden Sie uns eine E-Mail<\/h3><\/div><\/div><\/div><div class=\"x-text e717-5 mjx-5\"><p>Das Travall-Vertriebspartnerprogramm f\u00fcr EU-Kunden* wurde f\u00fcr Sie und Ihr Unternehmen entwickelt. Unser Zubeh\u00f6r, das zum besten seiner Klasse geh\u00f6rt, ist ganz einfach zu vertreiben. Die Produkte sind in Deutschland auf Lager und werden von dort aus direkt an Ihre Kunden versandt. Und unseren Flottenkunden machen wir es besonders leicht, den kompletten Fuhrpark mit perfekt passendem Zubeh\u00f6r auszustatten - egal, um wie viele Fahrzeuge es sich handelt.<\/p>\n<p>*F\u00fcr gewerbliche Kunden aus den <a href=\"https:\/\/b2b.travall.com\" target=\"_blank\" rel=\"noopener\"><span style=\"color: #ec821b;\">USA<\/span><\/a> oder aus dem <a href=\"https:\/\/b2b.travall.com\/en-uk\" target=\"_blank\" rel=\"noopener\"><span style=\"color: #ec821b;\">Vereinigten K\u00f6nigreich &amp; Drittstaaten<\/span><\/a> bieten wir separate Vertriebspartnerprogramme an. Klicken Sie auf einen der Links, um zur B2B-Webseite f\u00fcr Ihre Region zu gelangen.<\/p><\/div><\/div><div class=\"x-col e717-6 mjx-3\"><div class=\"wpcf7 no-js\" id=\"wpcf7-f69-o1\" lang=\"en-GB\" dir=\"ltr\">\n<div class=\"screen-reader-response\"><p role=\"status\" aria-live=\"polite\" aria-atomic=\"true\"><\/p> <ul><\/ul><\/div>\n<form action=\"\/de-eu\/wp-json\/wp\/v2\/pages\/16#wpcf7-f69-o1\" method=\"post\" class=\"wpcf7-form init\" aria-label=\"Contact form\" novalidate=\"novalidate\" data-status=\"init\">\n<div style=\"display: none;\">\n<input type=\"hidden\" name=\"_wpcf7\" value=\"69\" \/>\n<input type=\"hidden\" name=\"_wpcf7_version\" value=\"5.7.1\" \/>\n<input type=\"hidden\" name=\"_wpcf7_locale\" value=\"en_GB\" \/>\n<input type=\"hidden\" name=\"_wpcf7_unit_tag\" value=\"wpcf7-f69-o1\" \/>\n<input type=\"hidden\" name=\"_wpcf7_container_post\" value=\"0\" \/>\n<input type=\"hidden\" name=\"_wpcf7_posted_data_hash\" value=\"\" \/>\n<\/div>\n<p><label>Name<br \/>\n<span class=\"wpcf7-form-control-wrap\" data-name=\"your-name\"><input size=\"40\" class=\"wpcf7-form-control wpcf7-text wpcf7-validates-as-required\" aria-required=\"true\" aria-invalid=\"false\" value=\"\" type=\"text\" name=\"your-name\" \/><\/span> <\/label>\n<\/p>\n<p><label>Email-Adresse<br \/>\n<span class=\"wpcf7-form-control-wrap\" data-name=\"your-email\"><input size=\"40\" class=\"wpcf7-form-control wpcf7-text wpcf7-email wpcf7-validates-as-required wpcf7-validates-as-email\" aria-required=\"true\" aria-invalid=\"false\" value=\"\" type=\"email\" name=\"your-email\" \/><\/span><\/label>\n<\/p>\n<p><label>Telefonnummer<br \/>\n<span class=\"wpcf7-form-control-wrap\" data-name=\"your-tel\"><input size=\"40\" class=\"wpcf7-form-control wpcf7-text wpcf7-tel wpcf7-validates-as-tel\" aria-invalid=\"false\" value=\"\" type=\"tel\" name=\"your-tel\" \/><\/span> <\/label>\n<\/p>\n<p><label>Nachricht<br \/>\n<span class=\"wpcf7-form-control-wrap\" data-name=\"your-message\"><textarea cols=\"40\" rows=\"10\" class=\"wpcf7-form-control wpcf7-textarea wpcf7-validates-as-required\" aria-required=\"true\" aria-invalid=\"false\" name=\"your-message\"><\/textarea><\/span> <\/label>\n<\/p>\n<p><input class=\"wpcf7-form-control has-spinner wpcf7-submit\" type=\"submit\" value=\"Nachricht senden\" \/>\n<\/p><div class=\"wpcf7-response-output\" aria-hidden=\"true\"><\/div><\/form><\/div><\/div><\/div><\/div><\/div><\/div><\/div><div class=\"x-section e16-56 mg-0 mg-5\"><div class=\"cs-content x-global-block x-global-block-718 e16-57\"><div class=\"x-section e718-1 mjy-0\"><div class=\"x-row x-container max width e718-2 mjy-1 mjy-2\"><div class=\"x-row-inner\"><div class=\"x-col e718-3 mjy-4 mjy-5\"><span class=\"x-image e718-4 mjy-6\"><img src=\"https:\/\/b2b.travall.com\/de-eu\/wp-content\/uploads\/2020\/03\/logistic-map.png\" width=\"969\" height=\"468\" alt=\"Image\" loading=\"lazy\"><\/span><div class=\"x-row e718-5 mjy-1 mjy-3\"><div class=\"x-row-inner\"><div class=\"x-col e718-6 mjy-4\"><div class=\"x-text x-text-headline e718-7 mjy-7\"><div class=\"x-text-content\"><div class=\"x-text-content-text\"><h4 class=\"x-text-content-text-primary\">UK<\/h4><\/div><\/div><\/div><div class=\"x-text e718-8 mjy-8\"><p>Travall United Kingdom<br>Gosforth Road<br>Derby<br>DE24 8HU<br>United Kingdom<\/p><\/div><\/div><div class=\"x-col e718-9 mjy-4\"><div class=\"x-text x-text-headline e718-10 mjy-7\"><div class=\"x-text-content\"><div class=\"x-text-content-text\"><h4 class=\"x-text-content-text-primary\">USA<\/h4><\/div><\/div><\/div><div class=\"x-text e718-11 mjy-8\"><p>Travall<br \/>1230 Peachtree St NE<br \/>Suite 1900<br \/>Atlanta, GA 30309<br \/>USA<\/p><\/div><\/div><div class=\"x-col e718-12 mjy-4\"><div class=\"x-text x-text-headline e718-13 mjy-7\"><div class=\"x-text-content\"><div class=\"x-text-content-text\"><h4 class=\"x-text-content-text-primary\">Germany<\/h4><\/div><\/div><\/div><div class=\"x-text e718-14 mjy-8\"><p style=\"text-align: left;\">Travall<br \/>\nWestendstra\u00dfe 28<br \/>\n60325 Frankfurt<br \/>\nDeutschland<\/p><\/div><\/div><\/div><\/div><\/div><\/div><\/div><\/div><\/div><\/div><\/div>\n","protected":false},"excerpt":{"rendered":"<p>PRODUKTSORTIMENTTravall ist die weltweit f\u00fchrende Marke f\u00fcr fahrzeugspezifische Trenngitter und Kofferraumteiler. Neben seinem Kernprodukt, dem Travall Guard, entwickelt und produziert Travall ein stetig wachsendes Sortiment an ebenso erstklassigem Kfz-Zubeh\u00f6r f\u00fcr diverse Anwendungsbereiche und unterschiedlichste Kundengruppen &#8211; von Firmenflotten bis hin zu Outdoor-Enthusiasten. Das Travall Guard Trenngitter tr\u00e4gt zur Ladungssicherheit bei, in dem es beispielsweise Produktmuster, kleine Werkzeuge oder auch Haustiere &#8230; <a href=\"https:\/\/b2b.travall.com\/de-eu\/the-range\/\" class=\"more-link\">Read More<\/a><\/p>\n","protected":false},"author":1,"featured_media":0,"parent":0,"menu_order":0,"comment_status":"closed","ping_status":"closed","template":"template-blank-4.php","meta":[],"yoast_head":"<!-- This site is optimized with the Yoast SEO plugin v19.12 - https:\/\/yoast.com\/wordpress\/plugins\/seo\/ -->\n<title>Fahrzeugspezifisches Premium-Zubeh\u00f6r - Travall-Sortiment<\/title>\n<meta name=\"description\" content=\"Das Travall-Sortiment an Premium-Autozubeh\u00f6r deckt eine Vielzahl an Fahrzeugmodellen ab und wird von unterschiedlichen Kundengruppen gesch\u00e4tzt.\" \/>\n<meta name=\"robots\" content=\"index, follow, max-snippet:-1, max-image-preview:large, max-video-preview:-1\" \/>\n<link rel=\"canonical\" href=\"https:\/\/b2b.travall.com\/de-eu\/the-range\/\" \/>\n<meta property=\"og:locale\" content=\"de_DE\" \/>\n<meta property=\"og:type\" content=\"article\" \/>\n<meta property=\"og:title\" content=\"Fahrzeugspezifisches Premium-Zubeh\u00f6r - Travall-Sortiment\" \/>\n<meta property=\"og:description\" content=\"Das Travall-Sortiment an Premium-Autozubeh\u00f6r deckt eine Vielzahl an Fahrzeugmodellen ab und wird von unterschiedlichen Kundengruppen gesch\u00e4tzt.\" \/>\n<meta property=\"og:url\" content=\"https:\/\/b2b.travall.com\/de-eu\/the-range\/\" \/>\n<meta property=\"og:site_name\" content=\"Travall B2B DE Site\" \/>\n<meta property=\"article:modified_time\" content=\"2022-12-15T13:15:19+00:00\" \/>\n<meta name=\"twitter:card\" content=\"summary_large_image\" \/>\n<meta name=\"twitter:label1\" content=\"Gesch\u00e4tzte Lesezeit\" \/>\n\t<meta name=\"twitter:data1\" content=\"1\u00a0Minute\" \/>\n<script type=\"application\/ld+json\" class=\"yoast-schema-graph\">{\"@context\":\"https:\/\/schema.org\",\"@graph\":[{\"@type\":\"WebPage\",\"@id\":\"https:\/\/b2b.travall.com\/de-eu\/the-range\/\",\"url\":\"https:\/\/b2b.travall.com\/de-eu\/the-range\/\",\"name\":\"Fahrzeugspezifisches Premium-Zubeh\u00f6r - Travall-Sortiment\",\"isPartOf\":{\"@id\":\"https:\/\/b2b.travall.com\/de-eu\/#website\"},\"datePublished\":\"2020-01-23T18:12:43+00:00\",\"dateModified\":\"2022-12-15T13:15:19+00:00\",\"description\":\"Das Travall-Sortiment an Premium-Autozubeh\u00f6r deckt eine Vielzahl an Fahrzeugmodellen ab und wird von unterschiedlichen Kundengruppen gesch\u00e4tzt.\",\"breadcrumb\":{\"@id\":\"https:\/\/b2b.travall.com\/de-eu\/the-range\/#breadcrumb\"},\"inLanguage\":\"de\",\"potentialAction\":[{\"@type\":\"ReadAction\",\"target\":[\"https:\/\/b2b.travall.com\/de-eu\/the-range\/\"]}]},{\"@type\":\"BreadcrumbList\",\"@id\":\"https:\/\/b2b.travall.com\/de-eu\/the-range\/#breadcrumb\",\"itemListElement\":[{\"@type\":\"ListItem\",\"position\":1,\"name\":\"Home\",\"item\":\"https:\/\/b2b.travall.com\/de-eu\/\"},{\"@type\":\"ListItem\",\"position\":2,\"name\":\"Product Range\"}]},{\"@type\":\"WebSite\",\"@id\":\"https:\/\/b2b.travall.com\/de-eu\/#website\",\"url\":\"https:\/\/b2b.travall.com\/de-eu\/\",\"name\":\"Travall B2B DE Site\",\"description\":\"Now you can really have it all\",\"potentialAction\":[{\"@type\":\"SearchAction\",\"target\":{\"@type\":\"EntryPoint\",\"urlTemplate\":\"https:\/\/b2b.travall.com\/de-eu\/?s={search_term_string}\"},\"query-input\":\"required name=search_term_string\"}],\"inLanguage\":\"de\"}]}<\/script>\n<!-- \/ Yoast SEO plugin. -->","yoast_head_json":{"title":"Fahrzeugspezifisches Premium-Zubeh\u00f6r - Travall-Sortiment","description":"Das Travall-Sortiment an Premium-Autozubeh\u00f6r deckt eine Vielzahl an Fahrzeugmodellen ab und wird von unterschiedlichen Kundengruppen gesch\u00e4tzt.","robots":{"index":"index","follow":"follow","max-snippet":"max-snippet:-1","max-image-preview":"max-image-preview:large","max-video-preview":"max-video-preview:-1"},"canonical":"https:\/\/b2b.travall.com\/de-eu\/the-range\/","og_locale":"de_DE","og_type":"article","og_title":"Fahrzeugspezifisches Premium-Zubeh\u00f6r - Travall-Sortiment","og_description":"Das Travall-Sortiment an Premium-Autozubeh\u00f6r deckt eine Vielzahl an Fahrzeugmodellen ab und wird von unterschiedlichen Kundengruppen gesch\u00e4tzt.","og_url":"https:\/\/b2b.travall.com\/de-eu\/the-range\/","og_site_name":"Travall B2B DE Site","article_modified_time":"2022-12-15T13:15:19+00:00","twitter_card":"summary_large_image","twitter_misc":{"Gesch\u00e4tzte Lesezeit":"1\u00a0Minute"},"schema":{"@context":"https:\/\/schema.org","@graph":[{"@type":"WebPage","@id":"https:\/\/b2b.travall.com\/de-eu\/the-range\/","url":"https:\/\/b2b.travall.com\/de-eu\/the-range\/","name":"Fahrzeugspezifisches Premium-Zubeh\u00f6r - Travall-Sortiment","isPartOf":{"@id":"https:\/\/b2b.travall.com\/de-eu\/#website"},"datePublished":"2020-01-23T18:12:43+00:00","dateModified":"2022-12-15T13:15:19+00:00","description":"Das Travall-Sortiment an Premium-Autozubeh\u00f6r deckt eine Vielzahl an Fahrzeugmodellen ab und wird von unterschiedlichen Kundengruppen gesch\u00e4tzt.","breadcrumb":{"@id":"https:\/\/b2b.travall.com\/de-eu\/the-range\/#breadcrumb"},"inLanguage":"de","potentialAction":[{"@type":"ReadAction","target":["https:\/\/b2b.travall.com\/de-eu\/the-range\/"]}]},{"@type":"BreadcrumbList","@id":"https:\/\/b2b.travall.com\/de-eu\/the-range\/#breadcrumb","itemListElement":[{"@type":"ListItem","position":1,"name":"Home","item":"https:\/\/b2b.travall.com\/de-eu\/"},{"@type":"ListItem","position":2,"name":"Product Range"}]},{"@type":"WebSite","@id":"https:\/\/b2b.travall.com\/de-eu\/#website","url":"https:\/\/b2b.travall.com\/de-eu\/","name":"Travall B2B DE Site","description":"Now you can really have it all","potentialAction":[{"@type":"SearchAction","target":{"@type":"EntryPoint","urlTemplate":"https:\/\/b2b.travall.com\/de-eu\/?s={search_term_string}"},"query-input":"required name=search_term_string"}],"inLanguage":"de"}]}},"_links":{"self":[{"href":"https:\/\/b2b.travall.com\/de-eu\/wp-json\/wp\/v2\/pages\/16"}],"collection":[{"href":"https:\/\/b2b.travall.com\/de-eu\/wp-json\/wp\/v2\/pages"}],"about":[{"href":"https:\/\/b2b.travall.com\/de-eu\/wp-json\/wp\/v2\/types\/page"}],"author":[{"embeddable":true,"href":"https:\/\/b2b.travall.com\/de-eu\/wp-json\/wp\/v2\/users\/1"}],"replies":[{"embeddable":true,"href":"https:\/\/b2b.travall.com\/de-eu\/wp-json\/wp\/v2\/comments?post=16"}],"version-history":[{"count":18,"href":"https:\/\/b2b.travall.com\/de-eu\/wp-json\/wp\/v2\/pages\/16\/revisions"}],"predecessor-version":[{"id":819,"href":"https:\/\/b2b.travall.com\/de-eu\/wp-json\/wp\/v2\/pages\/16\/revisions\/819"}],"wp:attachment":[{"href":"https:\/\/b2b.travall.com\/de-eu\/wp-json\/wp\/v2\/media?parent=16"}],"curies":[{"name":"wp","href":"https:\/\/api.w.org\/{rel}","templated":true}]}}