{"id":14,"date":"2020-01-23T18:12:26","date_gmt":"2020-01-23T18:12:26","guid":{"rendered":"https:\/\/b2b.travall.com\/de-eu\/?page_id=14"},"modified":"2022-12-15T14:13:22","modified_gmt":"2022-12-15T13:13:22","slug":"home","status":"publish","type":"page","link":"https:\/\/b2b.travall.com\/de-eu\/","title":{"rendered":"Home"},"content":{"rendered":"<div id=\"cs-content\" class=\"cs-content\"><div class=\"x-section e14-1 me-0 me-1\"><div class=\"x-bg\" aria-hidden=\"true\" style=\"border-radius: 0px 0px 0px 0px;\"><div class=\"x-bg-layer-lower-image\" style=\" background-image: url(https:\/\/b2b.travall.com\/de-eu\/wp-content\/uploads\/2021\/06\/travall-header-new.png); background-repeat: no-repeat; background-position: center; background-size: cover;\"><\/div><\/div><\/div><div class=\"x-section e14-2 me-0 me-2 me-3 me-4\"><div class=\"x-row x-container max width e14-3 me-b me-c me-d me-e me-f\"><div class=\"x-row-inner\"><div class=\"x-col e14-4 me-k me-l me-m me-n me-o me-p\"><div class=\"x-text x-text-headline e14-5 me-w me-x me-y me-z me-10 me-11 me-12 me-13 me-14\"><div class=\"x-text-content\"><div class=\"x-text-content-text\"><h3 class=\"x-text-content-text-primary\">Autozubeh\u00f6r vom Weltmarktf\u00fchrer<\/h3><\/div><\/div><\/div><div class=\"x-text e14-6 me-1c me-1d me-1e\">Travall ist die weltweit f\u00fchrende Marke f\u00fcr fahrzeugspezifische Trenngitter und Laderaumteiler. Neben seinem Kernprodukt, dem Travall Guard, entwickelt und produziert Travall ein stetig wachsendes Sortiment an ebenso erstklassigen Zubeh\u00f6rteilen.<\/div><\/div><\/div><\/div><\/div><div class=\"x-section e14-7 me-0 me-2 me-5 me-6\"><div class=\"x-row x-container max width e14-8 me-b me-c me-d me-e me-f\"><div class=\"x-row-inner\"><div class=\"x-col e14-9 me-k me-l me-m me-n me-o me-p\"><div class=\"x-text x-text-headline e14-10 me-w me-x me-y me-z me-10 me-11 me-13 me-14 me-15\"><div class=\"x-text-content\"><div class=\"x-text-content-text\"><h3 class=\"x-text-content-text-primary\">Vorteile f\u00fcr Vertriebspartner<\/h3><\/div><\/div><\/div><\/div><\/div><\/div><div class=\"x-row x-container max width e14-11 me-b me-d me-g\"><div class=\"x-row-inner\"><div class=\"x-col e14-12 me-k me-m me-n me-o me-p me-q\"><div class=\"x-text x-text-headline has-graphic e14-13 me-y me-z me-12 me-13 me-14 me-16 me-17\"><div class=\"x-text-content\"><span class=\"x-graphic\" aria-hidden=\"true\"><span class=\"x-image x-graphic-child x-graphic-image x-graphic-primary\"><img src=\"https:\/\/b2b.travall.com\/de-eu\/wp-content\/uploads\/2020\/01\/Tick_clear.png\" width=\"101\" height=\"100\" alt=\"Image\" loading=\"lazy\"><\/span><\/span><div class=\"x-text-content-text\"><h3 class=\"x-text-content-text-primary\">Premium-Zubeh\u00f6r in Erstausr\u00fcsterqualit\u00e4t\n<\/h3><\/div><\/div><\/div><\/div><div class=\"x-col e14-14 me-o me-p\"><div class=\"x-text x-text-headline has-graphic e14-15 me-y me-z me-12 me-13 me-14 me-16 me-17\"><div class=\"x-text-content\"><span class=\"x-graphic\" aria-hidden=\"true\"><span class=\"x-image x-graphic-child x-graphic-image x-graphic-primary\"><img src=\"https:\/\/b2b.travall.com\/de-eu\/wp-content\/uploads\/2020\/01\/box_clear.png\" width=\"101\" height=\"100\" alt=\"Image\" loading=\"lazy\"><\/span><\/span><div class=\"x-text-content-text\"><h3 class=\"x-text-content-text-primary\">hohe Lagerverf\u00fcgbarkeit<\/h3><\/div><\/div><\/div><\/div><div class=\"x-col e14-16 me-o me-p\"><div class=\"x-text x-text-headline has-graphic e14-17 me-y me-z me-12 me-13 me-14 me-16 me-17\"><div class=\"x-text-content\"><span class=\"x-graphic\" aria-hidden=\"true\"><span class=\"x-image x-graphic-child x-graphic-image x-graphic-primary\"><img src=\"https:\/\/b2b.travall.com\/de-eu\/wp-content\/uploads\/2020\/01\/smile_clear.png\" width=\"101\" height=\"100\" alt=\"Image\" loading=\"lazy\"><\/span><\/span><div class=\"x-text-content-text\"><h3 class=\"x-text-content-text-primary\">gro\u00dfe Handelsspanne<\/h3><\/div><\/div><\/div><\/div><div class=\"x-col e14-18 me-o me-p\"><div class=\"x-text x-text-headline has-graphic e14-19 me-y me-z me-12 me-13 me-14 me-16 me-17\"><div class=\"x-text-content\"><span class=\"x-graphic\" aria-hidden=\"true\"><span class=\"x-image x-graphic-child x-graphic-image x-graphic-primary\"><img src=\"https:\/\/b2b.travall.com\/de-eu\/wp-content\/uploads\/2020\/01\/phone_clear.png\" width=\"101\" height=\"100\" alt=\"Image\" loading=\"lazy\"><\/span><\/span><div class=\"x-text-content-text\"><h3 class=\"x-text-content-text-primary\">professioneller Support durch das Vertriebsteam<\/h3><\/div><\/div><\/div><\/div><div class=\"x-col e14-20 me-o me-p\"><div class=\"x-text x-text-headline has-graphic e14-21 me-y me-z me-12 me-13 me-14 me-16 me-17\"><div class=\"x-text-content\"><span class=\"x-graphic\" aria-hidden=\"true\"><span class=\"x-image x-graphic-child x-graphic-image x-graphic-primary\"><img src=\"https:\/\/b2b.travall.com\/de-eu\/wp-content\/uploads\/2020\/01\/graph_clear.png\" width=\"101\" height=\"100\" alt=\"Image\" loading=\"lazy\"><\/span><\/span><div class=\"x-text-content-text\"><h3 class=\"x-text-content-text-primary\">umfassendes Marketing zur Umsatzsteigerung<\/h3><\/div><\/div><\/div><\/div><div class=\"x-col e14-22 me-o me-p\"><div class=\"x-text x-text-headline has-graphic e14-23 me-y me-z me-12 me-13 me-14 me-16 me-17\"><div class=\"x-text-content\"><span class=\"x-graphic\" aria-hidden=\"true\"><span class=\"x-image x-graphic-child x-graphic-image x-graphic-primary\"><img src=\"https:\/\/b2b.travall.com\/de-eu\/wp-content\/uploads\/2020\/01\/user_clear.png\" width=\"101\" height=\"100\" alt=\"Image\" loading=\"lazy\"><\/span><\/span><div class=\"x-text-content-text\"><h3 class=\"x-text-content-text-primary\">fantastische Kundenbindung<\/h3><\/div><\/div><\/div><\/div><div class=\"x-col e14-24 me-o me-p\"><div class=\"x-text x-text-headline has-graphic e14-25 me-y me-z me-12 me-13 me-14 me-16 me-17\"><div class=\"x-text-content\"><span class=\"x-graphic\" aria-hidden=\"true\"><span class=\"x-image x-graphic-child x-graphic-image x-graphic-primary\"><img src=\"https:\/\/b2b.travall.com\/de-eu\/wp-content\/uploads\/2020\/01\/returns_clear.png\" width=\"101\" height=\"100\" alt=\"Image\" loading=\"lazy\"><\/span><\/span><div class=\"x-text-content-text\"><h3 class=\"x-text-content-text-primary\">sehr niedrige Retourenquoten<\/h3><\/div><\/div><\/div><\/div><\/div><\/div><\/div><div class=\"x-section e14-26 me-0 me-7 me-8 me-9\"><div class=\"x-row e14-27 me-b me-c me-h me-i\"><div class=\"x-row-inner\"><div class=\"x-col e14-28 me-k me-l me-m me-n me-o me-r\"><div class=\"x-text x-text-headline e14-29 me-w me-y me-z me-10 me-13 me-15 me-17 me-18 me-19\"><div class=\"x-text-content\"><div class=\"x-text-content-text\"><h3 class=\"x-text-content-text-primary\">Maximale Handelsspanne, minimaler Aufwand<\/h3><\/div><\/div><\/div><div class=\"x-text e14-30 me-1c me-1d me-1f\">Travall-Autozubeh\u00f6r, das zum besten seiner Klasse geh\u00f6rt, kann im Rahmen des Vertriebspartnerprogramms ganz einfach in Ihr Sortiment aufgenommen - und verkauft - werden. Die Produkte sind in Deutschland auf Lager und werden von dort aus direkt an Ihre Kunden versandt. Egal, ob Sie einen Onlineshop betreiben, ein station\u00e4rer H\u00e4ndler sind oder als Eink\u00e4ufer Fahrzeugflotten ausstatten, wir machen es einfach wie m\u00f6glich, Ihre Kunden mit qualitativ hochwertigem und dennoch preiswertem Zubeh\u00f6r zu beliefern.<\/div><\/div><div class=\"x-col e14-31 me-o me-p me-s\"><div class=\"x-bg\" aria-hidden=\"true\"><div class=\"x-bg-layer-lower-image\" style=\" background-image: url(https:\/\/b2b.travall.com\/de-eu\/wp-content\/uploads\/2020\/01\/Piggy-bank-savings.jpg); background-repeat: no-repeat; background-position: 5% center; background-size: cover;\"><\/div><\/div><\/div><\/div><\/div><div class=\"x-row e14-32 me-b me-c me-d me-i\"><div class=\"x-row-inner\"><div class=\"x-col e14-33 me-k me-l me-m me-n me-o me-r\"><div class=\"x-text x-text-headline e14-34 me-w me-y me-z me-10 me-13 me-15 me-17 me-18 me-19\"><div class=\"x-text-content\"><div class=\"x-text-content-text\"><h3 class=\"x-text-content-text-primary\">Beste Grundvoraussetzungen<\/h3><\/div><\/div><\/div><div class=\"x-text e14-35 me-1c me-1d me-1f\">Der fahrzeugspezifische Ansatz von Travall bietet nicht nur eine \u00e4u\u00dferst zuverl\u00e4ssige Alternative zu universellen Kfz-Produkten, sondern auch die Zusammenarbeit mit einer Handelsmarke, die ihren Vertriebspartnern treu bleibt: Wir sind die Anlaufstelle f\u00fcr Einzelh\u00e4ndler, Autoh\u00e4user und Fuhrparkmanager weltweit. Indem wir Produkte f\u00fcr die neuesten Automarken und Modelle entwickeln, bleiben wir stets auf dem aktuellen Stand. Der Einzelhandel kann jedes Mal, wenn ein Kunde das Fahrzeug wechselt, zuk\u00fcnftige Verkaufschancen nutzen. Flottenmanager k\u00f6nnen sich darauf verlassen, dass bei einer Aktualisierung der Flotte auch das passende Zubeh\u00f6r verf\u00fcgbar ist.<\/div><\/div><div class=\"x-col e14-36 me-o me-p me-s\"><div class=\"x-bg\" aria-hidden=\"true\"><div class=\"x-bg-layer-lower-image\" style=\" background-image: url(https:\/\/b2b.travall.com\/de-eu\/wp-content\/uploads\/2020\/01\/Man-with-dog.jpg); background-repeat: no-repeat; background-position: 55% center; background-size: cover;\"><\/div><\/div><\/div><\/div><\/div><div class=\"x-row e14-37 me-b me-c me-h me-i\"><div class=\"x-row-inner\"><div class=\"x-col e14-38 me-k me-l me-m me-n me-o me-r\"><div class=\"x-text x-text-headline e14-39 me-w me-y me-z me-10 me-13 me-15 me-17 me-18 me-19\"><div class=\"x-text-content\"><div class=\"x-text-content-text\"><h3 class=\"x-text-content-text-primary\">Eine Marke, der Sie vertrauen k\u00f6nnen<\/h3><\/div><\/div><\/div><div class=\"x-text e14-40 me-1c me-1d me-1f\">Bei Travall-Zubeh\u00f6r sind Kundenzufriedenheit und -bindung au\u00dfergew\u00f6hnlich hoch. Alle Artikel k\u00f6nnen schnell und einfach zu Hause installiert werden, und zwar ohne Ver\u00e4nderungen am Fahrzeug. Um m\u00f6gliche Probleme nach dem Verkauf zu minimieren, wird f\u00fcr das Kernprodukt, den Travall Guard, 30 Jahre Garantie auf Herstellungsfehler gew\u00e4hrt.<\/div><\/div><div class=\"x-col e14-41 me-o me-p me-s\"><div class=\"x-bg\" aria-hidden=\"true\"><div class=\"x-bg-layer-lower-image\" style=\" background-image: url(https:\/\/b2b.travall.com\/de-eu\/wp-content\/uploads\/2020\/01\/Hikers.jpg); background-repeat: no-repeat; background-position: 60% center; background-size: cover;\"><\/div><\/div><\/div><\/div><\/div><\/div><div class=\"x-section e14-42 me-0 me-2 me-6 me-8\"><div class=\"x-row e14-43 me-b me-c me-e me-h me-j\"><div class=\"x-row-inner\"><div class=\"x-col e14-44 me-k me-n me-o me-p me-t\"><div class=\"x-bg\" aria-hidden=\"true\"><div class=\"x-bg-layer-lower-image\" style=\" background-image: url(https:\/\/b2b.travall.com\/de-eu\/wp-content\/uploads\/2020\/01\/TDG1457D-04-copy.jpg); background-repeat: no-repeat; background-position: left top; background-size: cover;\"><\/div><\/div><\/div><div class=\"x-col e14-45 me-k me-l me-o me-u\"><div class=\"x-text x-text-headline e14-46 me-w me-y me-z me-10 me-14 me-15 me-17 me-18 me-1a\"><div class=\"x-text-content\"><div class=\"x-text-content-text\"><h3 class=\"x-text-content-text-primary\">Ein attraktives Wertsch\u00f6pfungsangebot<\/h3><\/div><\/div><\/div><div class=\"x-text e14-47 me-1c me-1e me-1g\">Alle Zubeh\u00f6rteile von Travall sind fahrzeugspezifisch, sodass sie perfekt in das jeweilige Auto passen. Derzeit werden \u00fcber 1000 Fahrzeugmodelle abgedeckt - und es werden st\u00e4ndig mehr. Da die Produkte von einem Erstausr\u00fcster entwickelt und hergestellt werden, wird zu OEM-Qualit\u00e4tsstandards produziert. Travall-Zubeh\u00f6r ist in der Regel f\u00fcr rund ein Drittel des Preises eines Markenprodukts erh\u00e4ltlich und bietet daher ein unschlagbares Preis-Leistungs-Verh\u00e4ltnis.<\/div><a class=\"x-anchor x-anchor-button has-particle e14-48 me-1h\" tabindex=\"0\" href=\"\/de-eu\/the-range\/\"><div class=\"x-anchor-content\"><div class=\"x-anchor-text\"><span class=\"x-anchor-text-primary\">Alle Produkte<\/span><\/div><\/div><span class=\"x-particle is-primary\" data-x-particle=\"scale-x inside-c_l\" aria-hidden=\"true\"><span style=\"transform: skew(-30deg, 0) scale(1.3);\n\"><\/span><\/span><\/a><\/div><\/div><\/div><\/div><div class=\"x-section e14-49 me-0 me-7 me-8\"><div class=\"x-bg\" aria-hidden=\"true\"><div class=\"x-bg-layer-lower-image\" style=\" background-image: url(https:\/\/b2b.travall.com\/de-eu\/wp-content\/uploads\/2020\/03\/banner-driving-your-business.jpg); background-repeat: no-repeat; background-position: center; background-size: cover;\"><\/div><div class=\"x-bg-layer-upper-color\" style=\" background-color: rgba(0, 0, 0, 0.6);\"><\/div><\/div><div class=\"x-row e14-50 me-b me-c me-d me-e me-f\"><div class=\"x-row-inner\"><div class=\"x-col e14-51 me-k me-l me-m me-n me-o me-p me-v\"><div class=\"x-text x-text-headline e14-52 me-w me-x me-y me-13 me-15 me-17 me-19 me-1b\"><div class=\"x-text-content\"><div class=\"x-text-content-text\"><h2 class=\"x-text-content-text-primary\"><span style=\"font-weight: 400;\">&nbsp;Steigen Sie ein und nehmen Sie an unserem Erfolg teil<\/span><\/h2><\/div><\/div><\/div><\/div><\/div><\/div><\/div><div class=\"x-section e14-53 me-0 me-7 me-8\"><div class=\"cs-content x-global-block x-global-block-718 e14-54\"><div class=\"x-section e718-1 mjy-0\"><div class=\"x-row x-container max width e718-2 mjy-1 mjy-2\"><div class=\"x-row-inner\"><div class=\"x-col e718-3 mjy-4 mjy-5\"><span class=\"x-image e718-4 mjy-6\"><img src=\"https:\/\/b2b.travall.com\/de-eu\/wp-content\/uploads\/2020\/03\/logistic-map.png\" width=\"969\" height=\"468\" alt=\"Image\" loading=\"lazy\"><\/span><div class=\"x-row e718-5 mjy-1 mjy-3\"><div class=\"x-row-inner\"><div class=\"x-col e718-6 mjy-4\"><div class=\"x-text x-text-headline e718-7 mjy-7\"><div class=\"x-text-content\"><div class=\"x-text-content-text\"><h4 class=\"x-text-content-text-primary\">UK<\/h4><\/div><\/div><\/div><div class=\"x-text e718-8 mjy-8\"><p>Travall United Kingdom<br>Gosforth Road<br>Derby<br>DE24 8HU<br>United Kingdom<\/p><\/div><\/div><div class=\"x-col e718-9 mjy-4\"><div class=\"x-text x-text-headline e718-10 mjy-7\"><div class=\"x-text-content\"><div class=\"x-text-content-text\"><h4 class=\"x-text-content-text-primary\">USA<\/h4><\/div><\/div><\/div><div class=\"x-text e718-11 mjy-8\"><p>Travall<br \/>1230 Peachtree St NE<br \/>Suite 1900<br \/>Atlanta, GA 30309<br \/>USA<\/p><\/div><\/div><div class=\"x-col e718-12 mjy-4\"><div class=\"x-text x-text-headline e718-13 mjy-7\"><div class=\"x-text-content\"><div class=\"x-text-content-text\"><h4 class=\"x-text-content-text-primary\">Germany<\/h4><\/div><\/div><\/div><div class=\"x-text e718-14 mjy-8\"><p style=\"text-align: left;\">Travall<br \/>\nWestendstra\u00dfe 28<br \/>\n60325 Frankfurt<br \/>\nDeutschland<\/p><\/div><\/div><\/div><\/div><\/div><\/div><\/div><\/div><\/div><\/div><div class=\"x-section e14-55 me-0 me-7 me-8 me-a\"><div class=\"cs-content x-global-block x-global-block-716 e14-56\"><div class=\"x-section e716-1 mjw-0\"><div class=\"x-row x-container max width e716-2 mjw-1\"><div class=\"x-row-inner\"><div class=\"x-col e716-3 mjw-2\"><a class=\"x-anchor x-anchor-button has-graphic e716-4 mjw-3 mjw-4\" tabindex=\"0\" href=\"tel:+49%20(0)%202821%20748%203080\"><div class=\"x-anchor-content\"><span class=\"x-graphic\" aria-hidden=\"true\"><i class=\"x-icon x-graphic-child x-graphic-icon x-graphic-primary\" aria-hidden=\"true\" data-x-icon-s=\"&#xf879;\"><\/i><\/span><div class=\"x-anchor-text\"><span class=\"x-anchor-text-primary\">Kontakt<\/span><span class=\"x-anchor-text-secondary\">+49 (0) 2821 748 3080<\/span><\/div><\/div><\/a><\/div><div class=\"x-col e716-5 mjw-2\"><a class=\"x-anchor x-anchor-button has-graphic e716-6 mjw-3 mjw-5\" tabindex=\"0\" href=\"mailto:info@travall.com\"><div class=\"x-anchor-content\"><span class=\"x-graphic\" aria-hidden=\"true\"><i class=\"x-icon x-graphic-child x-graphic-icon x-graphic-primary\" aria-hidden=\"true\" data-x-icon-s=\"&#xf406;\"><\/i><\/span><div class=\"x-anchor-text\"><span class=\"x-anchor-text-primary\">H\u00e4ndleranfragen<\/span><span class=\"x-anchor-text-secondary\">info@travall.com<\/span><\/div><\/div><\/a><\/div><\/div><\/div><\/div><\/div><\/div><div class=\"x-section e14-57 me-0 me-4 me-7 me-8\"><div class=\"cs-content x-global-block x-global-block-717 e14-58\"><div class=\"x-section e717-1 mjx-0\"><div class=\"x-row x-container max width e717-2 mjx-1\"><div class=\"x-row-inner\"><div class=\"x-col e717-3 mjx-2 mjx-3\"><div class=\"x-text x-text-headline e717-4 mjx-4\"><div class=\"x-text-content\"><div class=\"x-text-content-text\"><h3 class=\"x-text-content-text-primary\">Senden Sie uns eine E-Mail<\/h3><\/div><\/div><\/div><div class=\"x-text e717-5 mjx-5\"><p>Das Travall-Vertriebspartnerprogramm f\u00fcr EU-Kunden* wurde f\u00fcr Sie und Ihr Unternehmen entwickelt. Unser Zubeh\u00f6r, das zum besten seiner Klasse geh\u00f6rt, ist ganz einfach zu vertreiben. Die Produkte sind in Deutschland auf Lager und werden von dort aus direkt an Ihre Kunden versandt. Und unseren Flottenkunden machen wir es besonders leicht, den kompletten Fuhrpark mit perfekt passendem Zubeh\u00f6r auszustatten - egal, um wie viele Fahrzeuge es sich handelt.<\/p>\n<p>*F\u00fcr gewerbliche Kunden aus den <a href=\"https:\/\/b2b.travall.com\" target=\"_blank\" rel=\"noopener\"><span style=\"color: #ec821b;\">USA<\/span><\/a> oder aus dem <a href=\"https:\/\/b2b.travall.com\/en-uk\" target=\"_blank\" rel=\"noopener\"><span style=\"color: #ec821b;\">Vereinigten K\u00f6nigreich &amp; Drittstaaten<\/span><\/a> bieten wir separate Vertriebspartnerprogramme an. Klicken Sie auf einen der Links, um zur B2B-Webseite f\u00fcr Ihre Region zu gelangen.<\/p><\/div><\/div><div class=\"x-col e717-6 mjx-3\"><div class=\"wpcf7 no-js\" id=\"wpcf7-f69-o1\" lang=\"en-GB\" dir=\"ltr\">\n<div class=\"screen-reader-response\"><p role=\"status\" aria-live=\"polite\" aria-atomic=\"true\"><\/p> <ul><\/ul><\/div>\n<form action=\"\/de-eu\/wp-json\/wp\/v2\/pages\/14#wpcf7-f69-o1\" method=\"post\" class=\"wpcf7-form init\" aria-label=\"Contact form\" novalidate=\"novalidate\" data-status=\"init\">\n<div style=\"display: none;\">\n<input type=\"hidden\" name=\"_wpcf7\" value=\"69\" \/>\n<input type=\"hidden\" name=\"_wpcf7_version\" value=\"5.7.1\" \/>\n<input type=\"hidden\" name=\"_wpcf7_locale\" value=\"en_GB\" \/>\n<input type=\"hidden\" name=\"_wpcf7_unit_tag\" value=\"wpcf7-f69-o1\" \/>\n<input type=\"hidden\" name=\"_wpcf7_container_post\" value=\"0\" \/>\n<input type=\"hidden\" name=\"_wpcf7_posted_data_hash\" value=\"\" \/>\n<\/div>\n<p><label>Name<br \/>\n<span class=\"wpcf7-form-control-wrap\" data-name=\"your-name\"><input size=\"40\" class=\"wpcf7-form-control wpcf7-text wpcf7-validates-as-required\" aria-required=\"true\" aria-invalid=\"false\" value=\"\" type=\"text\" name=\"your-name\" \/><\/span> <\/label>\n<\/p>\n<p><label>Email-Adresse<br \/>\n<span class=\"wpcf7-form-control-wrap\" data-name=\"your-email\"><input size=\"40\" class=\"wpcf7-form-control wpcf7-text wpcf7-email wpcf7-validates-as-required wpcf7-validates-as-email\" aria-required=\"true\" aria-invalid=\"false\" value=\"\" type=\"email\" name=\"your-email\" \/><\/span><\/label>\n<\/p>\n<p><label>Telefonnummer<br \/>\n<span class=\"wpcf7-form-control-wrap\" data-name=\"your-tel\"><input size=\"40\" class=\"wpcf7-form-control wpcf7-text wpcf7-tel wpcf7-validates-as-tel\" aria-invalid=\"false\" value=\"\" type=\"tel\" name=\"your-tel\" \/><\/span> <\/label>\n<\/p>\n<p><label>Nachricht<br \/>\n<span class=\"wpcf7-form-control-wrap\" data-name=\"your-message\"><textarea cols=\"40\" rows=\"10\" class=\"wpcf7-form-control wpcf7-textarea wpcf7-validates-as-required\" aria-required=\"true\" aria-invalid=\"false\" name=\"your-message\"><\/textarea><\/span> <\/label>\n<\/p>\n<p><input class=\"wpcf7-form-control has-spinner wpcf7-submit\" type=\"submit\" value=\"Nachricht senden\" \/>\n<\/p><div class=\"wpcf7-response-output\" aria-hidden=\"true\"><\/div><\/form><\/div><\/div><\/div><\/div><\/div><\/div><\/div><\/div>\n","protected":false},"excerpt":{"rendered":"<p>Autozubeh\u00f6r vom Weltmarktf\u00fchrerTravall ist die weltweit f\u00fchrende Marke f\u00fcr fahrzeugspezifische Trenngitter und Laderaumteiler. Neben seinem Kernprodukt, dem Travall Guard, entwickelt und produziert Travall ein stetig wachsendes Sortiment an ebenso erstklassigen Zubeh\u00f6rteilen.Vorteile f\u00fcr VertriebspartnerPremium-Zubeh\u00f6r in Erstausr\u00fcsterqualit\u00e4t hohe Lagerverf\u00fcgbarkeitgro\u00dfe Handelsspanneprofessioneller Support durch das Vertriebsteamumfassendes Marketing zur Umsatzsteigerungfantastische Kundenbindungsehr niedrige RetourenquotenMaximale Handelsspanne, minimaler AufwandTravall-Autozubeh\u00f6r, das zum besten seiner Klasse geh\u00f6rt, kann im Rahmen &#8230; <a href=\"https:\/\/b2b.travall.com\/de-eu\/\" class=\"more-link\">Read More<\/a><\/p>\n","protected":false},"author":1,"featured_media":0,"parent":0,"menu_order":0,"comment_status":"closed","ping_status":"closed","template":"template-blank-4.php","meta":[],"yoast_head":"<!-- This site is optimized with the Yoast SEO plugin v19.12 - https:\/\/yoast.com\/wordpress\/plugins\/seo\/ -->\n<title>Autozubeh\u00f6r nach Ma\u00df vom Weltmarktf\u00fchrer - Travall<\/title>\n<meta name=\"description\" content=\"Das Travall-Vertriebspartnerprogramm macht es f\u00fcr Sie so einfach wie m\u00f6glich, Ihre Kunden mit qualitativ hochwertigem Autozubeh\u00f6r zu beliefern.\" \/>\n<meta name=\"robots\" content=\"index, follow, max-snippet:-1, max-image-preview:large, max-video-preview:-1\" \/>\n<link rel=\"canonical\" href=\"https:\/\/b2b.travall.com\/de-eu\/\" \/>\n<meta property=\"og:locale\" content=\"de_DE\" \/>\n<meta property=\"og:type\" content=\"article\" \/>\n<meta property=\"og:title\" content=\"Autozubeh\u00f6r nach Ma\u00df vom Weltmarktf\u00fchrer - Travall\" \/>\n<meta property=\"og:description\" content=\"Das Travall-Vertriebspartnerprogramm macht es f\u00fcr Sie so einfach wie m\u00f6glich, Ihre Kunden mit qualitativ hochwertigem Autozubeh\u00f6r zu beliefern.\" \/>\n<meta property=\"og:url\" content=\"https:\/\/b2b.travall.com\/de-eu\/\" \/>\n<meta property=\"og:site_name\" content=\"Travall B2B DE Site\" \/>\n<meta property=\"article:modified_time\" content=\"2022-12-15T13:13:22+00:00\" \/>\n<meta name=\"twitter:card\" content=\"summary_large_image\" \/>\n<meta name=\"twitter:label1\" content=\"Gesch\u00e4tzte Lesezeit\" \/>\n\t<meta name=\"twitter:data1\" content=\"5\u00a0Minuten\" \/>\n<script type=\"application\/ld+json\" class=\"yoast-schema-graph\">{\"@context\":\"https:\/\/schema.org\",\"@graph\":[{\"@type\":\"WebPage\",\"@id\":\"https:\/\/b2b.travall.com\/de-eu\/\",\"url\":\"https:\/\/b2b.travall.com\/de-eu\/\",\"name\":\"Autozubeh\u00f6r nach Ma\u00df vom Weltmarktf\u00fchrer - Travall\",\"isPartOf\":{\"@id\":\"https:\/\/b2b.travall.com\/de-eu\/#website\"},\"datePublished\":\"2020-01-23T18:12:26+00:00\",\"dateModified\":\"2022-12-15T13:13:22+00:00\",\"description\":\"Das Travall-Vertriebspartnerprogramm macht es f\u00fcr Sie so einfach wie m\u00f6glich, Ihre Kunden mit qualitativ hochwertigem Autozubeh\u00f6r zu beliefern.\",\"breadcrumb\":{\"@id\":\"https:\/\/b2b.travall.com\/de-eu\/#breadcrumb\"},\"inLanguage\":\"de\",\"potentialAction\":[{\"@type\":\"ReadAction\",\"target\":[\"https:\/\/b2b.travall.com\/de-eu\/\"]}]},{\"@type\":\"BreadcrumbList\",\"@id\":\"https:\/\/b2b.travall.com\/de-eu\/#breadcrumb\",\"itemListElement\":[{\"@type\":\"ListItem\",\"position\":1,\"name\":\"Home\",\"item\":\"https:\/\/b2b.travall.com\/de-eu\/\"},{\"@type\":\"ListItem\",\"position\":2,\"name\":\"Home\"}]},{\"@type\":\"WebSite\",\"@id\":\"https:\/\/b2b.travall.com\/de-eu\/#website\",\"url\":\"https:\/\/b2b.travall.com\/de-eu\/\",\"name\":\"Travall B2B DE Site\",\"description\":\"Now you can really have it all\",\"potentialAction\":[{\"@type\":\"SearchAction\",\"target\":{\"@type\":\"EntryPoint\",\"urlTemplate\":\"https:\/\/b2b.travall.com\/de-eu\/?s={search_term_string}\"},\"query-input\":\"required name=search_term_string\"}],\"inLanguage\":\"de\"}]}<\/script>\n<!-- \/ Yoast SEO plugin. -->","yoast_head_json":{"title":"Autozubeh\u00f6r nach Ma\u00df vom Weltmarktf\u00fchrer - Travall","description":"Das Travall-Vertriebspartnerprogramm macht es f\u00fcr Sie so einfach wie m\u00f6glich, Ihre Kunden mit qualitativ hochwertigem Autozubeh\u00f6r zu beliefern.","robots":{"index":"index","follow":"follow","max-snippet":"max-snippet:-1","max-image-preview":"max-image-preview:large","max-video-preview":"max-video-preview:-1"},"canonical":"https:\/\/b2b.travall.com\/de-eu\/","og_locale":"de_DE","og_type":"article","og_title":"Autozubeh\u00f6r nach Ma\u00df vom Weltmarktf\u00fchrer - Travall","og_description":"Das Travall-Vertriebspartnerprogramm macht es f\u00fcr Sie so einfach wie m\u00f6glich, Ihre Kunden mit qualitativ hochwertigem Autozubeh\u00f6r zu beliefern.","og_url":"https:\/\/b2b.travall.com\/de-eu\/","og_site_name":"Travall B2B DE Site","article_modified_time":"2022-12-15T13:13:22+00:00","twitter_card":"summary_large_image","twitter_misc":{"Gesch\u00e4tzte Lesezeit":"5\u00a0Minuten"},"schema":{"@context":"https:\/\/schema.org","@graph":[{"@type":"WebPage","@id":"https:\/\/b2b.travall.com\/de-eu\/","url":"https:\/\/b2b.travall.com\/de-eu\/","name":"Autozubeh\u00f6r nach Ma\u00df vom Weltmarktf\u00fchrer - Travall","isPartOf":{"@id":"https:\/\/b2b.travall.com\/de-eu\/#website"},"datePublished":"2020-01-23T18:12:26+00:00","dateModified":"2022-12-15T13:13:22+00:00","description":"Das Travall-Vertriebspartnerprogramm macht es f\u00fcr Sie so einfach wie m\u00f6glich, Ihre Kunden mit qualitativ hochwertigem Autozubeh\u00f6r zu beliefern.","breadcrumb":{"@id":"https:\/\/b2b.travall.com\/de-eu\/#breadcrumb"},"inLanguage":"de","potentialAction":[{"@type":"ReadAction","target":["https:\/\/b2b.travall.com\/de-eu\/"]}]},{"@type":"BreadcrumbList","@id":"https:\/\/b2b.travall.com\/de-eu\/#breadcrumb","itemListElement":[{"@type":"ListItem","position":1,"name":"Home","item":"https:\/\/b2b.travall.com\/de-eu\/"},{"@type":"ListItem","position":2,"name":"Home"}]},{"@type":"WebSite","@id":"https:\/\/b2b.travall.com\/de-eu\/#website","url":"https:\/\/b2b.travall.com\/de-eu\/","name":"Travall B2B DE Site","description":"Now you can really have it all","potentialAction":[{"@type":"SearchAction","target":{"@type":"EntryPoint","urlTemplate":"https:\/\/b2b.travall.com\/de-eu\/?s={search_term_string}"},"query-input":"required name=search_term_string"}],"inLanguage":"de"}]}},"_links":{"self":[{"href":"https:\/\/b2b.travall.com\/de-eu\/wp-json\/wp\/v2\/pages\/14"}],"collection":[{"href":"https:\/\/b2b.travall.com\/de-eu\/wp-json\/wp\/v2\/pages"}],"about":[{"href":"https:\/\/b2b.travall.com\/de-eu\/wp-json\/wp\/v2\/types\/page"}],"author":[{"embeddable":true,"href":"https:\/\/b2b.travall.com\/de-eu\/wp-json\/wp\/v2\/users\/1"}],"replies":[{"embeddable":true,"href":"https:\/\/b2b.travall.com\/de-eu\/wp-json\/wp\/v2\/comments?post=14"}],"version-history":[{"count":4,"href":"https:\/\/b2b.travall.com\/de-eu\/wp-json\/wp\/v2\/pages\/14\/revisions"}],"predecessor-version":[{"id":768,"href":"https:\/\/b2b.travall.com\/de-eu\/wp-json\/wp\/v2\/pages\/14\/revisions\/768"}],"wp:attachment":[{"href":"https:\/\/b2b.travall.com\/de-eu\/wp-json\/wp\/v2\/media?parent=14"}],"curies":[{"name":"wp","href":"https:\/\/api.w.org\/{rel}","templated":true}]}}